{"id":1504,"date":"2016-12-30T11:08:43","date_gmt":"2016-12-30T09:08:43","guid":{"rendered":"https:\/\/oudpapiermichel.be\/?page_id=1504&#038;lang=en"},"modified":"2017-11-03T11:11:35","modified_gmt":"2017-11-03T09:11:35","slug":"services","status":"publish","type":"page","link":"https:\/\/oudpapiermichel.be\/en\/services\/","title":{"rendered":"Services"},"content":{"rendered":"<div id=\"pl-1504\"  class=\"panel-layout\" ><div id=\"pg-1504-0\"  class=\"panel-grid panel-no-style\" ><div id=\"pgc-1504-0-0\"  class=\"panel-grid-cell\" ><div id=\"panel-1504-0-0-0\" class=\"so-panel widget widget_pw_featured_page widget-featured-page panel-first-child panel-last-child\" data-index=\"0\" >\n\t<div class=\"page-box  page-box--block\">\n\t\t\t\t<div class=\"page-box__content\">\n\t\t\t<h4 class=\"page-box__title\"><a href=\"https:\/\/oudpapiermichel.be\/en\/contact-us\/\">Contact us<\/a><\/h4>\n\t\t\t<p class=\"page-box__text\">A good, warm and personal relation with our customers and suppliers is very important to us. We would appreciate the chance to get in touch with &hellip;<\/p>\n\t\t\t\t\t<\/div>\n\t<\/div>\n\n<\/div><\/div><div id=\"pgc-1504-0-1\"  class=\"panel-grid-cell\" ><div id=\"panel-1504-0-1-0\" class=\"so-panel widget widget_pw_featured_page widget-featured-page panel-first-child panel-last-child\" data-index=\"1\" >\n\t<div class=\"page-box  page-box--block\">\n\t\t\t\t<div class=\"page-box__content\">\n\t\t\t<h4 class=\"page-box__title\"><a href=\"https:\/\/oudpapiermichel.be\/en\/contact-us\/\">Contact us<\/a><\/h4>\n\t\t\t<p class=\"page-box__text\">A good, warm and personal relation with our customers and suppliers is very important to us. We would appreciate the chance to get in touch with &hellip;<\/p>\n\t\t\t\t\t<\/div>\n\t<\/div>\n\n<\/div><\/div><div id=\"pgc-1504-0-2\"  class=\"panel-grid-cell\" ><div id=\"panel-1504-0-2-0\" class=\"so-panel widget widget_pw_featured_page widget-featured-page panel-first-child panel-last-child\" data-index=\"2\" >\n\t<div class=\"page-box  page-box--block\">\n\t\t\t\t\t<a class=\"page-box__picture\" href=\"https:\/\/oudpapiermichel.be\/fr\/diensten\/sortering\/\">\n\t\t\t\t<img src=\"https:\/\/oudpapiermichel.be\/wp-content\/uploads\/2016\/08\/container.jpg\" width=\"332\" height=\"142\" srcset=\"https:\/\/oudpapiermichel.be\/wp-content\/uploads\/2016\/08\/container.jpg 332w, https:\/\/oudpapiermichel.be\/wp-content\/uploads\/2016\/08\/container.jpg 332w\" sizes=\"(min-width: 992px) 360px, calc(100vw - 30px)\" class=\"wp-post-image\" alt=\"Triage\">\n\t\t\t\t\t\t\t<\/a>\n\t\t\t\t<div class=\"page-box__content\">\n\t\t\t<h4 class=\"page-box__title\"><a href=\"https:\/\/oudpapiermichel.be\/fr\/diensten\/sortering\/\">Triage<\/a><\/h4>\n\t\t\t<p class=\"page-box__text\">Etappe 3:\r\nTriage\r\nTout le papier collect\u00e9 est envoy\u00e9 \u00e0 Bruxelles ou \u00e0 Anvers pour y \u00eatre tri\u00e9.<\/p>\n\t\t\t\t\t<\/div>\n\t<\/div>\n\n<\/div><\/div><\/div><div id=\"pg-1504-1\"  class=\"panel-grid panel-no-style\" ><div id=\"pgc-1504-1-0\"  class=\"panel-grid-cell\" ><div id=\"panel-1504-1-0-0\" class=\"so-panel widget widget_pw_featured_page widget-featured-page panel-first-child panel-last-child\" data-index=\"3\" >\n\t<div class=\"page-box  page-box--block\">\n\t\t\t\t\t<a class=\"page-box__picture\" href=\"https:\/\/oudpapiermichel.be\/fr\/diensten\/verwerking\/\">\n\t\t\t\t<img src=\"https:\/\/oudpapiermichel.be\/wp-content\/uploads\/2016\/08\/karton-360x161.jpg\" width=\"360\" height=\"161\" srcset=\"https:\/\/oudpapiermichel.be\/wp-content\/uploads\/2016\/08\/karton-360x161.jpg 360w, https:\/\/oudpapiermichel.be\/wp-content\/uploads\/2016\/08\/karton.jpg 481w\" sizes=\"(min-width: 992px) 360px, calc(100vw - 30px)\" class=\"wp-post-image\" alt=\"Recyclage\">\n\t\t\t\t\t\t\t<\/a>\n\t\t\t\t<div class=\"page-box__content\">\n\t\t\t<h4 class=\"page-box__title\"><a href=\"https:\/\/oudpapiermichel.be\/fr\/diensten\/verwerking\/\">Recyclage<\/a><\/h4>\n\t\t\t<p class=\"page-box__text\">Etappe 4:\r\nTout le papier collect\u00e9 est envoy\u00e9 \u00e0 Bruxelles ou \u00e0 Anvers pour y \u00eatre tri\u00e9, press\u00e9 et recycl\u00e9. Le produit final est, quant &hellip;<\/p>\n\t\t\t\t\t<\/div>\n\t<\/div>\n\n<\/div><\/div><div id=\"pgc-1504-1-1\"  class=\"panel-grid-cell panel-grid-cell-empty panel-grid-cell-mobile-last\" ><\/div><div id=\"pgc-1504-1-2\"  class=\"panel-grid-cell panel-grid-cell-empty\" ><\/div><\/div><\/div>","protected":false},"excerpt":{"rendered":"<p>Contact us A good, warm and personal relation with our customers and suppliers is very important to us. We would appreciate the chance to get in touch with &hellip; Contact us A good, warm and personal relation with our customers and suppliers is very important to us. We would appreciate the chance to get in &hellip;<\/p>\n","protected":false},"author":1,"featured_media":0,"parent":0,"menu_order":0,"comment_status":"closed","ping_status":"closed","template":"","meta":[],"acf":[],"yoast_head":"<!-- This site is optimized with the Yoast SEO plugin v20.3 - https:\/\/yoast.com\/wordpress\/plugins\/seo\/ -->\n<title>Services - Oud Papier Jozef Michel NV<\/title>\n<meta name=\"robots\" content=\"index, follow, max-snippet:-1, max-image-preview:large, max-video-preview:-1\" \/>\n<link rel=\"canonical\" href=\"https:\/\/oudpapiermichel.be\/en\/services\/\" \/>\n<meta property=\"og:locale\" content=\"en_US\" \/>\n<meta property=\"og:type\" content=\"article\" \/>\n<meta property=\"og:title\" content=\"Services - Oud Papier Jozef Michel NV\" \/>\n<meta property=\"og:description\" content=\"Contact us A good, warm and personal relation with our customers and suppliers is very important to us. We would appreciate the chance to get in touch with &hellip; Contact us A good, warm and personal relation with our customers and suppliers is very important to us. We would appreciate the chance to get in &hellip;\" \/>\n<meta property=\"og:url\" content=\"https:\/\/oudpapiermichel.be\/en\/services\/\" \/>\n<meta property=\"og:site_name\" content=\"Oud Papier Jozef Michel NV\" \/>\n<meta property=\"article:modified_time\" content=\"2017-11-03T09:11:35+00:00\" \/>\n<meta property=\"og:image\" content=\"https:\/\/oudpapiermichel.be\/wp-content\/uploads\/2016\/08\/container.jpg\" \/>\n<meta name=\"twitter:card\" content=\"summary_large_image\" \/>\n<script type=\"application\/ld+json\" class=\"yoast-schema-graph\">{\"@context\":\"https:\/\/schema.org\",\"@graph\":[{\"@type\":\"WebPage\",\"@id\":\"https:\/\/oudpapiermichel.be\/en\/services\/\",\"url\":\"https:\/\/oudpapiermichel.be\/en\/services\/\",\"name\":\"Services - Oud Papier Jozef Michel NV\",\"isPartOf\":{\"@id\":\"https:\/\/oudpapiermichel.be\/#website\"},\"datePublished\":\"2016-12-30T09:08:43+00:00\",\"dateModified\":\"2017-11-03T09:11:35+00:00\",\"breadcrumb\":{\"@id\":\"https:\/\/oudpapiermichel.be\/en\/services\/#breadcrumb\"},\"inLanguage\":\"en-US\",\"potentialAction\":[{\"@type\":\"ReadAction\",\"target\":[\"https:\/\/oudpapiermichel.be\/en\/services\/\"]}]},{\"@type\":\"BreadcrumbList\",\"@id\":\"https:\/\/oudpapiermichel.be\/en\/services\/#breadcrumb\",\"itemListElement\":[{\"@type\":\"ListItem\",\"position\":1,\"name\":\"Home\",\"item\":\"https:\/\/oudpapiermichel.be\/en\/\"},{\"@type\":\"ListItem\",\"position\":2,\"name\":\"Services\"}]},{\"@type\":\"WebSite\",\"@id\":\"https:\/\/oudpapiermichel.be\/#website\",\"url\":\"https:\/\/oudpapiermichel.be\/\",\"name\":\"Oud Papier Jozef Michel NV\",\"description\":\"Specialisten in oud papier\",\"potentialAction\":[{\"@type\":\"SearchAction\",\"target\":{\"@type\":\"EntryPoint\",\"urlTemplate\":\"https:\/\/oudpapiermichel.be\/?s={search_term_string}\"},\"query-input\":\"required name=search_term_string\"}],\"inLanguage\":\"en-US\"}]}<\/script>\n<!-- \/ Yoast SEO plugin. -->","yoast_head_json":{"title":"Services - Oud Papier Jozef Michel NV","robots":{"index":"index","follow":"follow","max-snippet":"max-snippet:-1","max-image-preview":"max-image-preview:large","max-video-preview":"max-video-preview:-1"},"canonical":"https:\/\/oudpapiermichel.be\/en\/services\/","og_locale":"en_US","og_type":"article","og_title":"Services - Oud Papier Jozef Michel NV","og_description":"Contact us A good, warm and personal relation with our customers and suppliers is very important to us. We would appreciate the chance to get in touch with &hellip; Contact us A good, warm and personal relation with our customers and suppliers is very important to us. We would appreciate the chance to get in &hellip;","og_url":"https:\/\/oudpapiermichel.be\/en\/services\/","og_site_name":"Oud Papier Jozef Michel NV","article_modified_time":"2017-11-03T09:11:35+00:00","og_image":[{"url":"https:\/\/oudpapiermichel.be\/wp-content\/uploads\/2016\/08\/container.jpg"}],"twitter_card":"summary_large_image","schema":{"@context":"https:\/\/schema.org","@graph":[{"@type":"WebPage","@id":"https:\/\/oudpapiermichel.be\/en\/services\/","url":"https:\/\/oudpapiermichel.be\/en\/services\/","name":"Services - Oud Papier Jozef Michel NV","isPartOf":{"@id":"https:\/\/oudpapiermichel.be\/#website"},"datePublished":"2016-12-30T09:08:43+00:00","dateModified":"2017-11-03T09:11:35+00:00","breadcrumb":{"@id":"https:\/\/oudpapiermichel.be\/en\/services\/#breadcrumb"},"inLanguage":"en-US","potentialAction":[{"@type":"ReadAction","target":["https:\/\/oudpapiermichel.be\/en\/services\/"]}]},{"@type":"BreadcrumbList","@id":"https:\/\/oudpapiermichel.be\/en\/services\/#breadcrumb","itemListElement":[{"@type":"ListItem","position":1,"name":"Home","item":"https:\/\/oudpapiermichel.be\/en\/"},{"@type":"ListItem","position":2,"name":"Services"}]},{"@type":"WebSite","@id":"https:\/\/oudpapiermichel.be\/#website","url":"https:\/\/oudpapiermichel.be\/","name":"Oud Papier Jozef Michel NV","description":"Specialisten in oud papier","potentialAction":[{"@type":"SearchAction","target":{"@type":"EntryPoint","urlTemplate":"https:\/\/oudpapiermichel.be\/?s={search_term_string}"},"query-input":"required name=search_term_string"}],"inLanguage":"en-US"}]}},"_links":{"self":[{"href":"https:\/\/oudpapiermichel.be\/en\/wp-json\/wp\/v2\/pages\/1504"}],"collection":[{"href":"https:\/\/oudpapiermichel.be\/en\/wp-json\/wp\/v2\/pages"}],"about":[{"href":"https:\/\/oudpapiermichel.be\/en\/wp-json\/wp\/v2\/types\/page"}],"author":[{"embeddable":true,"href":"https:\/\/oudpapiermichel.be\/en\/wp-json\/wp\/v2\/users\/1"}],"replies":[{"embeddable":true,"href":"https:\/\/oudpapiermichel.be\/en\/wp-json\/wp\/v2\/comments?post=1504"}],"version-history":[{"count":4,"href":"https:\/\/oudpapiermichel.be\/en\/wp-json\/wp\/v2\/pages\/1504\/revisions"}],"predecessor-version":[{"id":1959,"href":"https:\/\/oudpapiermichel.be\/en\/wp-json\/wp\/v2\/pages\/1504\/revisions\/1959"}],"wp:attachment":[{"href":"https:\/\/oudpapiermichel.be\/en\/wp-json\/wp\/v2\/media?parent=1504"}],"curies":[{"name":"wp","href":"https:\/\/api.w.org\/{rel}","templated":true}]}}