{"id":1103,"date":"2016-08-08T12:06:39","date_gmt":"2016-08-08T12:06:39","guid":{"rendered":"http:\/\/oudpapiermichel.be\/2016\/index.php\/sample-page\/?lang=fr"},"modified":"2018-04-17T08:55:04","modified_gmt":"2018-04-17T06:55:04","slug":"sample-page","status":"publish","type":"page","link":"https:\/\/oudpapiermichel.be\/fr\/","title":{"rendered":"Vieux papier Jozef Michel NV"},"content":{"rendered":"<div id=\"pl-1103\"  class=\"panel-layout\" ><div id=\"pg-1103-0\"  class=\"panel-grid panel-has-style\" ><div class=\"panel-row-style panel-row-style-for-1103-0\" ><div id=\"pgc-1103-0-0\"  class=\"panel-grid-cell\" ><div id=\"panel-1103-0-0-0\" class=\"so-panel widget widget_text panel-first-child\" data-index=\"0\" ><h3 class=\"widget-title\"><span class=\"widget-title__inline\">Ramassage des vieux papiers<\/span><\/h3>\t\t\t<div class=\"textwidget\">Oud Papier Jozef Michel recycle le papier depuis plus de 65 ans d\u00e9j\u00e0.<\/div>\n\t\t<\/div><div id=\"panel-1103-0-0-1\" class=\"so-panel widget widget_sow-button panel-last-child\" data-index=\"1\" ><div\n\t\t\t\n\t\t\tclass=\"so-widget-sow-button so-widget-sow-button-flat-02145b2d03f6-1103\"\n\t\t\t\n\t\t><div class=\"ow-button-base ow-button-align-left\">\n\t<a href=\"https:\/\/oudpapiermichel.be\/fr\/logistique\/\" class=\"ow-icon-placement-left\" \t\t>\n\t\t<span>\n\t\t\t\n\t\t\t<b>LIRE LA SUITE<\/b>\t\t<\/span>\n\t<\/a>\n<\/div>\n<\/div><\/div><\/div><div id=\"pgc-1103-0-1\"  class=\"panel-grid-cell\" ><div id=\"panel-1103-0-1-0\" class=\"so-panel widget widget_text panel-first-child\" data-index=\"2\" ><h3 class=\"widget-title\"><span class=\"widget-title__inline\">Secteurs<\/span><\/h3>\t\t\t<div class=\"textwidget\"><p><i class=\"fa fa-truck\" aria-hidden=\"true\"><\/i> Secteur logistique<br \/>\n<i class=\"fa fa-paint-brush\" aria-hidden=\"true\"><\/i> Industrie de l'imprimerie<br \/>\n<i class=\"fa fa-ship\" aria-hidden=\"true\"><\/i> Port<br \/>\n<i class=\"fa fa-industry\" aria-hidden=\"true\"><\/i> Industrie<br \/>\n<i class=\"fa fa-briefcase\" aria-hidden=\"true\"><\/i> Associations \/ PME<\/p>\n<\/div>\n\t\t<\/div><div id=\"panel-1103-0-1-1\" class=\"so-panel widget widget_sow-button panel-last-child\" data-index=\"3\" ><div\n\t\t\t\n\t\t\tclass=\"so-widget-sow-button so-widget-sow-button-flat-02145b2d03f6-1103\"\n\t\t\t\n\t\t><div class=\"ow-button-base ow-button-align-left\">\n\t<a href=\"#\" class=\"ow-icon-placement-left\" \t\t>\n\t\t<span>\n\t\t\t\n\t\t\t<b>LIRE LA SUITE<\/b>\t\t<\/span>\n\t<\/a>\n<\/div>\n<\/div><\/div><\/div><\/div><\/div><div id=\"pg-1103-1\"  class=\"panel-grid panel-has-style\" ><div class=\"siteorigin-panels-stretch panel-row-style panel-row-style-for-1103-1\" data-stretch-type=\"full\" ><div id=\"pgc-1103-1-0\"  class=\"panel-grid-cell\" ><div id=\"panel-1103-1-0-0\" class=\"so-panel widget widget_pw_call_to_action widget-call-to-action panel-first-child panel-last-child\" data-index=\"4\" >\t\t\t\t<div class=\"call-to-action\">\n\t\t\t\t\t<div class=\"call-to-action__text\">\n\t\t\t\t\t\t<h4 class=\"call-to-action__title\">\n\t\t\t\t\t\t\tLe meilleur prix pour<b> votre papier<\/b>\t\t\t\t\t\t<\/h4>\n\t\t\t\t\t\t\t\t\t\t\t<\/div>\n\t\t\t\t\t<div class=\"call-to-action__button\">\n\t\t\t\t\t\t<a class=\"btn  btn-primary\" href=\"https:\/\/oudpapiermichel.be\/addresses-dachat\/?lang=fr\" target=\"_self\"> addresses d'achats<\/a><a class=\"btn  btn-primary\" href=\"https:\/\/oudpapiermichel.be\/contacteer-ons\/?lang=fr\" target=\"_self\"> Offre<\/a><a class=\"btn  btn-primary\" href=\"https:\/\/oudpapiermichel.be\/diensten\/papierslagen\/?lang=fr\" target=\"_self\"> Collecte de papier<\/a>\t\t\t\t\t<\/div>\n\t\t\t\t<\/div>\n\t\t\t<\/div><\/div><\/div><\/div><div id=\"pg-1103-2\"  class=\"panel-grid panel-no-style\" ><div id=\"pgc-1103-2-0\"  class=\"panel-grid-cell\" ><div id=\"panel-1103-2-0-0\" class=\"so-panel widget widget_pw_featured_page widget-featured-page panel-first-child panel-last-child\" data-index=\"5\" >\n\t<div class=\"page-box  page-box--inline\">\n\t\t\t\t\t<a class=\"page-box__picture\" href=\"https:\/\/oudpapiermichel.be\/fr\/historique\/\"><img width=\"100\" height=\"70\" src=\"https:\/\/oudpapiermichel.be\/wp-content\/uploads\/2016\/08\/camions1-100x70.jpg\" class=\"attachment-pw-inline size-pw-inline wp-post-image\" alt=\"\" loading=\"lazy\" \/><\/a>\n\t\t\t\t<div class=\"page-box__content\">\n\t\t\t<h4 class=\"page-box__title\"><a href=\"https:\/\/oudpapiermichel.be\/fr\/historique\/\">Historique<\/a><\/h4>\n\t\t\t<p class=\"page-box__text\">65 ans de collecte du papier\r\nOud Papier Jozef Michel est &hellip;<\/p>\n\t\t\t\t\t<\/div>\n\t<\/div>\n\n<\/div><\/div><div id=\"pgc-1103-2-1\"  class=\"panel-grid-cell\" ><div id=\"panel-1103-2-1-0\" class=\"so-panel widget widget_pw_featured_page widget-featured-page panel-first-child panel-last-child\" data-index=\"6\" >\n\t<div class=\"page-box  page-box--inline\">\n\t\t\t\t\t<a class=\"page-box__picture\" href=\"https:\/\/oudpapiermichel.be\/fr\/wat-we-doen\/\"><img width=\"100\" height=\"70\" src=\"https:\/\/oudpapiermichel.be\/wp-content\/uploads\/2016\/08\/papier-verwerking-1-100x70.jpg\" class=\"attachment-pw-inline size-pw-inline wp-post-image\" alt=\"\" loading=\"lazy\" \/><\/a>\n\t\t\t\t<div class=\"page-box__content\">\n\t\t\t<h4 class=\"page-box__title\"><a href=\"https:\/\/oudpapiermichel.be\/fr\/wat-we-doen\/\">Que faisons-nous?<\/a><\/h4>\n\t\t\t<p class=\"page-box__text\">Un maillon indispensable dans la cha\u00eene du recyclage\r\nRamassage &hellip;<\/p>\n\t\t\t\t\t<\/div>\n\t<\/div>\n\n<\/div><\/div><div id=\"pgc-1103-2-2\"  class=\"panel-grid-cell\" ><div id=\"panel-1103-2-2-0\" class=\"so-panel widget widget_pw_featured_page widget-featured-page panel-first-child panel-last-child\" data-index=\"7\" >\n\t<div class=\"page-box  page-box--inline\">\n\t\t\t\t\t<a class=\"page-box__picture\" href=\"https:\/\/oudpapiermichel.be\/fr\/logistique\/\"><img width=\"100\" height=\"70\" src=\"https:\/\/oudpapiermichel.be\/wp-content\/uploads\/2016\/08\/container-100x70.jpg\" class=\"attachment-pw-inline size-pw-inline wp-post-image\" alt=\"\" loading=\"lazy\" \/><\/a>\n\t\t\t\t<div class=\"page-box__content\">\n\t\t\t<h4 class=\"page-box__title\"><a href=\"https:\/\/oudpapiermichel.be\/fr\/logistique\/\">Logistique<\/a><\/h4>\n\t\t\t<p class=\"page-box__text\">Vaste flotte, service ponctuel!\n\n\tAvec notre vaste flotte &hellip;<\/p>\n\t\t\t\t\t<\/div>\n\t<\/div>\n\n<\/div><\/div><\/div><div id=\"pg-1103-3\"  class=\"panel-grid panel-no-style\" ><div id=\"pgc-1103-3-0\"  class=\"panel-grid-cell\" ><div id=\"panel-1103-3-0-0\" class=\"so-panel widget widget_pw_featured_page widget-featured-page panel-first-child panel-last-child\" data-index=\"8\" >\n\t<div class=\"page-box  page-box--inline\">\n\t\t\t\t\t<a class=\"page-box__picture\" href=\"https:\/\/oudpapiermichel.be\/fr\/addresses-dachat\/\"><img width=\"100\" height=\"70\" src=\"https:\/\/oudpapiermichel.be\/wp-content\/uploads\/2016\/08\/euro-briejes-OPJM-100x70.jpg\" class=\"attachment-pw-inline size-pw-inline wp-post-image\" alt=\"Geld voor uw papier\" loading=\"lazy\" \/><\/a>\n\t\t\t\t<div class=\"page-box__content\">\n\t\t\t<h4 class=\"page-box__title\"><a href=\"https:\/\/oudpapiermichel.be\/fr\/addresses-dachat\/\">Addresses d'achat<\/a><\/h4>\n\t\t\t<p class=\"page-box__text\">Vous pouvez soumettre votre papier dans un de nos addresses &hellip;<\/p>\n\t\t\t\t\t<\/div>\n\t<\/div>\n\n<\/div><\/div><div id=\"pgc-1103-3-1\"  class=\"panel-grid-cell\" ><div id=\"panel-1103-3-1-0\" class=\"so-panel widget widget_pw_featured_page widget-featured-page panel-first-child panel-last-child\" data-index=\"9\" >\n\t<div class=\"page-box  page-box--inline\">\n\t\t\t\t\t<a class=\"page-box__picture\" href=\"https:\/\/oudpapiermichel.be\/fr\/papierslagen\/\"><img width=\"100\" height=\"70\" src=\"https:\/\/oudpapiermichel.be\/wp-content\/uploads\/2016\/08\/Luccaalsscout-100x70.jpg\" class=\"attachment-pw-inline size-pw-inline wp-post-image\" alt=\"\" loading=\"lazy\" \/><\/a>\n\t\t\t\t<div class=\"page-box__content\">\n\t\t\t<h4 class=\"page-box__title\"><a href=\"https:\/\/oudpapiermichel.be\/fr\/papierslagen\/\">Collecte de papier<\/a><\/h4>\n\t\t\t<p class=\"page-box__text\">Collecte de papier\r\nLa gestion de la collecte de papier &hellip;<\/p>\n\t\t\t\t\t<\/div>\n\t<\/div>\n\n<\/div><\/div><div id=\"pgc-1103-3-2\"  class=\"panel-grid-cell\" ><div id=\"panel-1103-3-2-0\" class=\"so-panel widget widget_pw_featured_page widget-featured-page panel-first-child panel-last-child\" data-index=\"10\" >\n\t<div class=\"page-box  page-box--inline\">\n\t\t\t\t\t<a class=\"page-box__picture\" href=\"https:\/\/oudpapiermichel.be\/fr\/diensten\/verwerking\/\"><img width=\"100\" height=\"70\" src=\"https:\/\/oudpapiermichel.be\/wp-content\/uploads\/2016\/08\/karton-100x70.jpg\" class=\"attachment-pw-inline size-pw-inline wp-post-image\" alt=\"verwerking van karton\" loading=\"lazy\" \/><\/a>\n\t\t\t\t<div class=\"page-box__content\">\n\t\t\t<h4 class=\"page-box__title\"><a href=\"https:\/\/oudpapiermichel.be\/fr\/diensten\/verwerking\/\">Recyclage<\/a><\/h4>\n\t\t\t<p class=\"page-box__text\">Etappe 4:\r\nTout le papier collect\u00e9 est envoy\u00e9 \u00e0 Bruxelles &hellip;<\/p>\n\t\t\t\t\t<\/div>\n\t<\/div>\n\n<\/div><\/div><\/div><\/div>","protected":false},"excerpt":{"rendered":"<p>Oud Papier Jozef Michel recycle le papier depuis plus de 65 ans d\u00e9j\u00e0. Secteur logistique Industrie de l&#8217;imprimerie Port Industrie Associations \/ PME<\/p>\n","protected":false},"author":1,"featured_media":0,"parent":0,"menu_order":0,"comment_status":"closed","ping_status":"open","template":"template-front-page-slider-alt.php","meta":[],"acf":[],"yoast_head":"<!-- This site is optimized with the Yoast SEO plugin v20.3 - https:\/\/yoast.com\/wordpress\/plugins\/seo\/ -->\n<title>Vieux papier Jozef Michel NV - Oud Papier Jozef Michel NV<\/title>\n<meta name=\"robots\" content=\"index, follow, max-snippet:-1, max-image-preview:large, max-video-preview:-1\" \/>\n<link rel=\"canonical\" href=\"https:\/\/oudpapiermichel.be\/fr\/\" \/>\n<meta property=\"og:locale\" content=\"fr_FR\" \/>\n<meta property=\"og:type\" content=\"article\" \/>\n<meta property=\"og:title\" content=\"Vieux papier Jozef Michel NV - Oud Papier Jozef Michel NV\" \/>\n<meta property=\"og:description\" content=\"Oud Papier Jozef Michel recycle le papier depuis plus de 65 ans d\u00e9j\u00e0. Secteur logistique Industrie de l&#039;imprimerie Port Industrie Associations \/ PME\" \/>\n<meta property=\"og:url\" content=\"https:\/\/oudpapiermichel.be\/fr\/\" \/>\n<meta property=\"og:site_name\" content=\"Oud Papier Jozef Michel NV\" \/>\n<meta property=\"article:modified_time\" content=\"2018-04-17T06:55:04+00:00\" \/>\n<meta name=\"twitter:card\" content=\"summary_large_image\" \/>\n<meta name=\"twitter:label1\" content=\"Dur\u00e9e de lecture estim\u00e9e\" \/>\n\t<meta name=\"twitter:data1\" content=\"1 minute\" \/>\n<script type=\"application\/ld+json\" class=\"yoast-schema-graph\">{\"@context\":\"https:\/\/schema.org\",\"@graph\":[{\"@type\":\"WebPage\",\"@id\":\"https:\/\/oudpapiermichel.be\/fr\/\",\"url\":\"https:\/\/oudpapiermichel.be\/fr\/\",\"name\":\"Vieux papier Jozef Michel NV - Oud Papier Jozef Michel NV\",\"isPartOf\":{\"@id\":\"https:\/\/oudpapiermichel.be\/#website\"},\"datePublished\":\"2016-08-08T12:06:39+00:00\",\"dateModified\":\"2018-04-17T06:55:04+00:00\",\"breadcrumb\":{\"@id\":\"https:\/\/oudpapiermichel.be\/fr\/#breadcrumb\"},\"inLanguage\":\"fr-FR\",\"potentialAction\":[{\"@type\":\"ReadAction\",\"target\":[\"https:\/\/oudpapiermichel.be\/fr\/\"]}]},{\"@type\":\"BreadcrumbList\",\"@id\":\"https:\/\/oudpapiermichel.be\/fr\/#breadcrumb\",\"itemListElement\":[{\"@type\":\"ListItem\",\"position\":1,\"name\":\"Home\",\"item\":\"https:\/\/oudpapiermichel.be\/fr\/\"},{\"@type\":\"ListItem\",\"position\":2,\"name\":\"Vieux papier Jozef Michel NV\"}]},{\"@type\":\"WebSite\",\"@id\":\"https:\/\/oudpapiermichel.be\/#website\",\"url\":\"https:\/\/oudpapiermichel.be\/\",\"name\":\"Oud Papier Jozef Michel NV\",\"description\":\"Specialisten in oud papier\",\"potentialAction\":[{\"@type\":\"SearchAction\",\"target\":{\"@type\":\"EntryPoint\",\"urlTemplate\":\"https:\/\/oudpapiermichel.be\/?s={search_term_string}\"},\"query-input\":\"required name=search_term_string\"}],\"inLanguage\":\"fr-FR\"}]}<\/script>\n<!-- \/ Yoast SEO plugin. -->","yoast_head_json":{"title":"Vieux papier Jozef Michel NV - Oud Papier Jozef Michel NV","robots":{"index":"index","follow":"follow","max-snippet":"max-snippet:-1","max-image-preview":"max-image-preview:large","max-video-preview":"max-video-preview:-1"},"canonical":"https:\/\/oudpapiermichel.be\/fr\/","og_locale":"fr_FR","og_type":"article","og_title":"Vieux papier Jozef Michel NV - Oud Papier Jozef Michel NV","og_description":"Oud Papier Jozef Michel recycle le papier depuis plus de 65 ans d\u00e9j\u00e0. Secteur logistique Industrie de l'imprimerie Port Industrie Associations \/ PME","og_url":"https:\/\/oudpapiermichel.be\/fr\/","og_site_name":"Oud Papier Jozef Michel NV","article_modified_time":"2018-04-17T06:55:04+00:00","twitter_card":"summary_large_image","twitter_misc":{"Dur\u00e9e de lecture estim\u00e9e":"1 minute"},"schema":{"@context":"https:\/\/schema.org","@graph":[{"@type":"WebPage","@id":"https:\/\/oudpapiermichel.be\/fr\/","url":"https:\/\/oudpapiermichel.be\/fr\/","name":"Vieux papier Jozef Michel NV - Oud Papier Jozef Michel NV","isPartOf":{"@id":"https:\/\/oudpapiermichel.be\/#website"},"datePublished":"2016-08-08T12:06:39+00:00","dateModified":"2018-04-17T06:55:04+00:00","breadcrumb":{"@id":"https:\/\/oudpapiermichel.be\/fr\/#breadcrumb"},"inLanguage":"fr-FR","potentialAction":[{"@type":"ReadAction","target":["https:\/\/oudpapiermichel.be\/fr\/"]}]},{"@type":"BreadcrumbList","@id":"https:\/\/oudpapiermichel.be\/fr\/#breadcrumb","itemListElement":[{"@type":"ListItem","position":1,"name":"Home","item":"https:\/\/oudpapiermichel.be\/fr\/"},{"@type":"ListItem","position":2,"name":"Vieux papier Jozef Michel NV"}]},{"@type":"WebSite","@id":"https:\/\/oudpapiermichel.be\/#website","url":"https:\/\/oudpapiermichel.be\/","name":"Oud Papier Jozef Michel NV","description":"Specialisten in oud papier","potentialAction":[{"@type":"SearchAction","target":{"@type":"EntryPoint","urlTemplate":"https:\/\/oudpapiermichel.be\/?s={search_term_string}"},"query-input":"required name=search_term_string"}],"inLanguage":"fr-FR"}]}},"_links":{"self":[{"href":"https:\/\/oudpapiermichel.be\/fr\/wp-json\/wp\/v2\/pages\/1103"}],"collection":[{"href":"https:\/\/oudpapiermichel.be\/fr\/wp-json\/wp\/v2\/pages"}],"about":[{"href":"https:\/\/oudpapiermichel.be\/fr\/wp-json\/wp\/v2\/types\/page"}],"author":[{"embeddable":true,"href":"https:\/\/oudpapiermichel.be\/fr\/wp-json\/wp\/v2\/users\/1"}],"replies":[{"embeddable":true,"href":"https:\/\/oudpapiermichel.be\/fr\/wp-json\/wp\/v2\/comments?post=1103"}],"version-history":[{"count":26,"href":"https:\/\/oudpapiermichel.be\/fr\/wp-json\/wp\/v2\/pages\/1103\/revisions"}],"predecessor-version":[{"id":2151,"href":"https:\/\/oudpapiermichel.be\/fr\/wp-json\/wp\/v2\/pages\/1103\/revisions\/2151"}],"wp:attachment":[{"href":"https:\/\/oudpapiermichel.be\/fr\/wp-json\/wp\/v2\/media?parent=1103"}],"curies":[{"name":"wp","href":"https:\/\/api.w.org\/{rel}","templated":true}]}}