{"id":1108,"date":"2016-08-12T12:08:06","date_gmt":"2016-08-12T12:08:06","guid":{"rendered":"http:\/\/oudpapiermichel.be\/2016\/index.php\/verwerking\/?lang=fr"},"modified":"2017-02-16T10:00:41","modified_gmt":"2017-02-16T08:00:41","slug":"verwerking","status":"publish","type":"page","link":"https:\/\/oudpapiermichel.be\/fr\/diensten\/verwerking\/","title":{"rendered":"Recyclage"},"content":{"rendered":"<h2>Etappe 4:<\/h2>\n<p>Tout le papier collect\u00e9 est envoy\u00e9 \u00e0 Bruxelles ou \u00e0 Anvers pour y \u00eatre tri\u00e9, press\u00e9 et recycl\u00e9. Le produit final est, quant \u00e0 lui, destin\u00e9 \u00e0 nos clients aux quatre coins du monde. Votre entreprise contribue ainsi, elle aussi, \u00e0 pr\u00e9server notre environnement.<\/p>\n<p><img decoding=\"async\" loading=\"lazy\" class=\"size-full wp-image-1013 alignleft\" src=\"http:\/\/oudpapiermichel.be\/wp-content\/uploads\/2016\/08\/balen.jpg\" alt=\"balen\" width=\"481\" height=\"81\" srcset=\"https:\/\/oudpapiermichel.be\/wp-content\/uploads\/2016\/08\/balen.jpg 481w, https:\/\/oudpapiermichel.be\/wp-content\/uploads\/2016\/08\/balen-300x51.jpg 300w, https:\/\/oudpapiermichel.be\/wp-content\/uploads\/2016\/08\/balen-480x81.jpg 480w\" sizes=\"(max-width: 481px) 100vw, 481px\" \/><\/p>\n<h2><\/h2>\n<p>&nbsp;<\/p>\n","protected":false},"excerpt":{"rendered":"<p>Etappe 4: Tout le papier collect\u00e9 est envoy\u00e9 \u00e0 Bruxelles ou \u00e0 Anvers pour y \u00eatre tri\u00e9, press\u00e9 et recycl\u00e9. Le produit final est, quant \u00e0 lui, destin\u00e9 \u00e0 nos clients aux quatre coins du monde. Votre entreprise contribue ainsi, elle aussi, \u00e0 pr\u00e9server notre environnement. &nbsp;<\/p>\n","protected":false},"author":1,"featured_media":1014,"parent":1189,"menu_order":0,"comment_status":"closed","ping_status":"closed","template":"","meta":[],"acf":[],"yoast_head":"<!-- This site is optimized with the Yoast SEO plugin v20.3 - https:\/\/yoast.com\/wordpress\/plugins\/seo\/ -->\n<title>Recyclage - Oud Papier Jozef Michel NV<\/title>\n<meta name=\"robots\" content=\"index, follow, max-snippet:-1, max-image-preview:large, max-video-preview:-1\" \/>\n<link rel=\"canonical\" href=\"https:\/\/oudpapiermichel.be\/fr\/diensten\/verwerking\/\" \/>\n<meta property=\"og:locale\" content=\"fr_FR\" \/>\n<meta property=\"og:type\" content=\"article\" \/>\n<meta property=\"og:title\" content=\"Recyclage - Oud Papier Jozef Michel NV\" \/>\n<meta property=\"og:description\" content=\"Etappe 4: Tout le papier collect\u00e9 est envoy\u00e9 \u00e0 Bruxelles ou \u00e0 Anvers pour y \u00eatre tri\u00e9, press\u00e9 et recycl\u00e9. Le produit final est, quant \u00e0 lui, destin\u00e9 \u00e0 nos clients aux quatre coins du monde. Votre entreprise contribue ainsi, elle aussi, \u00e0 pr\u00e9server notre environnement. &nbsp;\" \/>\n<meta property=\"og:url\" content=\"https:\/\/oudpapiermichel.be\/fr\/diensten\/verwerking\/\" \/>\n<meta property=\"og:site_name\" content=\"Oud Papier Jozef Michel NV\" \/>\n<meta property=\"article:modified_time\" content=\"2017-02-16T08:00:41+00:00\" \/>\n<meta property=\"og:image\" content=\"https:\/\/oudpapiermichel.be\/wp-content\/uploads\/2016\/08\/karton.jpg\" \/>\n\t<meta property=\"og:image:width\" content=\"481\" \/>\n\t<meta property=\"og:image:height\" content=\"161\" \/>\n\t<meta property=\"og:image:type\" content=\"image\/jpeg\" \/>\n<meta name=\"twitter:card\" content=\"summary_large_image\" \/>\n<script type=\"application\/ld+json\" class=\"yoast-schema-graph\">{\"@context\":\"https:\/\/schema.org\",\"@graph\":[{\"@type\":\"WebPage\",\"@id\":\"https:\/\/oudpapiermichel.be\/fr\/diensten\/verwerking\/\",\"url\":\"https:\/\/oudpapiermichel.be\/fr\/diensten\/verwerking\/\",\"name\":\"Recyclage - Oud Papier Jozef Michel NV\",\"isPartOf\":{\"@id\":\"https:\/\/oudpapiermichel.be\/#website\"},\"datePublished\":\"2016-08-12T12:08:06+00:00\",\"dateModified\":\"2017-02-16T08:00:41+00:00\",\"breadcrumb\":{\"@id\":\"https:\/\/oudpapiermichel.be\/fr\/diensten\/verwerking\/#breadcrumb\"},\"inLanguage\":\"fr-FR\",\"potentialAction\":[{\"@type\":\"ReadAction\",\"target\":[\"https:\/\/oudpapiermichel.be\/fr\/diensten\/verwerking\/\"]}]},{\"@type\":\"BreadcrumbList\",\"@id\":\"https:\/\/oudpapiermichel.be\/fr\/diensten\/verwerking\/#breadcrumb\",\"itemListElement\":[{\"@type\":\"ListItem\",\"position\":1,\"name\":\"Home\",\"item\":\"https:\/\/oudpapiermichel.be\/fr\/\"},{\"@type\":\"ListItem\",\"position\":2,\"name\":\"Services\",\"item\":\"https:\/\/oudpapiermichel.be\/fr\/diensten\/\"},{\"@type\":\"ListItem\",\"position\":3,\"name\":\"Recyclage\"}]},{\"@type\":\"WebSite\",\"@id\":\"https:\/\/oudpapiermichel.be\/#website\",\"url\":\"https:\/\/oudpapiermichel.be\/\",\"name\":\"Oud Papier Jozef Michel NV\",\"description\":\"Specialisten in oud papier\",\"potentialAction\":[{\"@type\":\"SearchAction\",\"target\":{\"@type\":\"EntryPoint\",\"urlTemplate\":\"https:\/\/oudpapiermichel.be\/?s={search_term_string}\"},\"query-input\":\"required name=search_term_string\"}],\"inLanguage\":\"fr-FR\"}]}<\/script>\n<!-- \/ Yoast SEO plugin. -->","yoast_head_json":{"title":"Recyclage - Oud Papier Jozef Michel NV","robots":{"index":"index","follow":"follow","max-snippet":"max-snippet:-1","max-image-preview":"max-image-preview:large","max-video-preview":"max-video-preview:-1"},"canonical":"https:\/\/oudpapiermichel.be\/fr\/diensten\/verwerking\/","og_locale":"fr_FR","og_type":"article","og_title":"Recyclage - Oud Papier Jozef Michel NV","og_description":"Etappe 4: Tout le papier collect\u00e9 est envoy\u00e9 \u00e0 Bruxelles ou \u00e0 Anvers pour y \u00eatre tri\u00e9, press\u00e9 et recycl\u00e9. Le produit final est, quant \u00e0 lui, destin\u00e9 \u00e0 nos clients aux quatre coins du monde. Votre entreprise contribue ainsi, elle aussi, \u00e0 pr\u00e9server notre environnement. &nbsp;","og_url":"https:\/\/oudpapiermichel.be\/fr\/diensten\/verwerking\/","og_site_name":"Oud Papier Jozef Michel NV","article_modified_time":"2017-02-16T08:00:41+00:00","og_image":[{"width":481,"height":161,"url":"https:\/\/oudpapiermichel.be\/wp-content\/uploads\/2016\/08\/karton.jpg","type":"image\/jpeg"}],"twitter_card":"summary_large_image","schema":{"@context":"https:\/\/schema.org","@graph":[{"@type":"WebPage","@id":"https:\/\/oudpapiermichel.be\/fr\/diensten\/verwerking\/","url":"https:\/\/oudpapiermichel.be\/fr\/diensten\/verwerking\/","name":"Recyclage - Oud Papier Jozef Michel NV","isPartOf":{"@id":"https:\/\/oudpapiermichel.be\/#website"},"datePublished":"2016-08-12T12:08:06+00:00","dateModified":"2017-02-16T08:00:41+00:00","breadcrumb":{"@id":"https:\/\/oudpapiermichel.be\/fr\/diensten\/verwerking\/#breadcrumb"},"inLanguage":"fr-FR","potentialAction":[{"@type":"ReadAction","target":["https:\/\/oudpapiermichel.be\/fr\/diensten\/verwerking\/"]}]},{"@type":"BreadcrumbList","@id":"https:\/\/oudpapiermichel.be\/fr\/diensten\/verwerking\/#breadcrumb","itemListElement":[{"@type":"ListItem","position":1,"name":"Home","item":"https:\/\/oudpapiermichel.be\/fr\/"},{"@type":"ListItem","position":2,"name":"Services","item":"https:\/\/oudpapiermichel.be\/fr\/diensten\/"},{"@type":"ListItem","position":3,"name":"Recyclage"}]},{"@type":"WebSite","@id":"https:\/\/oudpapiermichel.be\/#website","url":"https:\/\/oudpapiermichel.be\/","name":"Oud Papier Jozef Michel NV","description":"Specialisten in oud papier","potentialAction":[{"@type":"SearchAction","target":{"@type":"EntryPoint","urlTemplate":"https:\/\/oudpapiermichel.be\/?s={search_term_string}"},"query-input":"required name=search_term_string"}],"inLanguage":"fr-FR"}]}},"_links":{"self":[{"href":"https:\/\/oudpapiermichel.be\/fr\/wp-json\/wp\/v2\/pages\/1108"}],"collection":[{"href":"https:\/\/oudpapiermichel.be\/fr\/wp-json\/wp\/v2\/pages"}],"about":[{"href":"https:\/\/oudpapiermichel.be\/fr\/wp-json\/wp\/v2\/types\/page"}],"author":[{"embeddable":true,"href":"https:\/\/oudpapiermichel.be\/fr\/wp-json\/wp\/v2\/users\/1"}],"replies":[{"embeddable":true,"href":"https:\/\/oudpapiermichel.be\/fr\/wp-json\/wp\/v2\/comments?post=1108"}],"version-history":[{"count":4,"href":"https:\/\/oudpapiermichel.be\/fr\/wp-json\/wp\/v2\/pages\/1108\/revisions"}],"predecessor-version":[{"id":1907,"href":"https:\/\/oudpapiermichel.be\/fr\/wp-json\/wp\/v2\/pages\/1108\/revisions\/1907"}],"up":[{"embeddable":true,"href":"https:\/\/oudpapiermichel.be\/fr\/wp-json\/wp\/v2\/pages\/1189"}],"wp:featuredmedia":[{"embeddable":true,"href":"https:\/\/oudpapiermichel.be\/fr\/wp-json\/wp\/v2\/media\/1014"}],"wp:attachment":[{"href":"https:\/\/oudpapiermichel.be\/fr\/wp-json\/wp\/v2\/media?parent=1108"}],"curies":[{"name":"wp","href":"https:\/\/api.w.org\/{rel}","templated":true}]}}