{"id":1111,"date":"2016-08-30T10:05:54","date_gmt":"2016-08-30T10:05:54","guid":{"rendered":"http:\/\/oudpapiermichel.be\/2016\/?page_id=1111&#038;lang=fr"},"modified":"2016-08-31T08:54:54","modified_gmt":"2016-08-31T08:54:54","slug":"sortering","status":"publish","type":"page","link":"https:\/\/oudpapiermichel.be\/fr\/diensten\/sortering\/","title":{"rendered":"Triage"},"content":{"rendered":"<h2>Etappe 3:<\/h2>\n<h2>Triage<\/h2>\n<p>Tout le papier collect\u00e9 est envoy\u00e9 \u00e0 Bruxelles ou \u00e0 Anvers pour y \u00eatre tri\u00e9.<\/p>\n<p><img decoding=\"async\" loading=\"lazy\" class=\"size-full wp-image-1630 alignleft\" src=\"http:\/\/oudpapiermichel.be\/wp-content\/uploads\/2016\/08\/container2.jpg\" alt=\"Sorteren van papier in een van onze magazijnen\" width=\"481\" height=\"161\" srcset=\"https:\/\/oudpapiermichel.be\/wp-content\/uploads\/2016\/08\/container2.jpg 481w, https:\/\/oudpapiermichel.be\/wp-content\/uploads\/2016\/08\/container2-300x100.jpg 300w, https:\/\/oudpapiermichel.be\/wp-content\/uploads\/2016\/08\/container2-480x161.jpg 480w\" sizes=\"(max-width: 481px) 100vw, 481px\" \/><\/p>\n","protected":false},"excerpt":{"rendered":"<p>Etappe 3: Triage Tout le papier collect\u00e9 est envoy\u00e9 \u00e0 Bruxelles ou \u00e0 Anvers pour y \u00eatre tri\u00e9.<\/p>\n","protected":false},"author":1,"featured_media":944,"parent":1189,"menu_order":0,"comment_status":"closed","ping_status":"closed","template":"","meta":[],"acf":[],"yoast_head":"<!-- This site is optimized with the Yoast SEO plugin v20.3 - https:\/\/yoast.com\/wordpress\/plugins\/seo\/ -->\n<title>Triage - Oud Papier Jozef Michel NV<\/title>\n<meta name=\"robots\" content=\"index, follow, max-snippet:-1, max-image-preview:large, max-video-preview:-1\" \/>\n<link rel=\"canonical\" href=\"https:\/\/oudpapiermichel.be\/fr\/diensten\/sortering\/\" \/>\n<meta property=\"og:locale\" content=\"fr_FR\" \/>\n<meta property=\"og:type\" content=\"article\" \/>\n<meta property=\"og:title\" content=\"Triage - Oud Papier Jozef Michel NV\" \/>\n<meta property=\"og:description\" content=\"Etappe 3: Triage Tout le papier collect\u00e9 est envoy\u00e9 \u00e0 Bruxelles ou \u00e0 Anvers pour y \u00eatre tri\u00e9.\" \/>\n<meta property=\"og:url\" content=\"https:\/\/oudpapiermichel.be\/fr\/diensten\/sortering\/\" \/>\n<meta property=\"og:site_name\" content=\"Oud Papier Jozef Michel NV\" \/>\n<meta property=\"article:modified_time\" content=\"2016-08-31T08:54:54+00:00\" \/>\n<meta property=\"og:image\" content=\"https:\/\/oudpapiermichel.be\/wp-content\/uploads\/2016\/08\/container.jpg\" \/>\n\t<meta property=\"og:image:width\" content=\"332\" \/>\n\t<meta property=\"og:image:height\" content=\"142\" \/>\n\t<meta property=\"og:image:type\" content=\"image\/jpeg\" \/>\n<meta name=\"twitter:card\" content=\"summary_large_image\" \/>\n<script type=\"application\/ld+json\" class=\"yoast-schema-graph\">{\"@context\":\"https:\/\/schema.org\",\"@graph\":[{\"@type\":\"WebPage\",\"@id\":\"https:\/\/oudpapiermichel.be\/fr\/diensten\/sortering\/\",\"url\":\"https:\/\/oudpapiermichel.be\/fr\/diensten\/sortering\/\",\"name\":\"Triage - Oud Papier Jozef Michel NV\",\"isPartOf\":{\"@id\":\"https:\/\/oudpapiermichel.be\/#website\"},\"datePublished\":\"2016-08-30T10:05:54+00:00\",\"dateModified\":\"2016-08-31T08:54:54+00:00\",\"breadcrumb\":{\"@id\":\"https:\/\/oudpapiermichel.be\/fr\/diensten\/sortering\/#breadcrumb\"},\"inLanguage\":\"fr-FR\",\"potentialAction\":[{\"@type\":\"ReadAction\",\"target\":[\"https:\/\/oudpapiermichel.be\/fr\/diensten\/sortering\/\"]}]},{\"@type\":\"BreadcrumbList\",\"@id\":\"https:\/\/oudpapiermichel.be\/fr\/diensten\/sortering\/#breadcrumb\",\"itemListElement\":[{\"@type\":\"ListItem\",\"position\":1,\"name\":\"Home\",\"item\":\"https:\/\/oudpapiermichel.be\/fr\/\"},{\"@type\":\"ListItem\",\"position\":2,\"name\":\"Services\",\"item\":\"https:\/\/oudpapiermichel.be\/fr\/diensten\/\"},{\"@type\":\"ListItem\",\"position\":3,\"name\":\"Triage\"}]},{\"@type\":\"WebSite\",\"@id\":\"https:\/\/oudpapiermichel.be\/#website\",\"url\":\"https:\/\/oudpapiermichel.be\/\",\"name\":\"Oud Papier Jozef Michel NV\",\"description\":\"Specialisten in oud papier\",\"potentialAction\":[{\"@type\":\"SearchAction\",\"target\":{\"@type\":\"EntryPoint\",\"urlTemplate\":\"https:\/\/oudpapiermichel.be\/?s={search_term_string}\"},\"query-input\":\"required name=search_term_string\"}],\"inLanguage\":\"fr-FR\"}]}<\/script>\n<!-- \/ Yoast SEO plugin. -->","yoast_head_json":{"title":"Triage - Oud Papier Jozef Michel NV","robots":{"index":"index","follow":"follow","max-snippet":"max-snippet:-1","max-image-preview":"max-image-preview:large","max-video-preview":"max-video-preview:-1"},"canonical":"https:\/\/oudpapiermichel.be\/fr\/diensten\/sortering\/","og_locale":"fr_FR","og_type":"article","og_title":"Triage - Oud Papier Jozef Michel NV","og_description":"Etappe 3: Triage Tout le papier collect\u00e9 est envoy\u00e9 \u00e0 Bruxelles ou \u00e0 Anvers pour y \u00eatre tri\u00e9.","og_url":"https:\/\/oudpapiermichel.be\/fr\/diensten\/sortering\/","og_site_name":"Oud Papier Jozef Michel NV","article_modified_time":"2016-08-31T08:54:54+00:00","og_image":[{"width":332,"height":142,"url":"https:\/\/oudpapiermichel.be\/wp-content\/uploads\/2016\/08\/container.jpg","type":"image\/jpeg"}],"twitter_card":"summary_large_image","schema":{"@context":"https:\/\/schema.org","@graph":[{"@type":"WebPage","@id":"https:\/\/oudpapiermichel.be\/fr\/diensten\/sortering\/","url":"https:\/\/oudpapiermichel.be\/fr\/diensten\/sortering\/","name":"Triage - Oud Papier Jozef Michel NV","isPartOf":{"@id":"https:\/\/oudpapiermichel.be\/#website"},"datePublished":"2016-08-30T10:05:54+00:00","dateModified":"2016-08-31T08:54:54+00:00","breadcrumb":{"@id":"https:\/\/oudpapiermichel.be\/fr\/diensten\/sortering\/#breadcrumb"},"inLanguage":"fr-FR","potentialAction":[{"@type":"ReadAction","target":["https:\/\/oudpapiermichel.be\/fr\/diensten\/sortering\/"]}]},{"@type":"BreadcrumbList","@id":"https:\/\/oudpapiermichel.be\/fr\/diensten\/sortering\/#breadcrumb","itemListElement":[{"@type":"ListItem","position":1,"name":"Home","item":"https:\/\/oudpapiermichel.be\/fr\/"},{"@type":"ListItem","position":2,"name":"Services","item":"https:\/\/oudpapiermichel.be\/fr\/diensten\/"},{"@type":"ListItem","position":3,"name":"Triage"}]},{"@type":"WebSite","@id":"https:\/\/oudpapiermichel.be\/#website","url":"https:\/\/oudpapiermichel.be\/","name":"Oud Papier Jozef Michel NV","description":"Specialisten in oud papier","potentialAction":[{"@type":"SearchAction","target":{"@type":"EntryPoint","urlTemplate":"https:\/\/oudpapiermichel.be\/?s={search_term_string}"},"query-input":"required name=search_term_string"}],"inLanguage":"fr-FR"}]}},"_links":{"self":[{"href":"https:\/\/oudpapiermichel.be\/fr\/wp-json\/wp\/v2\/pages\/1111"}],"collection":[{"href":"https:\/\/oudpapiermichel.be\/fr\/wp-json\/wp\/v2\/pages"}],"about":[{"href":"https:\/\/oudpapiermichel.be\/fr\/wp-json\/wp\/v2\/types\/page"}],"author":[{"embeddable":true,"href":"https:\/\/oudpapiermichel.be\/fr\/wp-json\/wp\/v2\/users\/1"}],"replies":[{"embeddable":true,"href":"https:\/\/oudpapiermichel.be\/fr\/wp-json\/wp\/v2\/comments?post=1111"}],"version-history":[{"count":2,"href":"https:\/\/oudpapiermichel.be\/fr\/wp-json\/wp\/v2\/pages\/1111\/revisions"}],"predecessor-version":[{"id":1152,"href":"https:\/\/oudpapiermichel.be\/fr\/wp-json\/wp\/v2\/pages\/1111\/revisions\/1152"}],"up":[{"embeddable":true,"href":"https:\/\/oudpapiermichel.be\/fr\/wp-json\/wp\/v2\/pages\/1189"}],"wp:featuredmedia":[{"embeddable":true,"href":"https:\/\/oudpapiermichel.be\/fr\/wp-json\/wp\/v2\/media\/944"}],"wp:attachment":[{"href":"https:\/\/oudpapiermichel.be\/fr\/wp-json\/wp\/v2\/media?parent=1111"}],"curies":[{"name":"wp","href":"https:\/\/api.w.org\/{rel}","templated":true}]}}