{"id":1113,"date":"2016-08-08T12:41:41","date_gmt":"2016-08-08T12:41:41","guid":{"rendered":"http:\/\/oudpapiermichel.be\/2016\/?page_id=1113&#038;lang=fr"},"modified":"2018-11-22T11:57:10","modified_gmt":"2018-11-22T09:57:10","slug":"logistique","status":"publish","type":"page","link":"https:\/\/oudpapiermichel.be\/fr\/logistique\/","title":{"rendered":"Logistique"},"content":{"rendered":"<div id=\"pl-1113\"  class=\"panel-layout\" ><div id=\"pg-1113-0\"  class=\"panel-grid panel-no-style\" ><div id=\"pgc-1113-0-0\"  class=\"panel-grid-cell\" ><div id=\"panel-1113-0-0-0\" class=\"so-panel widget widget_sow-editor panel-first-child\" data-index=\"0\" ><div\n\t\t\t\n\t\t\tclass=\"so-widget-sow-editor so-widget-sow-editor-base\"\n\t\t\t\n\t\t><h3 class=\"widget-title\"><span class=\"widget-title__inline\">Vaste flotte, service ponctuel!<\/span><\/h3>\n<div class=\"siteorigin-widget-tinymce textwidget\">\n\t<p>Avec notre vaste flotte de camions, chariots \u00e9l\u00e9vateurs et bulldozers \u00e0 Kalmthout (Anvers) et \u00e0 Asse-Mollem (Bruxelles) nous pouvons garantie un service ponctuel pour notre clients et fournisseurs.<\/p>\n<\/div>\n<\/div><\/div><div id=\"panel-1113-0-0-1\" class=\"so-panel widget widget_sow-editor panel-last-child\" data-index=\"1\" ><div\n\t\t\t\n\t\t\tclass=\"so-widget-sow-editor so-widget-sow-editor-base\"\n\t\t\t\n\t\t><h3 class=\"widget-title\"><span class=\"widget-title__inline\">Pas de d\u00e9chets<\/span><\/h3>\n<div class=\"siteorigin-widget-tinymce textwidget\">\n\t<p>Tout le papier collect\u00e9 est envoy\u00e9 \u00e0 Bruxelles ou \u00e0 Anvers pour y \u00eatre tri\u00e9, press\u00e9 et recycl\u00e9. Le produit final est, quant \u00e0 lui, destin\u00e9 \u00e0 nos clients aux quatre coins du monde. Votre entreprise contribue ainsi, elle aussi, \u00e0 pr\u00e9server notre environnement.<\/p>\n<\/div>\n<\/div><\/div><\/div><\/div><div id=\"pg-1113-1\"  class=\"panel-grid panel-no-style\" ><div id=\"pgc-1113-1-0\"  class=\"panel-grid-cell\" ><div id=\"panel-1113-1-0-0\" class=\"so-panel widget widget_sow-editor panel-first-child panel-last-child\" data-index=\"2\" ><div\n\t\t\t\n\t\t\tclass=\"so-widget-sow-editor so-widget-sow-editor-base\"\n\t\t\t\n\t\t><h3 class=\"widget-title\"><span class=\"widget-title__inline\">Nos diff\u00e9rents types de conteneurs<\/span><\/h3>\n<div class=\"siteorigin-widget-tinymce textwidget\">\n\t<p><strong>0032 3 666 96 79<\/strong> et info@oudpapiermichel.be pour plus d'information.<\/p>\n<\/div>\n<\/div><\/div><\/div><\/div><div id=\"pg-1113-2\"  class=\"panel-grid panel-no-style\" ><div id=\"pgc-1113-2-0\"  class=\"panel-grid-cell\" ><div id=\"panel-1113-2-0-0\" class=\"so-panel widget widget_pw_person_profile widget-person-profile panel-first-child\" data-index=\"3\" >\n\t<div class=\"card  person-profile\">\n\t\t\t\t<img class=\"person-profile__image  wp-post-image\" src=\"https:\/\/oudpapiermichel.be\/wp-content\/uploads\/2017\/02\/open-container.jpg\" alt=\"Image de Conteneur ouvert\">\n\t\t\t\t<div class=\"card-block  person-profile__container\">\n\t\t\t<div class=\"person-profile__content\">\n\t\t\t\t<h4 class=\"card-title  person-profile__name\">Conteneur ouvert<\/h4>\n\t\t\t\t\t\t\t\t<p class=\"card-text  person-profile__description\">40m\u00b3 conteneur ouvert<\/p>\n\t\t\t<\/div>\n\t\t\t\t\t<\/div>\n\t<\/div>\n\n<\/div><div id=\"panel-1113-2-0-1\" class=\"so-panel widget widget_pw_person_profile widget-person-profile\" data-index=\"4\" >\n\t<div class=\"card  person-profile\">\n\t\t\t\t<img class=\"person-profile__image  wp-post-image\" src=\"https:\/\/oudpapiermichel.be\/wp-content\/uploads\/2016\/08\/zelfpersinstallatie.jpg\" alt=\"Image de Installation de presse\">\n\t\t\t\t<div class=\"card-block  person-profile__container\">\n\t\t\t<div class=\"person-profile__content\">\n\t\t\t\t<h4 class=\"card-title  person-profile__name\">Installation de presse<\/h4>\n\t\t\t\t\t\t\t\t<p class=\"card-text  person-profile__description\">Notre installation de presse<\/p>\n\t\t\t<\/div>\n\t\t\t\t\t<\/div>\n\t<\/div>\n\n<\/div><div id=\"panel-1113-2-0-2\" class=\"so-panel widget widget_pw_person_profile widget-person-profile\" data-index=\"5\" >\n\t<div class=\"card  person-profile\">\n\t\t\t\t<img class=\"person-profile__image  wp-post-image\" src=\"https:\/\/oudpapiermichel.be\/wp-content\/uploads\/2017\/02\/zeilcontainer.jpg\" alt=\"Image de Conteneur avec une voile\">\n\t\t\t\t<div class=\"card-block  person-profile__container\">\n\t\t\t<div class=\"person-profile__content\">\n\t\t\t\t<h4 class=\"card-title  person-profile__name\">Conteneur avec une voile<\/h4>\n\t\t\t\t\t\t\t\t<p class=\"card-text  person-profile__description\">Conteneur avec voile<\/p>\n\t\t\t<\/div>\n\t\t\t\t\t<\/div>\n\t<\/div>\n\n<\/div><div id=\"panel-1113-2-0-3\" class=\"so-panel widget widget_pw_person_profile widget-person-profile panel-last-child\" data-index=\"6\" >\n\t<div class=\"card  person-profile\">\n\t\t\t\t<img class=\"person-profile__image  wp-post-image\" src=\"https:\/\/oudpapiermichel.be\/wp-content\/uploads\/2016\/08\/pallet-container.jpg\" alt=\"Image de U-conteneur\">\n\t\t\t\t<div class=\"card-block  person-profile__container\">\n\t\t\t<div class=\"person-profile__content\">\n\t\t\t\t<h4 class=\"card-title  person-profile__name\">U-conteneur<\/h4>\n\t\t\t\t\t\t\t\t<p class=\"card-text  person-profile__description\">Nos U-conteneurs<\/p>\n\t\t\t<\/div>\n\t\t\t\t\t<\/div>\n\t<\/div>\n\n<\/div><\/div><div id=\"pgc-1113-2-1\"  class=\"panel-grid-cell\" ><div id=\"panel-1113-2-1-0\" class=\"so-panel widget widget_pw_person_profile widget-person-profile panel-first-child\" data-index=\"7\" >\n\t<div class=\"card  person-profile\">\n\t\t\t\t<img class=\"person-profile__image  wp-post-image\" src=\"https:\/\/oudpapiermichel.be\/wp-content\/uploads\/2017\/02\/gesloten-container.jpg\" alt=\"Image de Conteneur ferm\u00e9\">\n\t\t\t\t<div class=\"card-block  person-profile__container\">\n\t\t\t<div class=\"person-profile__content\">\n\t\t\t\t<h4 class=\"card-title  person-profile__name\">Conteneur ferm\u00e9<\/h4>\n\t\t\t\t\t\t\t\t<p class=\"card-text  person-profile__description\">30m\u00b3 conteneur ferm\u00e9<\/p>\n\t\t\t<\/div>\n\t\t\t\t\t<\/div>\n\t<\/div>\n\n<\/div><div id=\"panel-1113-2-1-1\" class=\"so-panel widget widget_pw_person_profile widget-person-profile\" data-index=\"8\" >\n\t<div class=\"card  person-profile\">\n\t\t\t\t<img class=\"person-profile__image  wp-post-image\" src=\"https:\/\/oudpapiermichel.be\/wp-content\/uploads\/2017\/02\/kapelcontainer.jpg\" alt=\"Image de Conteneur chapelle\">\n\t\t\t\t<div class=\"card-block  person-profile__container\">\n\t\t\t<div class=\"person-profile__content\">\n\t\t\t\t<h4 class=\"card-title  person-profile__name\">Conteneur chapelle<\/h4>\n\t\t\t\t\t\t\t\t<p class=\"card-text  person-profile__description\">Nos contoneurs chapelles<\/p>\n\t\t\t<\/div>\n\t\t\t\t\t<\/div>\n\t<\/div>\n\n<\/div><div id=\"panel-1113-2-1-2\" class=\"so-panel widget widget_pw_person_profile widget-person-profile panel-last-child\" data-index=\"9\" >\n\t<div class=\"card  person-profile\">\n\t\t\t\t<img class=\"person-profile__image  wp-post-image\" src=\"https:\/\/oudpapiermichel.be\/wp-content\/uploads\/2016\/08\/container-speciaal-2.jpg\" alt=\"Image de Conteneurs sp\u00e9ciaux\">\n\t\t\t\t<div class=\"card-block  person-profile__container\">\n\t\t\t<div class=\"person-profile__content\">\n\t\t\t\t<h4 class=\"card-title  person-profile__name\">Conteneurs sp\u00e9ciaux<\/h4>\n\t\t\t\t\t\t\t\t<p class=\"card-text  person-profile__description\">Des  conteneurs sp\u00e9ciaux<\/p>\n\t\t\t<\/div>\n\t\t\t\t\t<\/div>\n\t<\/div>\n\n<\/div><\/div><\/div><div id=\"pg-1113-3\"  class=\"panel-grid panel-no-style\" ><div id=\"pgc-1113-3-0\"  class=\"panel-grid-cell\" ><div id=\"panel-1113-3-0-0\" class=\"so-panel widget widget_text panel-first-child panel-last-child\" data-index=\"10\" ><h3 class=\"widget-title\"><span class=\"widget-title__inline\">Flotte et machinerie<\/span><\/h3>\t\t\t<div class=\"textwidget\"><\/div>\n\t\t<\/div><\/div><\/div><div id=\"pg-1113-4\"  class=\"panel-grid panel-no-style\" ><div id=\"pgc-1113-4-0\"  class=\"panel-grid-cell\" ><div id=\"panel-1113-4-0-0\" class=\"so-panel widget widget_pw_person_profile widget-person-profile panel-first-child panel-last-child\" data-index=\"11\" >\n\t<div class=\"card  person-profile\">\n\t\t\t\t<img class=\"person-profile__image  wp-post-image\" src=\"https:\/\/oudpapiermichel.be\/wp-content\/uploads\/2016\/08\/HEFTRUCKS-007.jpg\" alt=\"Image de Bulldozers\">\n\t\t\t\t<div class=\"card-block  person-profile__container\">\n\t\t\t<div class=\"person-profile__content\">\n\t\t\t\t<h4 class=\"card-title  person-profile__name\">Bulldozers<\/h4>\n\t\t\t\t\t\t\t\t<p class=\"card-text  person-profile__description\"><\/p>\n\t\t\t<\/div>\n\t\t\t\t\t<\/div>\n\t<\/div>\n\n<\/div><\/div><div id=\"pgc-1113-4-1\"  class=\"panel-grid-cell\" ><div id=\"panel-1113-4-1-0\" class=\"so-panel widget widget_pw_person_profile widget-person-profile panel-first-child panel-last-child\" data-index=\"12\" >\n\t<div class=\"card  person-profile\">\n\t\t\t\t<img class=\"person-profile__image  wp-post-image\" src=\"https:\/\/oudpapiermichel.be\/wp-content\/uploads\/2016\/08\/HEFTRUCKS-008.jpg\" alt=\"Image de Chariots \u00e9l\u00e9vateurs\">\n\t\t\t\t<div class=\"card-block  person-profile__container\">\n\t\t\t<div class=\"person-profile__content\">\n\t\t\t\t<h4 class=\"card-title  person-profile__name\">Chariots \u00e9l\u00e9vateurs<\/h4>\n\t\t\t\t\t\t\t\t<p class=\"card-text  person-profile__description\"><\/p>\n\t\t\t<\/div>\n\t\t\t\t\t<\/div>\n\t<\/div>\n\n<\/div><\/div><\/div><div id=\"pg-1113-5\"  class=\"panel-grid panel-no-style\" ><div id=\"pgc-1113-5-0\"  class=\"panel-grid-cell\" ><div id=\"panel-1113-5-0-0\" class=\"so-panel widget widget_pw_person_profile widget-person-profile panel-first-child panel-last-child\" data-index=\"13\" >\n\t<div class=\"card  person-profile\">\n\t\t\t\t<img class=\"person-profile__image  wp-post-image\" src=\"https:\/\/oudpapiermichel.be\/wp-content\/uploads\/2016\/08\/camions-op-plein-6.jpg\" alt=\"Image de Camions\">\n\t\t\t\t<div class=\"card-block  person-profile__container\">\n\t\t\t<div class=\"person-profile__content\">\n\t\t\t\t<h4 class=\"card-title  person-profile__name\">Camions<\/h4>\n\t\t\t\t\t\t\t\t<p class=\"card-text  person-profile__description\"><\/p>\n\t\t\t<\/div>\n\t\t\t\t\t<\/div>\n\t<\/div>\n\n<\/div><\/div><\/div><\/div>","protected":false},"excerpt":{"rendered":"<p>Avec notre vaste flotte de camions, chariots \u00e9l\u00e9vateurs et bulldozers \u00e0 Kalmthout (Anvers) et \u00e0 Asse-Mollem (Bruxelles) nous pouvons garantie un service ponctuel pour notre clients et fournisseurs. Tout le papier collect\u00e9 est envoy\u00e9 \u00e0 Bruxelles ou \u00e0 Anvers pour y \u00eatre tri\u00e9, press\u00e9 et recycl\u00e9. Le produit final est, quant \u00e0 lui, destin\u00e9 \u00e0 &hellip;<\/p>\n","protected":false},"author":1,"featured_media":1622,"parent":0,"menu_order":0,"comment_status":"closed","ping_status":"closed","template":"","meta":[],"acf":[],"yoast_head":"<!-- This site is optimized with the Yoast SEO plugin v20.3 - https:\/\/yoast.com\/wordpress\/plugins\/seo\/ -->\n<title>Logistique - Oud Papier Jozef Michel NV<\/title>\n<meta name=\"robots\" content=\"index, follow, max-snippet:-1, max-image-preview:large, max-video-preview:-1\" \/>\n<link rel=\"canonical\" href=\"https:\/\/oudpapiermichel.be\/fr\/logistique\/\" \/>\n<meta property=\"og:locale\" content=\"fr_FR\" \/>\n<meta property=\"og:type\" content=\"article\" \/>\n<meta property=\"og:title\" content=\"Logistique - Oud Papier Jozef Michel NV\" \/>\n<meta property=\"og:description\" content=\"Avec notre vaste flotte de camions, chariots \u00e9l\u00e9vateurs et bulldozers \u00e0 Kalmthout (Anvers) et \u00e0 Asse-Mollem (Bruxelles) nous pouvons garantie un service ponctuel pour notre clients et fournisseurs. Tout le papier collect\u00e9 est envoy\u00e9 \u00e0 Bruxelles ou \u00e0 Anvers pour y \u00eatre tri\u00e9, press\u00e9 et recycl\u00e9. Le produit final est, quant \u00e0 lui, destin\u00e9 \u00e0 &hellip;\" \/>\n<meta property=\"og:url\" content=\"https:\/\/oudpapiermichel.be\/fr\/logistique\/\" \/>\n<meta property=\"og:site_name\" content=\"Oud Papier Jozef Michel NV\" \/>\n<meta property=\"article:modified_time\" content=\"2018-11-22T09:57:10+00:00\" \/>\n<meta property=\"og:image\" content=\"https:\/\/oudpapiermichel.be\/wp-content\/uploads\/2016\/08\/container.jpg\" \/>\n\t<meta property=\"og:image:width\" content=\"332\" \/>\n\t<meta property=\"og:image:height\" content=\"142\" \/>\n\t<meta property=\"og:image:type\" content=\"image\/jpeg\" \/>\n<meta name=\"twitter:card\" content=\"summary_large_image\" \/>\n<meta name=\"twitter:label1\" content=\"Dur\u00e9e de lecture estim\u00e9e\" \/>\n\t<meta name=\"twitter:data1\" content=\"1 minute\" \/>\n<script type=\"application\/ld+json\" class=\"yoast-schema-graph\">{\"@context\":\"https:\/\/schema.org\",\"@graph\":[{\"@type\":\"WebPage\",\"@id\":\"https:\/\/oudpapiermichel.be\/fr\/logistique\/\",\"url\":\"https:\/\/oudpapiermichel.be\/fr\/logistique\/\",\"name\":\"Logistique - Oud Papier Jozef Michel NV\",\"isPartOf\":{\"@id\":\"https:\/\/oudpapiermichel.be\/#website\"},\"datePublished\":\"2016-08-08T12:41:41+00:00\",\"dateModified\":\"2018-11-22T09:57:10+00:00\",\"breadcrumb\":{\"@id\":\"https:\/\/oudpapiermichel.be\/fr\/logistique\/#breadcrumb\"},\"inLanguage\":\"fr-FR\",\"potentialAction\":[{\"@type\":\"ReadAction\",\"target\":[\"https:\/\/oudpapiermichel.be\/fr\/logistique\/\"]}]},{\"@type\":\"BreadcrumbList\",\"@id\":\"https:\/\/oudpapiermichel.be\/fr\/logistique\/#breadcrumb\",\"itemListElement\":[{\"@type\":\"ListItem\",\"position\":1,\"name\":\"Home\",\"item\":\"https:\/\/oudpapiermichel.be\/fr\/\"},{\"@type\":\"ListItem\",\"position\":2,\"name\":\"Logistique\"}]},{\"@type\":\"WebSite\",\"@id\":\"https:\/\/oudpapiermichel.be\/#website\",\"url\":\"https:\/\/oudpapiermichel.be\/\",\"name\":\"Oud Papier Jozef Michel NV\",\"description\":\"Specialisten in oud papier\",\"potentialAction\":[{\"@type\":\"SearchAction\",\"target\":{\"@type\":\"EntryPoint\",\"urlTemplate\":\"https:\/\/oudpapiermichel.be\/?s={search_term_string}\"},\"query-input\":\"required name=search_term_string\"}],\"inLanguage\":\"fr-FR\"}]}<\/script>\n<!-- \/ Yoast SEO plugin. -->","yoast_head_json":{"title":"Logistique - Oud Papier Jozef Michel NV","robots":{"index":"index","follow":"follow","max-snippet":"max-snippet:-1","max-image-preview":"max-image-preview:large","max-video-preview":"max-video-preview:-1"},"canonical":"https:\/\/oudpapiermichel.be\/fr\/logistique\/","og_locale":"fr_FR","og_type":"article","og_title":"Logistique - Oud Papier Jozef Michel NV","og_description":"Avec notre vaste flotte de camions, chariots \u00e9l\u00e9vateurs et bulldozers \u00e0 Kalmthout (Anvers) et \u00e0 Asse-Mollem (Bruxelles) nous pouvons garantie un service ponctuel pour notre clients et fournisseurs. Tout le papier collect\u00e9 est envoy\u00e9 \u00e0 Bruxelles ou \u00e0 Anvers pour y \u00eatre tri\u00e9, press\u00e9 et recycl\u00e9. Le produit final est, quant \u00e0 lui, destin\u00e9 \u00e0 &hellip;","og_url":"https:\/\/oudpapiermichel.be\/fr\/logistique\/","og_site_name":"Oud Papier Jozef Michel NV","article_modified_time":"2018-11-22T09:57:10+00:00","og_image":[{"width":332,"height":142,"url":"https:\/\/oudpapiermichel.be\/wp-content\/uploads\/2016\/08\/container.jpg","type":"image\/jpeg"}],"twitter_card":"summary_large_image","twitter_misc":{"Dur\u00e9e de lecture estim\u00e9e":"1 minute"},"schema":{"@context":"https:\/\/schema.org","@graph":[{"@type":"WebPage","@id":"https:\/\/oudpapiermichel.be\/fr\/logistique\/","url":"https:\/\/oudpapiermichel.be\/fr\/logistique\/","name":"Logistique - Oud Papier Jozef Michel NV","isPartOf":{"@id":"https:\/\/oudpapiermichel.be\/#website"},"datePublished":"2016-08-08T12:41:41+00:00","dateModified":"2018-11-22T09:57:10+00:00","breadcrumb":{"@id":"https:\/\/oudpapiermichel.be\/fr\/logistique\/#breadcrumb"},"inLanguage":"fr-FR","potentialAction":[{"@type":"ReadAction","target":["https:\/\/oudpapiermichel.be\/fr\/logistique\/"]}]},{"@type":"BreadcrumbList","@id":"https:\/\/oudpapiermichel.be\/fr\/logistique\/#breadcrumb","itemListElement":[{"@type":"ListItem","position":1,"name":"Home","item":"https:\/\/oudpapiermichel.be\/fr\/"},{"@type":"ListItem","position":2,"name":"Logistique"}]},{"@type":"WebSite","@id":"https:\/\/oudpapiermichel.be\/#website","url":"https:\/\/oudpapiermichel.be\/","name":"Oud Papier Jozef Michel NV","description":"Specialisten in oud papier","potentialAction":[{"@type":"SearchAction","target":{"@type":"EntryPoint","urlTemplate":"https:\/\/oudpapiermichel.be\/?s={search_term_string}"},"query-input":"required name=search_term_string"}],"inLanguage":"fr-FR"}]}},"_links":{"self":[{"href":"https:\/\/oudpapiermichel.be\/fr\/wp-json\/wp\/v2\/pages\/1113"}],"collection":[{"href":"https:\/\/oudpapiermichel.be\/fr\/wp-json\/wp\/v2\/pages"}],"about":[{"href":"https:\/\/oudpapiermichel.be\/fr\/wp-json\/wp\/v2\/types\/page"}],"author":[{"embeddable":true,"href":"https:\/\/oudpapiermichel.be\/fr\/wp-json\/wp\/v2\/users\/1"}],"replies":[{"embeddable":true,"href":"https:\/\/oudpapiermichel.be\/fr\/wp-json\/wp\/v2\/comments?post=1113"}],"version-history":[{"count":14,"href":"https:\/\/oudpapiermichel.be\/fr\/wp-json\/wp\/v2\/pages\/1113\/revisions"}],"predecessor-version":[{"id":2177,"href":"https:\/\/oudpapiermichel.be\/fr\/wp-json\/wp\/v2\/pages\/1113\/revisions\/2177"}],"wp:featuredmedia":[{"embeddable":true,"href":"https:\/\/oudpapiermichel.be\/fr\/wp-json\/wp\/v2\/media\/1622"}],"wp:attachment":[{"href":"https:\/\/oudpapiermichel.be\/fr\/wp-json\/wp\/v2\/media?parent=1113"}],"curies":[{"name":"wp","href":"https:\/\/api.w.org\/{rel}","templated":true}]}}