{"id":1147,"date":"2016-08-31T07:24:49","date_gmt":"2016-08-31T07:24:49","guid":{"rendered":"http:\/\/oudpapiermichel.be\/2016\/?page_id=1147&#038;lang=fr"},"modified":"2017-02-16T10:00:11","modified_gmt":"2017-02-16T08:00:11","slug":"ramassage","status":"publish","type":"page","link":"https:\/\/oudpapiermichel.be\/fr\/diensten\/ramassage\/","title":{"rendered":"Ramassage"},"content":{"rendered":"<h2>Ramassage r\u00e9gulier devant chez vous<\/h2>\n<p>Nous collectons vos vieux papiers, d\u00e8s qu\u2019ils quittent votre entreprise. Nous le faisons de la mani\u00e8re qui vous convient le mieux : un seul grand conteneur central ou une s\u00e9rie de petits conteneurs, tous les jours ou une fois par semaine\u2026 Comptez sur nous pour vous d\u00e9barrasser de vos montagnes de vieux papier. Nos parcs de camions et de conteneurs ultramodernes et notre organisation m\u00e9ticuleuse vous garantissent un service de qualit\u00e9.<\/p>\n","protected":false},"excerpt":{"rendered":"<p>Ramassage r\u00e9gulier devant chez vous Nous collectons vos vieux papiers, d\u00e8s qu\u2019ils quittent votre entreprise. Nous le faisons de la mani\u00e8re qui vous convient le mieux : un seul grand conteneur central ou une s\u00e9rie de petits conteneurs, tous les jours ou une fois par semaine\u2026 Comptez sur nous pour vous d\u00e9barrasser de vos montagnes &hellip;<\/p>\n","protected":false},"author":1,"featured_media":1139,"parent":1189,"menu_order":0,"comment_status":"closed","ping_status":"closed","template":"","meta":[],"acf":[],"yoast_head":"<!-- This site is optimized with the Yoast SEO plugin v20.3 - https:\/\/yoast.com\/wordpress\/plugins\/seo\/ -->\n<title>Ramassage - Oud Papier Jozef Michel NV<\/title>\n<meta name=\"robots\" content=\"index, follow, max-snippet:-1, max-image-preview:large, max-video-preview:-1\" \/>\n<link rel=\"canonical\" href=\"https:\/\/oudpapiermichel.be\/fr\/diensten\/ramassage\/\" \/>\n<meta property=\"og:locale\" content=\"fr_FR\" \/>\n<meta property=\"og:type\" content=\"article\" \/>\n<meta property=\"og:title\" content=\"Ramassage - Oud Papier Jozef Michel NV\" \/>\n<meta property=\"og:description\" content=\"Ramassage r\u00e9gulier devant chez vous Nous collectons vos vieux papiers, d\u00e8s qu\u2019ils quittent votre entreprise. Nous le faisons de la mani\u00e8re qui vous convient le mieux : un seul grand conteneur central ou une s\u00e9rie de petits conteneurs, tous les jours ou une fois par semaine\u2026 Comptez sur nous pour vous d\u00e9barrasser de vos montagnes &hellip;\" \/>\n<meta property=\"og:url\" content=\"https:\/\/oudpapiermichel.be\/fr\/diensten\/ramassage\/\" \/>\n<meta property=\"og:site_name\" content=\"Oud Papier Jozef Michel NV\" \/>\n<meta property=\"article:modified_time\" content=\"2017-02-16T08:00:11+00:00\" \/>\n<meta property=\"og:image\" content=\"https:\/\/oudpapiermichel.be\/wp-content\/uploads\/2016\/08\/containerspecial.jpg\" \/>\n\t<meta property=\"og:image:width\" content=\"259\" \/>\n\t<meta property=\"og:image:height\" content=\"137\" \/>\n\t<meta property=\"og:image:type\" content=\"image\/jpeg\" \/>\n<meta name=\"twitter:card\" content=\"summary_large_image\" \/>\n<script type=\"application\/ld+json\" class=\"yoast-schema-graph\">{\"@context\":\"https:\/\/schema.org\",\"@graph\":[{\"@type\":\"WebPage\",\"@id\":\"https:\/\/oudpapiermichel.be\/fr\/diensten\/ramassage\/\",\"url\":\"https:\/\/oudpapiermichel.be\/fr\/diensten\/ramassage\/\",\"name\":\"Ramassage - Oud Papier Jozef Michel NV\",\"isPartOf\":{\"@id\":\"https:\/\/oudpapiermichel.be\/#website\"},\"datePublished\":\"2016-08-31T07:24:49+00:00\",\"dateModified\":\"2017-02-16T08:00:11+00:00\",\"breadcrumb\":{\"@id\":\"https:\/\/oudpapiermichel.be\/fr\/diensten\/ramassage\/#breadcrumb\"},\"inLanguage\":\"fr-FR\",\"potentialAction\":[{\"@type\":\"ReadAction\",\"target\":[\"https:\/\/oudpapiermichel.be\/fr\/diensten\/ramassage\/\"]}]},{\"@type\":\"BreadcrumbList\",\"@id\":\"https:\/\/oudpapiermichel.be\/fr\/diensten\/ramassage\/#breadcrumb\",\"itemListElement\":[{\"@type\":\"ListItem\",\"position\":1,\"name\":\"Home\",\"item\":\"https:\/\/oudpapiermichel.be\/fr\/\"},{\"@type\":\"ListItem\",\"position\":2,\"name\":\"Services\",\"item\":\"https:\/\/oudpapiermichel.be\/fr\/diensten\/\"},{\"@type\":\"ListItem\",\"position\":3,\"name\":\"Ramassage\"}]},{\"@type\":\"WebSite\",\"@id\":\"https:\/\/oudpapiermichel.be\/#website\",\"url\":\"https:\/\/oudpapiermichel.be\/\",\"name\":\"Oud Papier Jozef Michel NV\",\"description\":\"Specialisten in oud papier\",\"potentialAction\":[{\"@type\":\"SearchAction\",\"target\":{\"@type\":\"EntryPoint\",\"urlTemplate\":\"https:\/\/oudpapiermichel.be\/?s={search_term_string}\"},\"query-input\":\"required name=search_term_string\"}],\"inLanguage\":\"fr-FR\"}]}<\/script>\n<!-- \/ Yoast SEO plugin. -->","yoast_head_json":{"title":"Ramassage - Oud Papier Jozef Michel NV","robots":{"index":"index","follow":"follow","max-snippet":"max-snippet:-1","max-image-preview":"max-image-preview:large","max-video-preview":"max-video-preview:-1"},"canonical":"https:\/\/oudpapiermichel.be\/fr\/diensten\/ramassage\/","og_locale":"fr_FR","og_type":"article","og_title":"Ramassage - Oud Papier Jozef Michel NV","og_description":"Ramassage r\u00e9gulier devant chez vous Nous collectons vos vieux papiers, d\u00e8s qu\u2019ils quittent votre entreprise. Nous le faisons de la mani\u00e8re qui vous convient le mieux : un seul grand conteneur central ou une s\u00e9rie de petits conteneurs, tous les jours ou une fois par semaine\u2026 Comptez sur nous pour vous d\u00e9barrasser de vos montagnes &hellip;","og_url":"https:\/\/oudpapiermichel.be\/fr\/diensten\/ramassage\/","og_site_name":"Oud Papier Jozef Michel NV","article_modified_time":"2017-02-16T08:00:11+00:00","og_image":[{"width":259,"height":137,"url":"https:\/\/oudpapiermichel.be\/wp-content\/uploads\/2016\/08\/containerspecial.jpg","type":"image\/jpeg"}],"twitter_card":"summary_large_image","schema":{"@context":"https:\/\/schema.org","@graph":[{"@type":"WebPage","@id":"https:\/\/oudpapiermichel.be\/fr\/diensten\/ramassage\/","url":"https:\/\/oudpapiermichel.be\/fr\/diensten\/ramassage\/","name":"Ramassage - Oud Papier Jozef Michel NV","isPartOf":{"@id":"https:\/\/oudpapiermichel.be\/#website"},"datePublished":"2016-08-31T07:24:49+00:00","dateModified":"2017-02-16T08:00:11+00:00","breadcrumb":{"@id":"https:\/\/oudpapiermichel.be\/fr\/diensten\/ramassage\/#breadcrumb"},"inLanguage":"fr-FR","potentialAction":[{"@type":"ReadAction","target":["https:\/\/oudpapiermichel.be\/fr\/diensten\/ramassage\/"]}]},{"@type":"BreadcrumbList","@id":"https:\/\/oudpapiermichel.be\/fr\/diensten\/ramassage\/#breadcrumb","itemListElement":[{"@type":"ListItem","position":1,"name":"Home","item":"https:\/\/oudpapiermichel.be\/fr\/"},{"@type":"ListItem","position":2,"name":"Services","item":"https:\/\/oudpapiermichel.be\/fr\/diensten\/"},{"@type":"ListItem","position":3,"name":"Ramassage"}]},{"@type":"WebSite","@id":"https:\/\/oudpapiermichel.be\/#website","url":"https:\/\/oudpapiermichel.be\/","name":"Oud Papier Jozef Michel NV","description":"Specialisten in oud papier","potentialAction":[{"@type":"SearchAction","target":{"@type":"EntryPoint","urlTemplate":"https:\/\/oudpapiermichel.be\/?s={search_term_string}"},"query-input":"required name=search_term_string"}],"inLanguage":"fr-FR"}]}},"_links":{"self":[{"href":"https:\/\/oudpapiermichel.be\/fr\/wp-json\/wp\/v2\/pages\/1147"}],"collection":[{"href":"https:\/\/oudpapiermichel.be\/fr\/wp-json\/wp\/v2\/pages"}],"about":[{"href":"https:\/\/oudpapiermichel.be\/fr\/wp-json\/wp\/v2\/types\/page"}],"author":[{"embeddable":true,"href":"https:\/\/oudpapiermichel.be\/fr\/wp-json\/wp\/v2\/users\/1"}],"replies":[{"embeddable":true,"href":"https:\/\/oudpapiermichel.be\/fr\/wp-json\/wp\/v2\/comments?post=1147"}],"version-history":[{"count":3,"href":"https:\/\/oudpapiermichel.be\/fr\/wp-json\/wp\/v2\/pages\/1147\/revisions"}],"predecessor-version":[{"id":1906,"href":"https:\/\/oudpapiermichel.be\/fr\/wp-json\/wp\/v2\/pages\/1147\/revisions\/1906"}],"up":[{"embeddable":true,"href":"https:\/\/oudpapiermichel.be\/fr\/wp-json\/wp\/v2\/pages\/1189"}],"wp:featuredmedia":[{"embeddable":true,"href":"https:\/\/oudpapiermichel.be\/fr\/wp-json\/wp\/v2\/media\/1139"}],"wp:attachment":[{"href":"https:\/\/oudpapiermichel.be\/fr\/wp-json\/wp\/v2\/media?parent=1147"}],"curies":[{"name":"wp","href":"https:\/\/api.w.org\/{rel}","templated":true}]}}