{"id":1154,"date":"2016-08-31T08:58:51","date_gmt":"2016-08-31T08:58:51","guid":{"rendered":"http:\/\/oudpapiermichel.be\/2016\/?page_id=1154&#038;lang=fr"},"modified":"2017-11-15T10:10:34","modified_gmt":"2017-11-15T08:10:34","slug":"specialistes-des-vieux-papiers","status":"publish","type":"page","link":"https:\/\/oudpapiermichel.be\/fr\/specialistes-des-vieux-papiers\/","title":{"rendered":"Sp\u00e9cialistes des vieux papiers"},"content":{"rendered":"<h2>Oud Papier Jozef Michel recycle le papier depuis plus de cinquante ans d\u00e9j\u00e0. Notre entreprise familiale fait, depuis, figure d\u2019autorit\u00e9 en Belgique et dans le reste du monde. Une r\u00e9putation dont vous b\u00e9n\u00e9ficiez doublement, car nous vous garantissons tant des prix serr\u00e9s qu\u2019un service de haute qualit\u00e9.<\/h2>\n<p>&nbsp;<\/p>\n<h2>Le meilleur prix pour votre papier<\/h2>\n<p>Nous recyclons chaque ann\u00e9e plus de 200 000 tonnes de vieux papiers. Cette quantit\u00e9 consid\u00e9rable fait de nous l\u2019un des fournisseurs favoris des usines de papier en Europe, en Asie et aux Etats-Unis. Elle nous donne aussi la libert\u00e9 et l\u2019ind\u00e9pendance n\u00e9cessaires pour toujours proposer les meilleures conditions pour votre vieux papier. M\u00eame en p\u00e9riode de surabondance. Vous b\u00e9n\u00e9ficiez ainsi toujours du meilleur \u00ab deal \u00bb pour votre papier.<\/p>\n<h2>Service de haute qualit\u00e9<\/h2>\n<p>Notre c\u0153ur de m\u00e9tier ? La collecte, l\u2019entreposage et le transport du papier. Nous avons, \u00e0 cet \u00e9gard, lourdement investi dans l\u2019infrastructure optimale de notre entreprise :<\/p>\n<ul>\n<li>vaste terrain d\u2019entreposage \u00e0 <strong>Anvers<\/strong> (6 hectares, dont la moiti\u00e9 couverte) ;<\/li>\n<li>deuxi\u00e8me terrain d\u2019entreposage \u00e0 <strong>Bruxelles<\/strong> (2 hectares, dont 8 000 m2 couverts) ;<\/li>\n<li>huit presses \u00e0 balle ultramodernes, ayant une capacit\u00e9 totale de presse de 1 000 tonnes par shift (dont un quart de capacit\u00e9 de r\u00e9serve) ;<\/li>\n<li>trois d\u00e9chiqueteurs pour pr\u00e9parer le papier ;<\/li>\n<li>dix-huit chariots \u00e9l\u00e9vateurs et bulldozers ;<\/li>\n<li>une flotte de camions \u00e9cologiques : nos 35 camions sont \u00e9quip\u00e9s de moteurs verts. Les acquisitions les plus r\u00e9centes sont \u00e9quip\u00e9es de moteurs Euro 5.<\/li>\n<\/ul>\n<p>Malgr\u00e9 une croissance annuelle de plus de 10 %, nous n\u2019utilisons actuellement qu\u2019\u00e0 peine trois quarts de nos capacit\u00e9s. Oud Papier Jozef Michel est donc par\u00e9 pour l\u2019avenir.<\/p>\n","protected":false},"excerpt":{"rendered":"<p>Oud Papier Jozef Michel recycle le papier depuis plus de cinquante ans d\u00e9j\u00e0. Notre entreprise familiale fait, depuis, figure d\u2019autorit\u00e9 en Belgique et dans le reste du monde. Une r\u00e9putation dont vous b\u00e9n\u00e9ficiez doublement, car nous vous garantissons tant des prix serr\u00e9s qu\u2019un service de haute qualit\u00e9. &nbsp; Le meilleur prix pour votre papier Nous &hellip;<\/p>\n","protected":false},"author":1,"featured_media":1620,"parent":0,"menu_order":0,"comment_status":"closed","ping_status":"closed","template":"","meta":[],"acf":[],"yoast_head":"<!-- This site is optimized with the Yoast SEO plugin v20.3 - https:\/\/yoast.com\/wordpress\/plugins\/seo\/ -->\n<title>Sp\u00e9cialistes des vieux papiers - Oud Papier Jozef Michel NV<\/title>\n<meta name=\"robots\" content=\"index, follow, max-snippet:-1, max-image-preview:large, max-video-preview:-1\" \/>\n<link rel=\"canonical\" href=\"https:\/\/oudpapiermichel.be\/fr\/specialistes-des-vieux-papiers\/\" \/>\n<meta property=\"og:locale\" content=\"fr_FR\" \/>\n<meta property=\"og:type\" content=\"article\" \/>\n<meta property=\"og:title\" content=\"Sp\u00e9cialistes des vieux papiers - Oud Papier Jozef Michel NV\" \/>\n<meta property=\"og:description\" content=\"Oud Papier Jozef Michel recycle le papier depuis plus de cinquante ans d\u00e9j\u00e0. Notre entreprise familiale fait, depuis, figure d\u2019autorit\u00e9 en Belgique et dans le reste du monde. Une r\u00e9putation dont vous b\u00e9n\u00e9ficiez doublement, car nous vous garantissons tant des prix serr\u00e9s qu\u2019un service de haute qualit\u00e9. &nbsp; Le meilleur prix pour votre papier Nous &hellip;\" \/>\n<meta property=\"og:url\" content=\"https:\/\/oudpapiermichel.be\/fr\/specialistes-des-vieux-papiers\/\" \/>\n<meta property=\"og:site_name\" content=\"Oud Papier Jozef Michel NV\" \/>\n<meta property=\"article:modified_time\" content=\"2017-11-15T08:10:34+00:00\" \/>\n<meta property=\"og:image\" content=\"https:\/\/oudpapiermichel.be\/wp-content\/uploads\/2016\/08\/Heftruck-papier.jpg\" \/>\n\t<meta property=\"og:image:width\" content=\"1000\" \/>\n\t<meta property=\"og:image:height\" content=\"569\" \/>\n\t<meta property=\"og:image:type\" content=\"image\/jpeg\" \/>\n<meta name=\"twitter:card\" content=\"summary_large_image\" \/>\n<meta name=\"twitter:label1\" content=\"Dur\u00e9e de lecture estim\u00e9e\" \/>\n\t<meta name=\"twitter:data1\" content=\"1 minute\" \/>\n<script type=\"application\/ld+json\" class=\"yoast-schema-graph\">{\"@context\":\"https:\/\/schema.org\",\"@graph\":[{\"@type\":\"WebPage\",\"@id\":\"https:\/\/oudpapiermichel.be\/fr\/specialistes-des-vieux-papiers\/\",\"url\":\"https:\/\/oudpapiermichel.be\/fr\/specialistes-des-vieux-papiers\/\",\"name\":\"Sp\u00e9cialistes des vieux papiers - Oud Papier Jozef Michel NV\",\"isPartOf\":{\"@id\":\"https:\/\/oudpapiermichel.be\/#website\"},\"datePublished\":\"2016-08-31T08:58:51+00:00\",\"dateModified\":\"2017-11-15T08:10:34+00:00\",\"breadcrumb\":{\"@id\":\"https:\/\/oudpapiermichel.be\/fr\/specialistes-des-vieux-papiers\/#breadcrumb\"},\"inLanguage\":\"fr-FR\",\"potentialAction\":[{\"@type\":\"ReadAction\",\"target\":[\"https:\/\/oudpapiermichel.be\/fr\/specialistes-des-vieux-papiers\/\"]}]},{\"@type\":\"BreadcrumbList\",\"@id\":\"https:\/\/oudpapiermichel.be\/fr\/specialistes-des-vieux-papiers\/#breadcrumb\",\"itemListElement\":[{\"@type\":\"ListItem\",\"position\":1,\"name\":\"Home\",\"item\":\"https:\/\/oudpapiermichel.be\/fr\/\"},{\"@type\":\"ListItem\",\"position\":2,\"name\":\"Sp\u00e9cialistes des vieux papiers\"}]},{\"@type\":\"WebSite\",\"@id\":\"https:\/\/oudpapiermichel.be\/#website\",\"url\":\"https:\/\/oudpapiermichel.be\/\",\"name\":\"Oud Papier Jozef Michel NV\",\"description\":\"Specialisten in oud papier\",\"potentialAction\":[{\"@type\":\"SearchAction\",\"target\":{\"@type\":\"EntryPoint\",\"urlTemplate\":\"https:\/\/oudpapiermichel.be\/?s={search_term_string}\"},\"query-input\":\"required name=search_term_string\"}],\"inLanguage\":\"fr-FR\"}]}<\/script>\n<!-- \/ Yoast SEO plugin. -->","yoast_head_json":{"title":"Sp\u00e9cialistes des vieux papiers - Oud Papier Jozef Michel NV","robots":{"index":"index","follow":"follow","max-snippet":"max-snippet:-1","max-image-preview":"max-image-preview:large","max-video-preview":"max-video-preview:-1"},"canonical":"https:\/\/oudpapiermichel.be\/fr\/specialistes-des-vieux-papiers\/","og_locale":"fr_FR","og_type":"article","og_title":"Sp\u00e9cialistes des vieux papiers - Oud Papier Jozef Michel NV","og_description":"Oud Papier Jozef Michel recycle le papier depuis plus de cinquante ans d\u00e9j\u00e0. Notre entreprise familiale fait, depuis, figure d\u2019autorit\u00e9 en Belgique et dans le reste du monde. Une r\u00e9putation dont vous b\u00e9n\u00e9ficiez doublement, car nous vous garantissons tant des prix serr\u00e9s qu\u2019un service de haute qualit\u00e9. &nbsp; Le meilleur prix pour votre papier Nous &hellip;","og_url":"https:\/\/oudpapiermichel.be\/fr\/specialistes-des-vieux-papiers\/","og_site_name":"Oud Papier Jozef Michel NV","article_modified_time":"2017-11-15T08:10:34+00:00","og_image":[{"width":1000,"height":569,"url":"https:\/\/oudpapiermichel.be\/wp-content\/uploads\/2016\/08\/Heftruck-papier.jpg","type":"image\/jpeg"}],"twitter_card":"summary_large_image","twitter_misc":{"Dur\u00e9e de lecture estim\u00e9e":"1 minute"},"schema":{"@context":"https:\/\/schema.org","@graph":[{"@type":"WebPage","@id":"https:\/\/oudpapiermichel.be\/fr\/specialistes-des-vieux-papiers\/","url":"https:\/\/oudpapiermichel.be\/fr\/specialistes-des-vieux-papiers\/","name":"Sp\u00e9cialistes des vieux papiers - Oud Papier Jozef Michel NV","isPartOf":{"@id":"https:\/\/oudpapiermichel.be\/#website"},"datePublished":"2016-08-31T08:58:51+00:00","dateModified":"2017-11-15T08:10:34+00:00","breadcrumb":{"@id":"https:\/\/oudpapiermichel.be\/fr\/specialistes-des-vieux-papiers\/#breadcrumb"},"inLanguage":"fr-FR","potentialAction":[{"@type":"ReadAction","target":["https:\/\/oudpapiermichel.be\/fr\/specialistes-des-vieux-papiers\/"]}]},{"@type":"BreadcrumbList","@id":"https:\/\/oudpapiermichel.be\/fr\/specialistes-des-vieux-papiers\/#breadcrumb","itemListElement":[{"@type":"ListItem","position":1,"name":"Home","item":"https:\/\/oudpapiermichel.be\/fr\/"},{"@type":"ListItem","position":2,"name":"Sp\u00e9cialistes des vieux papiers"}]},{"@type":"WebSite","@id":"https:\/\/oudpapiermichel.be\/#website","url":"https:\/\/oudpapiermichel.be\/","name":"Oud Papier Jozef Michel NV","description":"Specialisten in oud papier","potentialAction":[{"@type":"SearchAction","target":{"@type":"EntryPoint","urlTemplate":"https:\/\/oudpapiermichel.be\/?s={search_term_string}"},"query-input":"required name=search_term_string"}],"inLanguage":"fr-FR"}]}},"_links":{"self":[{"href":"https:\/\/oudpapiermichel.be\/fr\/wp-json\/wp\/v2\/pages\/1154"}],"collection":[{"href":"https:\/\/oudpapiermichel.be\/fr\/wp-json\/wp\/v2\/pages"}],"about":[{"href":"https:\/\/oudpapiermichel.be\/fr\/wp-json\/wp\/v2\/types\/page"}],"author":[{"embeddable":true,"href":"https:\/\/oudpapiermichel.be\/fr\/wp-json\/wp\/v2\/users\/1"}],"replies":[{"embeddable":true,"href":"https:\/\/oudpapiermichel.be\/fr\/wp-json\/wp\/v2\/comments?post=1154"}],"version-history":[{"count":6,"href":"https:\/\/oudpapiermichel.be\/fr\/wp-json\/wp\/v2\/pages\/1154\/revisions"}],"predecessor-version":[{"id":1909,"href":"https:\/\/oudpapiermichel.be\/fr\/wp-json\/wp\/v2\/pages\/1154\/revisions\/1909"}],"wp:featuredmedia":[{"embeddable":true,"href":"https:\/\/oudpapiermichel.be\/fr\/wp-json\/wp\/v2\/media\/1620"}],"wp:attachment":[{"href":"https:\/\/oudpapiermichel.be\/fr\/wp-json\/wp\/v2\/media?parent=1154"}],"curies":[{"name":"wp","href":"https:\/\/api.w.org\/{rel}","templated":true}]}}