{"id":1162,"date":"2016-08-31T09:04:49","date_gmt":"2016-08-31T07:04:49","guid":{"rendered":"http:\/\/oudpapiermichel.be\/2016\/?page_id=1162&#038;lang=fr"},"modified":"2023-03-15T07:47:25","modified_gmt":"2023-03-15T05:47:25","slug":"addresses-dachat","status":"publish","type":"page","link":"https:\/\/oudpapiermichel.be\/fr\/addresses-dachat\/","title":{"rendered":"Addresses d&#8217;achat"},"content":{"rendered":"<div id=\"pl-1162\"  class=\"panel-layout\" ><div id=\"pg-1162-0\"  class=\"panel-grid panel-no-style\" ><div id=\"pgc-1162-0-0\"  class=\"panel-grid-cell\" ><div id=\"panel-1162-0-0-0\" class=\"so-panel widget widget_sow-editor panel-first-child panel-last-child\" data-index=\"0\" ><div\n\t\t\t\n\t\t\tclass=\"so-widget-sow-editor so-widget-sow-editor-base\"\n\t\t\t\n\t\t>\n<div class=\"siteorigin-widget-tinymce textwidget\">\n\t<p>Vous pouvez soumettre votre papier dans un de nos addresses d'achat eux-m\u00eames. Nous payons le prix de march\u00e9 plus \u00e9lev\u00e9s.<\/p>\n<p><strong>Kalmthout<\/strong><br \/>\nIndustriezone Bosduin<br \/>\nBrasschaatsteenweg 300<br \/>\nB 2920 Kalmthout<br \/>\nHeures d'ouverture: 08.00 - 17.00<\/p>\n<p>&nbsp;<\/p>\n<\/div>\n<\/div><\/div><\/div><div id=\"pgc-1162-0-1\"  class=\"panel-grid-cell\" ><div id=\"panel-1162-0-1-0\" class=\"so-panel widget widget_sow-image panel-first-child panel-last-child\" data-index=\"1\" ><div\n\t\t\t\n\t\t\tclass=\"so-widget-sow-image so-widget-sow-image-default-d6014b76747a-1162\"\n\t\t\t\n\t\t>\n\n<div class=\"sow-image-container\">\n\t\t<img src=\"https:\/\/oudpapiermichel.be\/wp-content\/uploads\/2016\/08\/papierisgeld.png\" width=\"470\" height=\"353\" srcset=\"https:\/\/oudpapiermichel.be\/wp-content\/uploads\/2016\/08\/papierisgeld.png 470w, https:\/\/oudpapiermichel.be\/wp-content\/uploads\/2016\/08\/papierisgeld-300x225.png 300w\" sizes=\"(max-width: 470px) 100vw, 470px\" alt=\"aankooppunten papier\" loading=\"lazy\" \t\tclass=\"so-widget-image\"\/>\n\t<\/div>\n\n<\/div><\/div><\/div><\/div><\/div>","protected":false},"excerpt":{"rendered":"<p>Vous pouvez soumettre votre papier dans un de nos addresses d&#8217;achat eux-m\u00eames. Nous payons le prix de march\u00e9 plus \u00e9lev\u00e9s. Kalmthout Industriezone Bosduin Brasschaatsteenweg 300 B 2920 Kalmthout Heures d&#8217;ouverture: 08.00 &#8211; 17.00 &nbsp;<\/p>\n","protected":false},"author":1,"featured_media":1360,"parent":0,"menu_order":0,"comment_status":"closed","ping_status":"closed","template":"","meta":[],"acf":[],"yoast_head":"<!-- This site is optimized with the Yoast SEO plugin v20.3 - https:\/\/yoast.com\/wordpress\/plugins\/seo\/ -->\n<title>Addresses d&#039;achat - Oud Papier Jozef Michel NV<\/title>\n<meta name=\"robots\" content=\"index, follow, max-snippet:-1, max-image-preview:large, max-video-preview:-1\" \/>\n<link rel=\"canonical\" href=\"https:\/\/oudpapiermichel.be\/fr\/addresses-dachat\/\" \/>\n<meta property=\"og:locale\" content=\"fr_FR\" \/>\n<meta property=\"og:type\" content=\"article\" \/>\n<meta property=\"og:title\" content=\"Addresses d&#039;achat - Oud Papier Jozef Michel NV\" \/>\n<meta property=\"og:description\" content=\"Vous pouvez soumettre votre papier dans un de nos addresses d&#039;achat eux-m\u00eames. Nous payons le prix de march\u00e9 plus \u00e9lev\u00e9s. Kalmthout Industriezone Bosduin Brasschaatsteenweg 300 B 2920 Kalmthout Heures d&#039;ouverture: 08.00 - 17.00 &nbsp;\" \/>\n<meta property=\"og:url\" content=\"https:\/\/oudpapiermichel.be\/fr\/addresses-dachat\/\" \/>\n<meta property=\"og:site_name\" content=\"Oud Papier Jozef Michel NV\" \/>\n<meta property=\"article:modified_time\" content=\"2023-03-15T05:47:25+00:00\" \/>\n<meta property=\"og:image\" content=\"https:\/\/oudpapiermichel.be\/wp-content\/uploads\/2016\/08\/euro-briejes-OPJM.jpg\" \/>\n\t<meta property=\"og:image:width\" content=\"1010\" \/>\n\t<meta property=\"og:image:height\" content=\"720\" \/>\n\t<meta property=\"og:image:type\" content=\"image\/jpeg\" \/>\n<meta name=\"twitter:card\" content=\"summary_large_image\" \/>\n<meta name=\"twitter:label1\" content=\"Dur\u00e9e de lecture estim\u00e9e\" \/>\n\t<meta name=\"twitter:data1\" content=\"1 minute\" \/>\n<script type=\"application\/ld+json\" class=\"yoast-schema-graph\">{\"@context\":\"https:\/\/schema.org\",\"@graph\":[{\"@type\":\"WebPage\",\"@id\":\"https:\/\/oudpapiermichel.be\/fr\/addresses-dachat\/\",\"url\":\"https:\/\/oudpapiermichel.be\/fr\/addresses-dachat\/\",\"name\":\"Addresses d'achat - Oud Papier Jozef Michel NV\",\"isPartOf\":{\"@id\":\"https:\/\/oudpapiermichel.be\/#website\"},\"datePublished\":\"2016-08-31T07:04:49+00:00\",\"dateModified\":\"2023-03-15T05:47:25+00:00\",\"breadcrumb\":{\"@id\":\"https:\/\/oudpapiermichel.be\/fr\/addresses-dachat\/#breadcrumb\"},\"inLanguage\":\"fr-FR\",\"potentialAction\":[{\"@type\":\"ReadAction\",\"target\":[\"https:\/\/oudpapiermichel.be\/fr\/addresses-dachat\/\"]}]},{\"@type\":\"BreadcrumbList\",\"@id\":\"https:\/\/oudpapiermichel.be\/fr\/addresses-dachat\/#breadcrumb\",\"itemListElement\":[{\"@type\":\"ListItem\",\"position\":1,\"name\":\"Home\",\"item\":\"https:\/\/oudpapiermichel.be\/fr\/\"},{\"@type\":\"ListItem\",\"position\":2,\"name\":\"Addresses d&#8217;achat\"}]},{\"@type\":\"WebSite\",\"@id\":\"https:\/\/oudpapiermichel.be\/#website\",\"url\":\"https:\/\/oudpapiermichel.be\/\",\"name\":\"Oud Papier Jozef Michel NV\",\"description\":\"Specialisten in oud papier\",\"potentialAction\":[{\"@type\":\"SearchAction\",\"target\":{\"@type\":\"EntryPoint\",\"urlTemplate\":\"https:\/\/oudpapiermichel.be\/?s={search_term_string}\"},\"query-input\":\"required name=search_term_string\"}],\"inLanguage\":\"fr-FR\"}]}<\/script>\n<!-- \/ Yoast SEO plugin. -->","yoast_head_json":{"title":"Addresses d'achat - Oud Papier Jozef Michel NV","robots":{"index":"index","follow":"follow","max-snippet":"max-snippet:-1","max-image-preview":"max-image-preview:large","max-video-preview":"max-video-preview:-1"},"canonical":"https:\/\/oudpapiermichel.be\/fr\/addresses-dachat\/","og_locale":"fr_FR","og_type":"article","og_title":"Addresses d'achat - Oud Papier Jozef Michel NV","og_description":"Vous pouvez soumettre votre papier dans un de nos addresses d'achat eux-m\u00eames. Nous payons le prix de march\u00e9 plus \u00e9lev\u00e9s. Kalmthout Industriezone Bosduin Brasschaatsteenweg 300 B 2920 Kalmthout Heures d'ouverture: 08.00 - 17.00 &nbsp;","og_url":"https:\/\/oudpapiermichel.be\/fr\/addresses-dachat\/","og_site_name":"Oud Papier Jozef Michel NV","article_modified_time":"2023-03-15T05:47:25+00:00","og_image":[{"width":1010,"height":720,"url":"https:\/\/oudpapiermichel.be\/wp-content\/uploads\/2016\/08\/euro-briejes-OPJM.jpg","type":"image\/jpeg"}],"twitter_card":"summary_large_image","twitter_misc":{"Dur\u00e9e de lecture estim\u00e9e":"1 minute"},"schema":{"@context":"https:\/\/schema.org","@graph":[{"@type":"WebPage","@id":"https:\/\/oudpapiermichel.be\/fr\/addresses-dachat\/","url":"https:\/\/oudpapiermichel.be\/fr\/addresses-dachat\/","name":"Addresses d'achat - Oud Papier Jozef Michel NV","isPartOf":{"@id":"https:\/\/oudpapiermichel.be\/#website"},"datePublished":"2016-08-31T07:04:49+00:00","dateModified":"2023-03-15T05:47:25+00:00","breadcrumb":{"@id":"https:\/\/oudpapiermichel.be\/fr\/addresses-dachat\/#breadcrumb"},"inLanguage":"fr-FR","potentialAction":[{"@type":"ReadAction","target":["https:\/\/oudpapiermichel.be\/fr\/addresses-dachat\/"]}]},{"@type":"BreadcrumbList","@id":"https:\/\/oudpapiermichel.be\/fr\/addresses-dachat\/#breadcrumb","itemListElement":[{"@type":"ListItem","position":1,"name":"Home","item":"https:\/\/oudpapiermichel.be\/fr\/"},{"@type":"ListItem","position":2,"name":"Addresses d&#8217;achat"}]},{"@type":"WebSite","@id":"https:\/\/oudpapiermichel.be\/#website","url":"https:\/\/oudpapiermichel.be\/","name":"Oud Papier Jozef Michel NV","description":"Specialisten in oud papier","potentialAction":[{"@type":"SearchAction","target":{"@type":"EntryPoint","urlTemplate":"https:\/\/oudpapiermichel.be\/?s={search_term_string}"},"query-input":"required name=search_term_string"}],"inLanguage":"fr-FR"}]}},"_links":{"self":[{"href":"https:\/\/oudpapiermichel.be\/fr\/wp-json\/wp\/v2\/pages\/1162"}],"collection":[{"href":"https:\/\/oudpapiermichel.be\/fr\/wp-json\/wp\/v2\/pages"}],"about":[{"href":"https:\/\/oudpapiermichel.be\/fr\/wp-json\/wp\/v2\/types\/page"}],"author":[{"embeddable":true,"href":"https:\/\/oudpapiermichel.be\/fr\/wp-json\/wp\/v2\/users\/1"}],"replies":[{"embeddable":true,"href":"https:\/\/oudpapiermichel.be\/fr\/wp-json\/wp\/v2\/comments?post=1162"}],"version-history":[{"count":5,"href":"https:\/\/oudpapiermichel.be\/fr\/wp-json\/wp\/v2\/pages\/1162\/revisions"}],"predecessor-version":[{"id":14582,"href":"https:\/\/oudpapiermichel.be\/fr\/wp-json\/wp\/v2\/pages\/1162\/revisions\/14582"}],"wp:featuredmedia":[{"embeddable":true,"href":"https:\/\/oudpapiermichel.be\/fr\/wp-json\/wp\/v2\/media\/1360"}],"wp:attachment":[{"href":"https:\/\/oudpapiermichel.be\/fr\/wp-json\/wp\/v2\/media?parent=1162"}],"curies":[{"name":"wp","href":"https:\/\/api.w.org\/{rel}","templated":true}]}}