{"id":1172,"date":"2016-08-08T12:43:02","date_gmt":"2016-08-08T12:43:02","guid":{"rendered":"http:\/\/oudpapiermichel.be\/2016\/?page_id=1172&#038;lang=fr"},"modified":"2017-02-16T09:56:51","modified_gmt":"2017-02-16T07:56:51","slug":"contacteer-ons","status":"publish","type":"page","link":"https:\/\/oudpapiermichel.be\/fr\/contacteer-ons\/","title":{"rendered":"Contact"},"content":{"rendered":"<div id=\"pl-1172\"  class=\"panel-layout\" ><div id=\"pg-1172-0\"  class=\"panel-grid panel-no-style\" ><div id=\"pgc-1172-0-0\"  class=\"panel-grid-cell\" ><div id=\"panel-1172-0-0-0\" class=\"so-panel widget widget_sow-editor panel-first-child panel-last-child\" data-index=\"0\" ><div\n\t\t\t\n\t\t\tclass=\"so-widget-sow-editor so-widget-sow-editor-base\"\n\t\t\t\n\t\t>\n<div class=\"siteorigin-widget-tinymce textwidget\">\n\t<p>Une relation de confiance, chaleureuse et personnelle entre nos clients et fournisseurs nous semble tr\u00e8s importante et nous esp\u00e9rons \u00e9tablir une telle relation avec vous si nous avons l\u2019opportunit\u00e9 de travailler ensemble \u00e0 l\u2019avenir.<br \/> Pour nous contacter et obtenir de plus amples informations, compl\u00e9tez le formulaire ci-dessous.<\/p>\n<\/div>\n<\/div><\/div><\/div><\/div><div id=\"pg-1172-1\"  class=\"panel-grid panel-no-style\" ><div id=\"pgc-1172-1-0\"  class=\"panel-grid-cell\" ><div id=\"panel-1172-1-0-0\" class=\"so-panel widget widget_text panel-first-child panel-last-child\" data-index=\"1\" ><h3 class=\"widget-title\"><span class=\"widget-title__inline\">Contactez-nous<\/span><\/h3>\t\t\t<div class=\"textwidget\">\n<div class=\"wpcf7 no-js\" id=\"wpcf7-f1540-o1\" lang=\"en-US\" dir=\"ltr\">\n<div class=\"screen-reader-response\"><p role=\"status\" aria-live=\"polite\" aria-atomic=\"true\"><\/p> <ul><\/ul><\/div>\n<form action=\"\/fr\/wp-json\/wp\/v2\/pages\/1172#wpcf7-f1540-o1\" method=\"post\" class=\"wpcf7-form init\" aria-label=\"Contact form\" novalidate=\"novalidate\" data-status=\"init\">\n<div style=\"display: none;\">\n<input type=\"hidden\" name=\"_wpcf7\" value=\"1540\" \/>\n<input type=\"hidden\" name=\"_wpcf7_version\" value=\"5.7.4\" \/>\n<input type=\"hidden\" name=\"_wpcf7_locale\" value=\"en_US\" \/>\n<input type=\"hidden\" name=\"_wpcf7_unit_tag\" value=\"wpcf7-f1540-o1\" \/>\n<input type=\"hidden\" name=\"_wpcf7_container_post\" value=\"0\" \/>\n<input type=\"hidden\" name=\"_wpcf7_posted_data_hash\" value=\"\" \/>\n<input type=\"hidden\" name=\"_wpcf7_recaptcha_response\" value=\"\" \/>\n<\/div>\n<div class=\"row\">\n\t<div class=\"col-xs-12  col-lg-5\">\n\t\t<p><span class=\"wpcf7-form-control-wrap\" data-name=\"name\"><input size=\"40\" class=\"wpcf7-form-control wpcf7-text wpcf7-validates-as-required form-control\" aria-required=\"true\" aria-invalid=\"false\" placeholder=\"Votre nom\" value=\"\" type=\"text\" name=\"name\" \/><\/span><br \/>\n<span class=\"wpcf7-form-control-wrap\" data-name=\"your-email\"><input size=\"40\" class=\"wpcf7-form-control wpcf7-text wpcf7-email wpcf7-validates-as-required wpcf7-validates-as-email form-control\" aria-required=\"true\" aria-invalid=\"false\" placeholder=\"E-mail\" value=\"\" type=\"email\" name=\"your-email\" \/><\/span><br \/>\n<span class=\"wpcf7-form-control-wrap\" data-name=\"telephone\"><input size=\"40\" class=\"wpcf7-form-control wpcf7-text wpcf7-validates-as-required form-control\" aria-required=\"true\" aria-invalid=\"false\" placeholder=\"Telephone\" value=\"\" type=\"text\" name=\"telephone\" \/><\/span><br \/>\n<span class=\"wpcf7-form-control-wrap\" data-name=\"your-subject\"><input size=\"40\" class=\"wpcf7-form-control wpcf7-text form-control\" aria-invalid=\"false\" placeholder=\"Subject\" value=\"\" type=\"text\" name=\"your-subject\" \/><\/span>\n\t\t<\/p>\n\t<\/div>\n\t<div class=\"col-xs-12  col-lg-7\">\n\t\t<p><span class=\"wpcf7-form-control-wrap\" data-name=\"your-message\"><textarea cols=\"40\" rows=\"10\" class=\"wpcf7-form-control wpcf7-textarea form-control\" aria-invalid=\"false\" placeholder=\"Message\" name=\"your-message\"><\/textarea><\/span><br \/>\n<span class=\"wpcf7-form-control-wrap\" data-name=\"ramassage\"><input size=\"40\" class=\"wpcf7-form-control wpcf7-text form-control\" aria-invalid=\"false\" placeholder=\"Adresse de ramassage\" value=\"\" type=\"text\" name=\"ramassage\" \/><\/span><br \/>\n\t\t<br \/>\n<input class=\"wpcf7-form-control has-spinner wpcf7-submit btn btn-primary\" type=\"submit\" value=\"ENVOYER\" \/>\n\t\t<\/p>\n\t<\/div>\n<\/div><p style=\"display: none !important;\" class=\"akismet-fields-container\" data-prefix=\"_wpcf7_ak_\"><label>&#916;<textarea name=\"_wpcf7_ak_hp_textarea\" cols=\"45\" rows=\"8\" maxlength=\"100\"><\/textarea><\/label><input type=\"hidden\" id=\"ak_js_1\" name=\"_wpcf7_ak_js\" value=\"57\"\/><script>document.getElementById( \"ak_js_1\" ).setAttribute( \"value\", ( new Date() ).getTime() );<\/script><\/p><div class=\"wpcf7-response-output\" aria-hidden=\"true\"><\/div>\n<\/form>\n<\/div>\n<\/div>\n\t\t<\/div><\/div><\/div><div id=\"pg-1172-2\"  class=\"panel-grid panel-no-style\" ><div id=\"pgc-1172-2-0\"  class=\"panel-grid-cell\" ><div id=\"panel-1172-2-0-0\" class=\"so-panel widget widget_sow-google-map panel-first-child panel-last-child\" data-index=\"2\" ><div\n\t\t\t\n\t\t\tclass=\"so-widget-sow-google-map so-widget-sow-google-map-default-6b23895f316e-1172\"\n\t\t\t\n\t\t>\n<div class=\"sow-google-map-canvas\"\n\tstyle=\"\"\n\tid=\"map-canvas-d3d216397c51d5b46abb2f0963bc11ed\"\n\tdata-options=\"{&quot;address&quot;:&quot;Brasschaatsteenweg 300, 2920 Kalmthout, Belgium&quot;,&quot;zoom&quot;:12,&quot;mobileZoom&quot;:12,&quot;gestureHandling&quot;:&quot;greedy&quot;,&quot;disableUi&quot;:false,&quot;keepCentered&quot;:false,&quot;markerIcon&quot;:&quot;&quot;,&quot;markersDraggable&quot;:false,&quot;markerAtCenter&quot;:true,&quot;markerInfoDisplay&quot;:&quot;click&quot;,&quot;markerInfoMultiple&quot;:true,&quot;markerPositions&quot;:&quot;&quot;,&quot;mapName&quot;:&quot;&quot;,&quot;mapStyles&quot;:&quot;&quot;,&quot;directions&quot;:&quot;&quot;,&quot;apiKey&quot;:&quot;AIzaSyB84h-FOee2wt_PWdzQ1IqLQc96JdQDe9o&quot;,&quot;breakpoint&quot;:780}\"\n\tdata-fallback-image=\"{&quot;img&quot;:&quot;&quot;}\"><\/div>\n<\/div><\/div><\/div><div id=\"pgc-1172-2-1\"  class=\"panel-grid-cell\" ><div id=\"panel-1172-2-1-0\" class=\"so-panel widget widget_text panel-first-child\" data-index=\"3\" ><h3 class=\"widget-title\"><span class=\"widget-title__inline\">Route Si\u00e8ge Social<\/span><\/h3>\t\t\t<div class=\"textwidget\"><p>Autoroute Anvers \u2013 Breda \u2013 Prendre la sortie N\u00b0 4 en direction de Kalmthout.<br \/>\nAu feu, continuer tout droit en direction de Essen \u2013 Roosendaal.<br \/>\nApr\u00e8s environ 4 kilom\u00e8tres, prendre \u00e0 gauche : Oud Papier Jozef Michel S.A.\/N.V. <\/p>\n<\/div>\n\t\t<\/div><div id=\"panel-1172-2-1-1\" class=\"so-panel widget widget_pw_icon_box widget-icon-box\" data-index=\"4\" ><div class=\"panel-widget-style panel-widget-style-for-1172-2-1-1\" >\n\t\t\t<div class=\"icon-box\">\n\t\n\t\t<i class=\"fa  fa-home\"><\/i>\n\t\t<h4 class=\"icon-box__title\">Si\u00e8ge Social<\/h4>\n\t\t<span class=\"icon-box__subtitle\">Zone d'industrie 'Bosduin' <br>Brasschaatsteenweg 300<br> B-2920 Kalmthout<\/span>\n\n\t\t\t<\/div>\n\t\n<\/div><\/div><div id=\"panel-1172-2-1-2\" class=\"so-panel widget widget_pw_icon_box widget-icon-box\" data-index=\"5\" ><div class=\"panel-widget-style panel-widget-style-for-1172-2-1-2\" >\n\t\t\t<div class=\"icon-box\">\n\t\n\t\t<i class=\"fa  fa-clock-o\"><\/i>\n\t\t<h4 class=\"icon-box__title\">Heures d'ouvertures<\/h4>\n\t\t<span class=\"icon-box__subtitle\">Ma-Do: 08.00 - 16.00 <br>Vrijdag: 08.00 - 14.00 <\/span>\n\n\t\t\t<\/div>\n\t\n<\/div><\/div><div id=\"panel-1172-2-1-3\" class=\"so-panel widget widget_pw_icon_box widget-icon-box\" data-index=\"6\" ><div class=\"panel-widget-style panel-widget-style-for-1172-2-1-3\" >\n\t\t\t<div class=\"icon-box\">\n\t\n\t\t<i class=\"fa  fa-phone\"><\/i>\n\t\t<h4 class=\"icon-box__title\">Telephone<\/h4>\n\t\t<span class=\"icon-box__subtitle\">Tel: +32 (0)3 666 96 79<\/span>\n\n\t\t\t<\/div>\n\t\n<\/div><\/div><div id=\"panel-1172-2-1-4\" class=\"so-panel widget widget_pw_icon_box widget-icon-box panel-last-child\" data-index=\"7\" ><div class=\"panel-widget-style panel-widget-style-for-1172-2-1-4\" >\n\t\t\t<div class=\"icon-box\">\n\t\n\t\t<i class=\"fa  fa-inbox\"><\/i>\n\t\t<h4 class=\"icon-box__title\">Fax<\/h4>\n\t\t<span class=\"icon-box__subtitle\">+32 (0)3 666 91 67<\/span>\n\n\t\t\t<\/div>\n\t\n<\/div><\/div><\/div><\/div><\/div>","protected":false},"excerpt":{"rendered":"<p>Une relation de confiance, chaleureuse et personnelle entre nos clients et fournisseurs nous semble tr\u00e8s importante et nous esp\u00e9rons \u00e9tablir une telle relation avec vous si nous avons l\u2019opportunit\u00e9 de travailler ensemble \u00e0 l\u2019avenir. Pour nous contacter et obtenir de plus amples informations, compl\u00e9tez le formulaire ci-dessous.<\/p>\n","protected":false},"author":1,"featured_media":0,"parent":0,"menu_order":0,"comment_status":"closed","ping_status":"closed","template":"","meta":[],"acf":[],"yoast_head":"<!-- This site is optimized with the Yoast SEO plugin v20.3 - https:\/\/yoast.com\/wordpress\/plugins\/seo\/ -->\n<title>Contact - Oud Papier Jozef Michel NV<\/title>\n<meta name=\"robots\" content=\"index, follow, max-snippet:-1, max-image-preview:large, max-video-preview:-1\" \/>\n<link rel=\"canonical\" href=\"https:\/\/oudpapiermichel.be\/fr\/contacteer-ons\/\" \/>\n<meta property=\"og:locale\" content=\"fr_FR\" \/>\n<meta property=\"og:type\" content=\"article\" \/>\n<meta property=\"og:title\" content=\"Contact - Oud Papier Jozef Michel NV\" \/>\n<meta property=\"og:description\" content=\"Une relation de confiance, chaleureuse et personnelle entre nos clients et fournisseurs nous semble tr\u00e8s importante et nous esp\u00e9rons \u00e9tablir une telle relation avec vous si nous avons l\u2019opportunit\u00e9 de travailler ensemble \u00e0 l\u2019avenir. Pour nous contacter et obtenir de plus amples informations, compl\u00e9tez le formulaire ci-dessous.\" \/>\n<meta property=\"og:url\" content=\"https:\/\/oudpapiermichel.be\/fr\/contacteer-ons\/\" \/>\n<meta property=\"og:site_name\" content=\"Oud Papier Jozef Michel NV\" \/>\n<meta property=\"article:modified_time\" content=\"2017-02-16T07:56:51+00:00\" \/>\n<meta name=\"twitter:card\" content=\"summary_large_image\" \/>\n<meta name=\"twitter:label1\" content=\"Dur\u00e9e de lecture estim\u00e9e\" \/>\n\t<meta name=\"twitter:data1\" content=\"1 minute\" \/>\n<script type=\"application\/ld+json\" class=\"yoast-schema-graph\">{\"@context\":\"https:\/\/schema.org\",\"@graph\":[{\"@type\":\"WebPage\",\"@id\":\"https:\/\/oudpapiermichel.be\/fr\/contacteer-ons\/\",\"url\":\"https:\/\/oudpapiermichel.be\/fr\/contacteer-ons\/\",\"name\":\"Contact - Oud Papier Jozef Michel NV\",\"isPartOf\":{\"@id\":\"https:\/\/oudpapiermichel.be\/#website\"},\"datePublished\":\"2016-08-08T12:43:02+00:00\",\"dateModified\":\"2017-02-16T07:56:51+00:00\",\"breadcrumb\":{\"@id\":\"https:\/\/oudpapiermichel.be\/fr\/contacteer-ons\/#breadcrumb\"},\"inLanguage\":\"fr-FR\",\"potentialAction\":[{\"@type\":\"ReadAction\",\"target\":[\"https:\/\/oudpapiermichel.be\/fr\/contacteer-ons\/\"]}]},{\"@type\":\"BreadcrumbList\",\"@id\":\"https:\/\/oudpapiermichel.be\/fr\/contacteer-ons\/#breadcrumb\",\"itemListElement\":[{\"@type\":\"ListItem\",\"position\":1,\"name\":\"Home\",\"item\":\"https:\/\/oudpapiermichel.be\/fr\/\"},{\"@type\":\"ListItem\",\"position\":2,\"name\":\"Contact\"}]},{\"@type\":\"WebSite\",\"@id\":\"https:\/\/oudpapiermichel.be\/#website\",\"url\":\"https:\/\/oudpapiermichel.be\/\",\"name\":\"Oud Papier Jozef Michel NV\",\"description\":\"Specialisten in oud papier\",\"potentialAction\":[{\"@type\":\"SearchAction\",\"target\":{\"@type\":\"EntryPoint\",\"urlTemplate\":\"https:\/\/oudpapiermichel.be\/?s={search_term_string}\"},\"query-input\":\"required name=search_term_string\"}],\"inLanguage\":\"fr-FR\"}]}<\/script>\n<!-- \/ Yoast SEO plugin. -->","yoast_head_json":{"title":"Contact - Oud Papier Jozef Michel NV","robots":{"index":"index","follow":"follow","max-snippet":"max-snippet:-1","max-image-preview":"max-image-preview:large","max-video-preview":"max-video-preview:-1"},"canonical":"https:\/\/oudpapiermichel.be\/fr\/contacteer-ons\/","og_locale":"fr_FR","og_type":"article","og_title":"Contact - Oud Papier Jozef Michel NV","og_description":"Une relation de confiance, chaleureuse et personnelle entre nos clients et fournisseurs nous semble tr\u00e8s importante et nous esp\u00e9rons \u00e9tablir une telle relation avec vous si nous avons l\u2019opportunit\u00e9 de travailler ensemble \u00e0 l\u2019avenir. Pour nous contacter et obtenir de plus amples informations, compl\u00e9tez le formulaire ci-dessous.","og_url":"https:\/\/oudpapiermichel.be\/fr\/contacteer-ons\/","og_site_name":"Oud Papier Jozef Michel NV","article_modified_time":"2017-02-16T07:56:51+00:00","twitter_card":"summary_large_image","twitter_misc":{"Dur\u00e9e de lecture estim\u00e9e":"1 minute"},"schema":{"@context":"https:\/\/schema.org","@graph":[{"@type":"WebPage","@id":"https:\/\/oudpapiermichel.be\/fr\/contacteer-ons\/","url":"https:\/\/oudpapiermichel.be\/fr\/contacteer-ons\/","name":"Contact - Oud Papier Jozef Michel NV","isPartOf":{"@id":"https:\/\/oudpapiermichel.be\/#website"},"datePublished":"2016-08-08T12:43:02+00:00","dateModified":"2017-02-16T07:56:51+00:00","breadcrumb":{"@id":"https:\/\/oudpapiermichel.be\/fr\/contacteer-ons\/#breadcrumb"},"inLanguage":"fr-FR","potentialAction":[{"@type":"ReadAction","target":["https:\/\/oudpapiermichel.be\/fr\/contacteer-ons\/"]}]},{"@type":"BreadcrumbList","@id":"https:\/\/oudpapiermichel.be\/fr\/contacteer-ons\/#breadcrumb","itemListElement":[{"@type":"ListItem","position":1,"name":"Home","item":"https:\/\/oudpapiermichel.be\/fr\/"},{"@type":"ListItem","position":2,"name":"Contact"}]},{"@type":"WebSite","@id":"https:\/\/oudpapiermichel.be\/#website","url":"https:\/\/oudpapiermichel.be\/","name":"Oud Papier Jozef Michel NV","description":"Specialisten in oud papier","potentialAction":[{"@type":"SearchAction","target":{"@type":"EntryPoint","urlTemplate":"https:\/\/oudpapiermichel.be\/?s={search_term_string}"},"query-input":"required name=search_term_string"}],"inLanguage":"fr-FR"}]}},"_links":{"self":[{"href":"https:\/\/oudpapiermichel.be\/fr\/wp-json\/wp\/v2\/pages\/1172"}],"collection":[{"href":"https:\/\/oudpapiermichel.be\/fr\/wp-json\/wp\/v2\/pages"}],"about":[{"href":"https:\/\/oudpapiermichel.be\/fr\/wp-json\/wp\/v2\/types\/page"}],"author":[{"embeddable":true,"href":"https:\/\/oudpapiermichel.be\/fr\/wp-json\/wp\/v2\/users\/1"}],"replies":[{"embeddable":true,"href":"https:\/\/oudpapiermichel.be\/fr\/wp-json\/wp\/v2\/comments?post=1172"}],"version-history":[{"count":17,"href":"https:\/\/oudpapiermichel.be\/fr\/wp-json\/wp\/v2\/pages\/1172\/revisions"}],"predecessor-version":[{"id":1901,"href":"https:\/\/oudpapiermichel.be\/fr\/wp-json\/wp\/v2\/pages\/1172\/revisions\/1901"}],"wp:attachment":[{"href":"https:\/\/oudpapiermichel.be\/fr\/wp-json\/wp\/v2\/media?parent=1172"}],"curies":[{"name":"wp","href":"https:\/\/api.w.org\/{rel}","templated":true}]}}