{"id":1189,"date":"2016-08-08T12:41:32","date_gmt":"2016-08-08T12:41:32","guid":{"rendered":"http:\/\/oudpapiermichel.be\/2016\/index.php\/diensten\/?lang=fr"},"modified":"2017-11-15T10:13:42","modified_gmt":"2017-11-15T08:13:42","slug":"diensten","status":"publish","type":"page","link":"https:\/\/oudpapiermichel.be\/fr\/diensten\/","title":{"rendered":"Services"},"content":{"rendered":"<div id=\"pl-1189\"  class=\"panel-layout\" ><div id=\"pg-1189-0\"  class=\"panel-grid panel-no-style\" ><div id=\"pgc-1189-0-0\"  class=\"panel-grid-cell\" ><div id=\"panel-1189-0-0-0\" class=\"so-panel widget widget_sow-editor panel-first-child panel-last-child\" data-index=\"0\" ><div\n\t\t\t\n\t\t\tclass=\"so-widget-sow-editor so-widget-sow-editor-base\"\n\t\t\t\n\t\t>\n<div class=\"siteorigin-widget-tinymce textwidget\">\n\t<p><a class=\"page-box__picture\" href=\"http:\/\/oudpapiermichel.be\/2016\/index.php\/diensten\/ramassage\/?lang=fr\"><br \/>\n<img decoding=\"async\" loading=\"lazy\" src=\"http:\/\/oudpapiermichel.be\/wp-content\/uploads\/2016\/08\/containerspecial.jpg\" srcset=\"http:\/\/oudpapiermichel.be\/wp-content\/uploads\/2016\/08\/containerspecial.jpg 259w, http:\/\/oudpapiermichel.be\/wp-content\/uploads\/2016\/08\/containerspecial.jpg 259w\" sizes=\"(min-width: 992px) 360px, calc(100vw - 30px)\" class=\"wp-post-image\" alt=\"Ramassage\" height=\"137\" width=\"259\"><br \/>\n<\/a><\/p>\n<h4 class=\"page-box__title\"><a href=\"http:\/\/oudpapiermichel.be\/2016\/index.php\/diensten\/ramassage\/?lang=fr\">Ramassage<\/a><\/h4>\n<p class=\"page-box__text\">Ramassage r\u00e9gulier devant chez vous<br \/>\nNous collectons vos vieux papiers, d\u00e8s qu\u2019ils quittent votre entreprise. Nous le faisons de la mani\u00e8re \u2026<\/p>\n<p><a class=\"page-box__picture\" href=\"http:\/\/oudpapiermichel.be\/2016\/index.php\/diensten\/transport\/?lang=fr\"><br \/>\n<img decoding=\"async\" loading=\"lazy\" src=\"http:\/\/oudpapiermichel.be\/wp-content\/uploads\/2016\/04\/trekker-oplegger-schuifgordijn-3-360x180.jpg\" srcset=\"http:\/\/oudpapiermichel.be\/wp-content\/uploads\/2016\/04\/trekker-oplegger-schuifgordijn-3-360x180.jpg 360w, http:\/\/oudpapiermichel.be\/wp-content\/uploads\/2016\/04\/trekker-oplegger-schuifgordijn-3.jpg 1600w\" sizes=\"(min-width: 992px) 360px, calc(100vw - 30px)\" class=\"wp-post-image\" alt=\"Transport\" height=\"180\" width=\"360\"><br \/>\n<\/a><\/p>\n<h4 class=\"page-box__title\"><a href=\"http:\/\/oudpapiermichel.be\/2016\/index.php\/diensten\/transport\/?lang=fr\">Transport<\/a><\/h4>\n<p class=\"page-box__text\">Etappe 2 dans le proces:<br \/>\nTransport<br \/>\nNos parcs de camions et de conteneurs ultramodernes et notre organisation m\u00e9ticuleuse vous garantissent \u2026<\/p>\n<p><a class=\"page-box__picture\" href=\"http:\/\/oudpapiermichel.be\/2016\/index.php\/diensten\/sortering\/?lang=fr\"><br \/>\n<img decoding=\"async\" loading=\"lazy\" src=\"http:\/\/oudpapiermichel.be\/wp-content\/uploads\/2016\/08\/container.jpg\" srcset=\"http:\/\/oudpapiermichel.be\/wp-content\/uploads\/2016\/08\/container.jpg 332w, http:\/\/oudpapiermichel.be\/wp-content\/uploads\/2016\/08\/container.jpg 332w\" sizes=\"(min-width: 992px) 360px, calc(100vw - 30px)\" class=\"wp-post-image\" alt=\"Triage\" height=\"142\" width=\"332\"><br \/>\n<\/a><\/p>\n<h4 class=\"page-box__title\"><a href=\"http:\/\/oudpapiermichel.be\/2016\/index.php\/diensten\/sortering\/?lang=fr\">Triage<\/a><\/h4>\n<p class=\"page-box__text\">Etappe 3:<br \/>\nTriage<br \/>\nTout le papier collect\u00e9 est envoy\u00e9 \u00e0 Bruxelles ou \u00e0 Anvers pour y \u00eatre tri\u00e9.<\/p>\n<p><a class=\"page-box__picture\" href=\"http:\/\/oudpapiermichel.be\/2016\/index.php\/diensten\/verwerking\/?lang=fr\"><br \/>\n<img decoding=\"async\" loading=\"lazy\" src=\"http:\/\/oudpapiermichel.be\/wp-content\/uploads\/2016\/08\/karton-360x161.jpg\" srcset=\"http:\/\/oudpapiermichel.be\/wp-content\/uploads\/2016\/08\/karton-360x161.jpg 360w, http:\/\/oudpapiermichel.be\/wp-content\/uploads\/2016\/08\/karton.jpg 481w\" sizes=\"(min-width: 992px) 360px, calc(100vw - 30px)\" class=\"wp-post-image\" alt=\"Recyclage\" height=\"161\" width=\"360\"><br \/>\n<\/a><\/p>\n<h4 class=\"page-box__title\"><a href=\"http:\/\/oudpapiermichel.be\/2016\/index.php\/diensten\/verwerking\/?lang=fr\">Recyclage<\/a><\/h4>\n<p class=\"page-box__text\">Etappe 4:<br \/>\nTout le papier collect\u00e9 est envoy\u00e9 \u00e0 Bruxelles ou \u00e0 Anvers pour y \u00eatre tri\u00e9, press\u00e9 et recycl\u00e9. Le produit final est, quant \u2026<\/p>\n<p>&nbsp;&nbsp;<\/p>\n<\/div>\n<\/div><\/div><\/div><\/div><\/div>","protected":false},"excerpt":{"rendered":"<p>Ramassage Ramassage r\u00e9gulier devant chez vous Nous collectons vos vieux papiers, d\u00e8s qu\u2019ils quittent votre entreprise. Nous le faisons de la mani\u00e8re \u2026 Transport Etappe 2 dans le proces: Transport Nos parcs de camions et de conteneurs ultramodernes et notre organisation m\u00e9ticuleuse vous garantissent \u2026 Triage Etappe 3: Triage Tout le papier collect\u00e9 est envoy\u00e9 &hellip;<\/p>\n","protected":false},"author":1,"featured_media":0,"parent":0,"menu_order":0,"comment_status":"closed","ping_status":"closed","template":"","meta":[],"acf":[],"yoast_head":"<!-- This site is optimized with the Yoast SEO plugin v20.3 - https:\/\/yoast.com\/wordpress\/plugins\/seo\/ -->\n<title>Services - Oud Papier Jozef Michel NV<\/title>\n<meta name=\"robots\" content=\"index, follow, max-snippet:-1, max-image-preview:large, max-video-preview:-1\" \/>\n<link rel=\"canonical\" href=\"https:\/\/oudpapiermichel.be\/fr\/diensten\/\" \/>\n<meta property=\"og:locale\" content=\"fr_FR\" \/>\n<meta property=\"og:type\" content=\"article\" \/>\n<meta property=\"og:title\" content=\"Services - Oud Papier Jozef Michel NV\" \/>\n<meta property=\"og:description\" content=\"Ramassage Ramassage r\u00e9gulier devant chez vous Nous collectons vos vieux papiers, d\u00e8s qu\u2019ils quittent votre entreprise. Nous le faisons de la mani\u00e8re \u2026 Transport Etappe 2 dans le proces: Transport Nos parcs de camions et de conteneurs ultramodernes et notre organisation m\u00e9ticuleuse vous garantissent \u2026 Triage Etappe 3: Triage Tout le papier collect\u00e9 est envoy\u00e9 &hellip;\" \/>\n<meta property=\"og:url\" content=\"https:\/\/oudpapiermichel.be\/fr\/diensten\/\" \/>\n<meta property=\"og:site_name\" content=\"Oud Papier Jozef Michel NV\" \/>\n<meta property=\"article:modified_time\" content=\"2017-11-15T08:13:42+00:00\" \/>\n<meta property=\"og:image\" content=\"http:\/\/oudpapiermichel.be\/wp-content\/uploads\/2016\/08\/containerspecial.jpg\" \/>\n<meta name=\"twitter:card\" content=\"summary_large_image\" \/>\n<script type=\"application\/ld+json\" class=\"yoast-schema-graph\">{\"@context\":\"https:\/\/schema.org\",\"@graph\":[{\"@type\":\"WebPage\",\"@id\":\"https:\/\/oudpapiermichel.be\/fr\/diensten\/\",\"url\":\"https:\/\/oudpapiermichel.be\/fr\/diensten\/\",\"name\":\"Services - Oud Papier Jozef Michel NV\",\"isPartOf\":{\"@id\":\"https:\/\/oudpapiermichel.be\/#website\"},\"datePublished\":\"2016-08-08T12:41:32+00:00\",\"dateModified\":\"2017-11-15T08:13:42+00:00\",\"breadcrumb\":{\"@id\":\"https:\/\/oudpapiermichel.be\/fr\/diensten\/#breadcrumb\"},\"inLanguage\":\"fr-FR\",\"potentialAction\":[{\"@type\":\"ReadAction\",\"target\":[\"https:\/\/oudpapiermichel.be\/fr\/diensten\/\"]}]},{\"@type\":\"BreadcrumbList\",\"@id\":\"https:\/\/oudpapiermichel.be\/fr\/diensten\/#breadcrumb\",\"itemListElement\":[{\"@type\":\"ListItem\",\"position\":1,\"name\":\"Home\",\"item\":\"https:\/\/oudpapiermichel.be\/fr\/\"},{\"@type\":\"ListItem\",\"position\":2,\"name\":\"Services\"}]},{\"@type\":\"WebSite\",\"@id\":\"https:\/\/oudpapiermichel.be\/#website\",\"url\":\"https:\/\/oudpapiermichel.be\/\",\"name\":\"Oud Papier Jozef Michel NV\",\"description\":\"Specialisten in oud papier\",\"potentialAction\":[{\"@type\":\"SearchAction\",\"target\":{\"@type\":\"EntryPoint\",\"urlTemplate\":\"https:\/\/oudpapiermichel.be\/?s={search_term_string}\"},\"query-input\":\"required name=search_term_string\"}],\"inLanguage\":\"fr-FR\"}]}<\/script>\n<!-- \/ Yoast SEO plugin. -->","yoast_head_json":{"title":"Services - Oud Papier Jozef Michel NV","robots":{"index":"index","follow":"follow","max-snippet":"max-snippet:-1","max-image-preview":"max-image-preview:large","max-video-preview":"max-video-preview:-1"},"canonical":"https:\/\/oudpapiermichel.be\/fr\/diensten\/","og_locale":"fr_FR","og_type":"article","og_title":"Services - Oud Papier Jozef Michel NV","og_description":"Ramassage Ramassage r\u00e9gulier devant chez vous Nous collectons vos vieux papiers, d\u00e8s qu\u2019ils quittent votre entreprise. Nous le faisons de la mani\u00e8re \u2026 Transport Etappe 2 dans le proces: Transport Nos parcs de camions et de conteneurs ultramodernes et notre organisation m\u00e9ticuleuse vous garantissent \u2026 Triage Etappe 3: Triage Tout le papier collect\u00e9 est envoy\u00e9 &hellip;","og_url":"https:\/\/oudpapiermichel.be\/fr\/diensten\/","og_site_name":"Oud Papier Jozef Michel NV","article_modified_time":"2017-11-15T08:13:42+00:00","og_image":[{"url":"http:\/\/oudpapiermichel.be\/wp-content\/uploads\/2016\/08\/containerspecial.jpg"}],"twitter_card":"summary_large_image","schema":{"@context":"https:\/\/schema.org","@graph":[{"@type":"WebPage","@id":"https:\/\/oudpapiermichel.be\/fr\/diensten\/","url":"https:\/\/oudpapiermichel.be\/fr\/diensten\/","name":"Services - Oud Papier Jozef Michel NV","isPartOf":{"@id":"https:\/\/oudpapiermichel.be\/#website"},"datePublished":"2016-08-08T12:41:32+00:00","dateModified":"2017-11-15T08:13:42+00:00","breadcrumb":{"@id":"https:\/\/oudpapiermichel.be\/fr\/diensten\/#breadcrumb"},"inLanguage":"fr-FR","potentialAction":[{"@type":"ReadAction","target":["https:\/\/oudpapiermichel.be\/fr\/diensten\/"]}]},{"@type":"BreadcrumbList","@id":"https:\/\/oudpapiermichel.be\/fr\/diensten\/#breadcrumb","itemListElement":[{"@type":"ListItem","position":1,"name":"Home","item":"https:\/\/oudpapiermichel.be\/fr\/"},{"@type":"ListItem","position":2,"name":"Services"}]},{"@type":"WebSite","@id":"https:\/\/oudpapiermichel.be\/#website","url":"https:\/\/oudpapiermichel.be\/","name":"Oud Papier Jozef Michel NV","description":"Specialisten in oud papier","potentialAction":[{"@type":"SearchAction","target":{"@type":"EntryPoint","urlTemplate":"https:\/\/oudpapiermichel.be\/?s={search_term_string}"},"query-input":"required name=search_term_string"}],"inLanguage":"fr-FR"}]}},"_links":{"self":[{"href":"https:\/\/oudpapiermichel.be\/fr\/wp-json\/wp\/v2\/pages\/1189"}],"collection":[{"href":"https:\/\/oudpapiermichel.be\/fr\/wp-json\/wp\/v2\/pages"}],"about":[{"href":"https:\/\/oudpapiermichel.be\/fr\/wp-json\/wp\/v2\/types\/page"}],"author":[{"embeddable":true,"href":"https:\/\/oudpapiermichel.be\/fr\/wp-json\/wp\/v2\/users\/1"}],"replies":[{"embeddable":true,"href":"https:\/\/oudpapiermichel.be\/fr\/wp-json\/wp\/v2\/comments?post=1189"}],"version-history":[{"count":5,"href":"https:\/\/oudpapiermichel.be\/fr\/wp-json\/wp\/v2\/pages\/1189\/revisions"}],"predecessor-version":[{"id":2106,"href":"https:\/\/oudpapiermichel.be\/fr\/wp-json\/wp\/v2\/pages\/1189\/revisions\/2106"}],"wp:attachment":[{"href":"https:\/\/oudpapiermichel.be\/fr\/wp-json\/wp\/v2\/media?parent=1189"}],"curies":[{"name":"wp","href":"https:\/\/api.w.org\/{rel}","templated":true}]}}