{"id":1229,"date":"2016-08-12T11:57:07","date_gmt":"2016-08-12T11:57:07","guid":{"rendered":"http:\/\/oudpapiermichel.be\/2016\/index.php\/diensten\/papierslagen\/?lang=fr"},"modified":"2017-02-16T09:56:21","modified_gmt":"2017-02-16T07:56:21","slug":"papierslagen","status":"publish","type":"page","link":"https:\/\/oudpapiermichel.be\/fr\/papierslagen\/","title":{"rendered":"Collecte de papier"},"content":{"rendered":"<div id=\"pl-1229\"  class=\"panel-layout\" ><div id=\"pg-1229-0\"  class=\"panel-grid panel-has-style\" ><div class=\"panel-row-style panel-row-style-for-1229-0\" ><div id=\"pgc-1229-0-0\"  class=\"panel-grid-cell\" ><div id=\"panel-1229-0-0-0\" class=\"so-panel widget widget_sow-editor panel-first-child panel-last-child\" data-index=\"0\" ><div\n\t\t\t\n\t\t\tclass=\"so-widget-sow-editor so-widget-sow-editor-base\"\n\t\t\t\n\t\t>\n<div class=\"siteorigin-widget-tinymce textwidget\">\n\t<div id=\"container\">\n<div id=\"content\">\n<div id=\"content\">\n<h1>Collecte de papier<\/h1>\n<p>La gestion de la collecte de papier signifie pour beaucoup de nos fid\u00e8les clients une source de revenus non n\u00e9gligable depuis plusieurs ann\u00e9es.<\/p>\n<p>Oud Papier Jozef Michel paye le prix fort et fournit un service logistique de haute qualit\u00e9.<\/p>\n<h2>Int\u00e9ress\u00e9?<\/h2>\n<p>Contactez-nous librement au 03\/ 620 19 20 ou par mail <a href=\"mailto:info@oudpapiermichel.be\">info@oudpapiermichel.be<\/a> et d\u00e9couvrez cette activit\u00e9 lucrative.<\/p>\n<p>Des exigences qualitatives, \u00e9thiques et juridiques sont requises pour la collecte du papier. Nous tenons \u00e0 le rappeler!<\/p>\n<\/div>\n<\/div>\n<div id=\"side-right\">\n<p>\u00a0<\/p>\n<p>\u00a0<\/p>\n<\/div>\n<\/div>\n<\/div>\n<\/div><\/div><\/div><div id=\"pgc-1229-0-1\"  class=\"panel-grid-cell\" ><div id=\"panel-1229-0-1-0\" class=\"so-panel widget widget_sow-image panel-first-child\" data-index=\"1\" ><div\n\t\t\t\n\t\t\tclass=\"so-widget-sow-image so-widget-sow-image-default-d6014b76747a-1229\"\n\t\t\t\n\t\t>\n\n<div class=\"sow-image-container\">\n\t\t<img src=\"https:\/\/oudpapiermichel.be\/wp-content\/uploads\/2016\/08\/Luccaalsscout-1.jpg\" width=\"259\" height=\"145\" sizes=\"(max-width: 259px) 100vw, 259px\" title=\"Luccaalsscout\" alt=\"Luc Caals als scout voor papierslagen Oud Papier Jozef Michel\" loading=\"lazy\" \t\tclass=\"so-widget-image\"\/>\n\t<\/div>\n\n<\/div><\/div><div id=\"panel-1229-0-1-1\" class=\"so-panel widget widget_sow-image\" data-index=\"2\" ><div\n\t\t\t\n\t\t\tclass=\"so-widget-sow-image so-widget-sow-image-default-d6014b76747a-1229\"\n\t\t\t\n\t\t>\n\n<div class=\"sow-image-container\">\n\t\t<img src=\"https:\/\/oudpapiermichel.be\/wp-content\/uploads\/2016\/08\/Luccaalsvoetballer.jpg\" width=\"259\" height=\"145\" sizes=\"(max-width: 259px) 100vw, 259px\" alt=\"Luc Caals als voetballer voor de papierslagen van Oud Papier Jozef Michel\" loading=\"lazy\" \t\tclass=\"so-widget-image\"\/>\n\t<\/div>\n\n<\/div><\/div><div id=\"panel-1229-0-1-2\" class=\"so-panel widget widget_sow-image panel-last-child\" data-index=\"3\" ><div\n\t\t\t\n\t\t\tclass=\"so-widget-sow-image so-widget-sow-image-default-d6014b76747a-1229\"\n\t\t\t\n\t\t>\n\n<div class=\"sow-image-container\">\n\t\t<img src=\"https:\/\/oudpapiermichel.be\/wp-content\/uploads\/2016\/08\/krant.jpg\" width=\"259\" height=\"146\" sizes=\"(max-width: 259px) 100vw, 259px\" alt=\"Luc Caals leest de krant voor de papierslagen van Oud Papier Jozef Michel\" loading=\"lazy\" \t\tclass=\"so-widget-image\"\/>\n\t<\/div>\n\n<\/div><\/div><\/div><\/div><\/div><\/div>","protected":false},"excerpt":{"rendered":"<p>Collecte de papierLa gestion de la collecte de papier signifie pour beaucoup de nos fid\u00e8les clients une source de revenus non n\u00e9gligable depuis plusieurs ann\u00e9es.Oud Papier Jozef Michel paye le prix fort et fournit un service logistique de haute qualit\u00e9.Int\u00e9ress\u00e9?Contactez-nous librement au 03\/ 620 19 20 ou par mail info@oudpapiermichel.be et d\u00e9couvrez cette activit\u00e9 lucrative.Des &hellip;<\/p>\n","protected":false},"author":1,"featured_media":1626,"parent":0,"menu_order":0,"comment_status":"closed","ping_status":"closed","template":"template-front-page-slider-alt.php","meta":[],"acf":[],"yoast_head":"<!-- This site is optimized with the Yoast SEO plugin v20.3 - https:\/\/yoast.com\/wordpress\/plugins\/seo\/ -->\n<title>Collecte de papier - Oud Papier Jozef Michel NV<\/title>\n<meta name=\"robots\" content=\"index, follow, max-snippet:-1, max-image-preview:large, max-video-preview:-1\" \/>\n<link rel=\"canonical\" href=\"https:\/\/oudpapiermichel.be\/fr\/papierslagen\/\" \/>\n<meta property=\"og:locale\" content=\"fr_FR\" \/>\n<meta property=\"og:type\" content=\"article\" \/>\n<meta property=\"og:title\" content=\"Collecte de papier - Oud Papier Jozef Michel NV\" \/>\n<meta property=\"og:description\" content=\"Collecte de papierLa gestion de la collecte de papier signifie pour beaucoup de nos fid\u00e8les clients une source de revenus non n\u00e9gligable depuis plusieurs ann\u00e9es.Oud Papier Jozef Michel paye le prix fort et fournit un service logistique de haute qualit\u00e9.Int\u00e9ress\u00e9?Contactez-nous librement au 03\/ 620 19 20 ou par mail info@oudpapiermichel.be et d\u00e9couvrez cette activit\u00e9 lucrative.Des &hellip;\" \/>\n<meta property=\"og:url\" content=\"https:\/\/oudpapiermichel.be\/fr\/papierslagen\/\" \/>\n<meta property=\"og:site_name\" content=\"Oud Papier Jozef Michel NV\" \/>\n<meta property=\"article:modified_time\" content=\"2017-02-16T07:56:21+00:00\" \/>\n<meta property=\"og:image\" content=\"https:\/\/oudpapiermichel.be\/wp-content\/uploads\/2016\/08\/Luccaalsscout.jpg\" \/>\n\t<meta property=\"og:image:width\" content=\"259\" \/>\n\t<meta property=\"og:image:height\" content=\"145\" \/>\n\t<meta property=\"og:image:type\" content=\"image\/jpeg\" \/>\n<meta name=\"twitter:card\" content=\"summary_large_image\" \/>\n<script type=\"application\/ld+json\" class=\"yoast-schema-graph\">{\"@context\":\"https:\/\/schema.org\",\"@graph\":[{\"@type\":\"WebPage\",\"@id\":\"https:\/\/oudpapiermichel.be\/fr\/papierslagen\/\",\"url\":\"https:\/\/oudpapiermichel.be\/fr\/papierslagen\/\",\"name\":\"Collecte de papier - Oud Papier Jozef Michel NV\",\"isPartOf\":{\"@id\":\"https:\/\/oudpapiermichel.be\/#website\"},\"datePublished\":\"2016-08-12T11:57:07+00:00\",\"dateModified\":\"2017-02-16T07:56:21+00:00\",\"breadcrumb\":{\"@id\":\"https:\/\/oudpapiermichel.be\/fr\/papierslagen\/#breadcrumb\"},\"inLanguage\":\"fr-FR\",\"potentialAction\":[{\"@type\":\"ReadAction\",\"target\":[\"https:\/\/oudpapiermichel.be\/fr\/papierslagen\/\"]}]},{\"@type\":\"BreadcrumbList\",\"@id\":\"https:\/\/oudpapiermichel.be\/fr\/papierslagen\/#breadcrumb\",\"itemListElement\":[{\"@type\":\"ListItem\",\"position\":1,\"name\":\"Home\",\"item\":\"https:\/\/oudpapiermichel.be\/fr\/\"},{\"@type\":\"ListItem\",\"position\":2,\"name\":\"Collecte de papier\"}]},{\"@type\":\"WebSite\",\"@id\":\"https:\/\/oudpapiermichel.be\/#website\",\"url\":\"https:\/\/oudpapiermichel.be\/\",\"name\":\"Oud Papier Jozef Michel NV\",\"description\":\"Specialisten in oud papier\",\"potentialAction\":[{\"@type\":\"SearchAction\",\"target\":{\"@type\":\"EntryPoint\",\"urlTemplate\":\"https:\/\/oudpapiermichel.be\/?s={search_term_string}\"},\"query-input\":\"required name=search_term_string\"}],\"inLanguage\":\"fr-FR\"}]}<\/script>\n<!-- \/ Yoast SEO plugin. -->","yoast_head_json":{"title":"Collecte de papier - Oud Papier Jozef Michel NV","robots":{"index":"index","follow":"follow","max-snippet":"max-snippet:-1","max-image-preview":"max-image-preview:large","max-video-preview":"max-video-preview:-1"},"canonical":"https:\/\/oudpapiermichel.be\/fr\/papierslagen\/","og_locale":"fr_FR","og_type":"article","og_title":"Collecte de papier - Oud Papier Jozef Michel NV","og_description":"Collecte de papierLa gestion de la collecte de papier signifie pour beaucoup de nos fid\u00e8les clients une source de revenus non n\u00e9gligable depuis plusieurs ann\u00e9es.Oud Papier Jozef Michel paye le prix fort et fournit un service logistique de haute qualit\u00e9.Int\u00e9ress\u00e9?Contactez-nous librement au 03\/ 620 19 20 ou par mail info@oudpapiermichel.be et d\u00e9couvrez cette activit\u00e9 lucrative.Des &hellip;","og_url":"https:\/\/oudpapiermichel.be\/fr\/papierslagen\/","og_site_name":"Oud Papier Jozef Michel NV","article_modified_time":"2017-02-16T07:56:21+00:00","og_image":[{"width":259,"height":145,"url":"https:\/\/oudpapiermichel.be\/wp-content\/uploads\/2016\/08\/Luccaalsscout.jpg","type":"image\/jpeg"}],"twitter_card":"summary_large_image","schema":{"@context":"https:\/\/schema.org","@graph":[{"@type":"WebPage","@id":"https:\/\/oudpapiermichel.be\/fr\/papierslagen\/","url":"https:\/\/oudpapiermichel.be\/fr\/papierslagen\/","name":"Collecte de papier - Oud Papier Jozef Michel NV","isPartOf":{"@id":"https:\/\/oudpapiermichel.be\/#website"},"datePublished":"2016-08-12T11:57:07+00:00","dateModified":"2017-02-16T07:56:21+00:00","breadcrumb":{"@id":"https:\/\/oudpapiermichel.be\/fr\/papierslagen\/#breadcrumb"},"inLanguage":"fr-FR","potentialAction":[{"@type":"ReadAction","target":["https:\/\/oudpapiermichel.be\/fr\/papierslagen\/"]}]},{"@type":"BreadcrumbList","@id":"https:\/\/oudpapiermichel.be\/fr\/papierslagen\/#breadcrumb","itemListElement":[{"@type":"ListItem","position":1,"name":"Home","item":"https:\/\/oudpapiermichel.be\/fr\/"},{"@type":"ListItem","position":2,"name":"Collecte de papier"}]},{"@type":"WebSite","@id":"https:\/\/oudpapiermichel.be\/#website","url":"https:\/\/oudpapiermichel.be\/","name":"Oud Papier Jozef Michel NV","description":"Specialisten in oud papier","potentialAction":[{"@type":"SearchAction","target":{"@type":"EntryPoint","urlTemplate":"https:\/\/oudpapiermichel.be\/?s={search_term_string}"},"query-input":"required name=search_term_string"}],"inLanguage":"fr-FR"}]}},"_links":{"self":[{"href":"https:\/\/oudpapiermichel.be\/fr\/wp-json\/wp\/v2\/pages\/1229"}],"collection":[{"href":"https:\/\/oudpapiermichel.be\/fr\/wp-json\/wp\/v2\/pages"}],"about":[{"href":"https:\/\/oudpapiermichel.be\/fr\/wp-json\/wp\/v2\/types\/page"}],"author":[{"embeddable":true,"href":"https:\/\/oudpapiermichel.be\/fr\/wp-json\/wp\/v2\/users\/1"}],"replies":[{"embeddable":true,"href":"https:\/\/oudpapiermichel.be\/fr\/wp-json\/wp\/v2\/comments?post=1229"}],"version-history":[{"count":4,"href":"https:\/\/oudpapiermichel.be\/fr\/wp-json\/wp\/v2\/pages\/1229\/revisions"}],"predecessor-version":[{"id":1900,"href":"https:\/\/oudpapiermichel.be\/fr\/wp-json\/wp\/v2\/pages\/1229\/revisions\/1900"}],"wp:featuredmedia":[{"embeddable":true,"href":"https:\/\/oudpapiermichel.be\/fr\/wp-json\/wp\/v2\/media\/1626"}],"wp:attachment":[{"href":"https:\/\/oudpapiermichel.be\/fr\/wp-json\/wp\/v2\/media?parent=1229"}],"curies":[{"name":"wp","href":"https:\/\/api.w.org\/{rel}","templated":true}]}}