{"id":1242,"date":"2016-09-01T11:50:04","date_gmt":"2016-09-01T11:50:04","guid":{"rendered":"http:\/\/oudpapiermichel.be\/2016\/?page_id=1242&#038;lang=fr"},"modified":"2017-11-03T13:04:43","modified_gmt":"2017-11-03T11:04:43","slug":"historique","status":"publish","type":"page","link":"https:\/\/oudpapiermichel.be\/fr\/historique\/","title":{"rendered":"Historique"},"content":{"rendered":"<div id=\"pl-1242\"  class=\"panel-layout\" ><div id=\"pg-1242-0\"  class=\"panel-grid panel-no-style\" ><div id=\"pgc-1242-0-0\"  class=\"panel-grid-cell\" ><div id=\"panel-1242-0-0-0\" class=\"so-panel widget widget_sow-editor panel-first-child panel-last-child\" data-index=\"0\" ><div\n\t\t\t\n\t\t\tclass=\"so-widget-sow-editor so-widget-sow-editor-base\"\n\t\t\t\n\t\t>\n<div class=\"siteorigin-widget-tinymce textwidget\">\n\t<h1>65 ans de collecte du papier<\/h1>\n<p>Oud Papier Jozef Michel est un des plus anciens collecteurs de papier du pays. Apr\u00e8s 65 ans, la troisi\u00e8me g\u00e9n\u00e9ration des Michel est \u00e0 la barre, meilleure preuve, s\u2019il en est, que votre papier est en de bonnes mains.<\/p>\n<\/div>\n<\/div><\/div><\/div><\/div><div id=\"pg-1242-1\"  class=\"panel-grid panel-no-style\" ><div id=\"pgc-1242-1-0\"  class=\"panel-grid-cell\" ><div id=\"panel-1242-1-0-0\" class=\"so-panel widget widget_sow-image panel-first-child\" data-index=\"1\" ><div\n\t\t\t\n\t\t\tclass=\"so-widget-sow-image so-widget-sow-image-default-d6014b76747a-1242\"\n\t\t\t\n\t\t>\n\n<div class=\"sow-image-container\">\n\t\t<img src=\"https:\/\/oudpapiermichel.be\/wp-content\/uploads\/2016\/09\/magazijn80.jpg\" width=\"230\" height=\"137\" sizes=\"(max-width: 230px) 100vw, 230px\" title=\"Magasins ann\u00e9es 70 \" alt=\"\" loading=\"lazy\" \t\tclass=\"so-widget-image\"\/>\n\t<\/div>\n\n<h3 class=\"widget-title\"><span class=\"widget-title__inline\">Magasins ann\u00e9es 70 <\/span><\/h3><\/div><\/div><div id=\"panel-1242-1-0-1\" class=\"so-panel widget widget_sow-image\" data-index=\"2\" ><div\n\t\t\t\n\t\t\tclass=\"so-widget-sow-image so-widget-sow-image-default-d6014b76747a-1242\"\n\t\t\t\n\t\t>\n\n<div class=\"sow-image-container\">\n\t\t<img src=\"https:\/\/oudpapiermichel.be\/wp-content\/uploads\/2016\/09\/bedrijf80.jpg\" width=\"230\" height=\"137\" sizes=\"(max-width: 230px) 100vw, 230px\" title=\"Magasins ann\u00e9es 80 \" alt=\"Magazijnen jaren &#039;80 - vijftig jaar papier ophalen\" loading=\"lazy\" \t\tclass=\"so-widget-image\"\/>\n\t<\/div>\n\n<h3 class=\"widget-title\"><span class=\"widget-title__inline\">Magasins ann\u00e9es 80 <\/span><\/h3><\/div><\/div><div id=\"panel-1242-1-0-2\" class=\"so-panel widget widget_sow-image\" data-index=\"3\" ><div\n\t\t\t\n\t\t\tclass=\"so-widget-sow-image so-widget-sow-image-default-d6014b76747a-1242\"\n\t\t\t\n\t\t>\n\n<div class=\"sow-image-container\">\n\t\t<img src=\"https:\/\/oudpapiermichel.be\/wp-content\/uploads\/2016\/09\/bedrijf00.jpg\" width=\"230\" height=\"137\" sizes=\"(max-width: 230px) 100vw, 230px\" title=\"Magasins ann\u00e9es &#039;90 \" alt=\"Magazijn jaren &#039;90 - vijftig jaar papier ophalen\" loading=\"lazy\" \t\tclass=\"so-widget-image\"\/>\n\t<\/div>\n\n<h3 class=\"widget-title\"><span class=\"widget-title__inline\">Magasins ann\u00e9es '90 <\/span><\/h3><\/div><\/div><div id=\"panel-1242-1-0-3\" class=\"so-panel widget widget_sow-image panel-last-child\" data-index=\"4\" ><div\n\t\t\t\n\t\t\tclass=\"so-widget-sow-image so-widget-sow-image-default-d6014b76747a-1242\"\n\t\t\t\n\t\t>\n\n<div class=\"sow-image-container\">\n\t\t<img src=\"https:\/\/oudpapiermichel.be\/wp-content\/uploads\/2016\/09\/magazijn00.jpg\" width=\"230\" height=\"137\" sizes=\"(max-width: 230px) 100vw, 230px\" title=\"Magasins ann\u00e9es 2000 \" alt=\"Magazijnen jaren 2000 - vijftig jaar papier ophalen\" loading=\"lazy\" \t\tclass=\"so-widget-image\"\/>\n\t<\/div>\n\n<h3 class=\"widget-title\"><span class=\"widget-title__inline\">Magasins ann\u00e9es 2000 <\/span><\/h3><\/div><\/div><\/div><div id=\"pgc-1242-1-1\"  class=\"panel-grid-cell\" ><div id=\"panel-1242-1-1-0\" class=\"so-panel widget widget_sow-image panel-first-child\" data-index=\"5\" ><div\n\t\t\t\n\t\t\tclass=\"so-widget-sow-image so-widget-sow-image-default-d6014b76747a-1242\"\n\t\t\t\n\t\t>\n\n<div class=\"sow-image-container\">\n\t\t<img src=\"https:\/\/oudpapiermichel.be\/wp-content\/uploads\/2016\/09\/camion70.jpg\" width=\"230\" height=\"137\" sizes=\"(max-width: 230px) 100vw, 230px\" title=\"Camion ann\u00e9es 70s\" alt=\"\" loading=\"lazy\" \t\tclass=\"so-widget-image\"\/>\n\t<\/div>\n\n<h3 class=\"widget-title\"><span class=\"widget-title__inline\">Camion ann\u00e9es 70s<\/span><\/h3><\/div><\/div><div id=\"panel-1242-1-1-1\" class=\"so-panel widget widget_sow-image\" data-index=\"6\" ><div\n\t\t\t\n\t\t\tclass=\"so-widget-sow-image so-widget-sow-image-default-d6014b76747a-1242\"\n\t\t\t\n\t\t>\n\n<div class=\"sow-image-container\">\n\t\t<img src=\"https:\/\/oudpapiermichel.be\/wp-content\/uploads\/2016\/09\/nieuwecamion.jpg\" width=\"230\" height=\"137\" sizes=\"(max-width: 230px) 100vw, 230px\" title=\"Camions les plus r\u00e9cents \" alt=\"Nieuwste vrachtwagen - Oud Papier Jozef Michel\" loading=\"lazy\" \t\tclass=\"so-widget-image\"\/>\n\t<\/div>\n\n<h3 class=\"widget-title\"><span class=\"widget-title__inline\">Camions les plus r\u00e9cents <\/span><\/h3><\/div><\/div><div id=\"panel-1242-1-1-2\" class=\"so-panel widget widget_sow-image panel-last-child\" data-index=\"7\" ><div\n\t\t\t\n\t\t\tclass=\"so-widget-sow-image so-widget-sow-image-default-d6014b76747a-1242\"\n\t\t\t\n\t\t>\n\n<div class=\"sow-image-container\">\n\t\t<img src=\"https:\/\/oudpapiermichel.be\/wp-content\/uploads\/2016\/09\/523_vrachtwagen230small.jpg\" width=\"230\" height=\"154\" sizes=\"(max-width: 230px) 100vw, 230px\" title=\"Nouveau camion\" alt=\"\" loading=\"lazy\" \t\tclass=\"so-widget-image\"\/>\n\t<\/div>\n\n<h3 class=\"widget-title\"><span class=\"widget-title__inline\">Nouveau camion<\/span><\/h3><\/div><\/div><\/div><\/div><\/div>","protected":false},"excerpt":{"rendered":"<p>65 ans de collecte du papierOud Papier Jozef Michel est un des plus anciens collecteurs de papier du pays. Apr\u00e8s 65 ans, la troisi\u00e8me g\u00e9n\u00e9ration des Michel est \u00e0 la barre, meilleure preuve, s\u2019il en est, que votre papier est en de bonnes mains.<\/p>\n","protected":false},"author":1,"featured_media":887,"parent":0,"menu_order":0,"comment_status":"closed","ping_status":"closed","template":"","meta":[],"acf":[],"yoast_head":"<!-- This site is optimized with the Yoast SEO plugin v20.3 - https:\/\/yoast.com\/wordpress\/plugins\/seo\/ -->\n<title>Historique - Oud Papier Jozef Michel NV<\/title>\n<meta name=\"robots\" content=\"index, follow, max-snippet:-1, max-image-preview:large, max-video-preview:-1\" \/>\n<link rel=\"canonical\" href=\"https:\/\/oudpapiermichel.be\/fr\/historique\/\" \/>\n<meta property=\"og:locale\" content=\"fr_FR\" \/>\n<meta property=\"og:type\" content=\"article\" \/>\n<meta property=\"og:title\" content=\"Historique - Oud Papier Jozef Michel NV\" \/>\n<meta property=\"og:description\" content=\"65 ans de collecte du papierOud Papier Jozef Michel est un des plus anciens collecteurs de papier du pays. Apr\u00e8s 65 ans, la troisi\u00e8me g\u00e9n\u00e9ration des Michel est \u00e0 la barre, meilleure preuve, s\u2019il en est, que votre papier est en de bonnes mains.\" \/>\n<meta property=\"og:url\" content=\"https:\/\/oudpapiermichel.be\/fr\/historique\/\" \/>\n<meta property=\"og:site_name\" content=\"Oud Papier Jozef Michel NV\" \/>\n<meta property=\"article:modified_time\" content=\"2017-11-03T11:04:43+00:00\" \/>\n<meta property=\"og:image\" content=\"https:\/\/oudpapiermichel.be\/wp-content\/uploads\/2016\/08\/camions1-e1482321846252.jpg\" \/>\n\t<meta property=\"og:image:width\" content=\"800\" \/>\n\t<meta property=\"og:image:height\" content=\"431\" \/>\n\t<meta property=\"og:image:type\" content=\"image\/jpeg\" \/>\n<meta name=\"twitter:card\" content=\"summary_large_image\" \/>\n<script type=\"application\/ld+json\" class=\"yoast-schema-graph\">{\"@context\":\"https:\/\/schema.org\",\"@graph\":[{\"@type\":\"WebPage\",\"@id\":\"https:\/\/oudpapiermichel.be\/fr\/historique\/\",\"url\":\"https:\/\/oudpapiermichel.be\/fr\/historique\/\",\"name\":\"Historique - Oud Papier Jozef Michel NV\",\"isPartOf\":{\"@id\":\"https:\/\/oudpapiermichel.be\/#website\"},\"datePublished\":\"2016-09-01T11:50:04+00:00\",\"dateModified\":\"2017-11-03T11:04:43+00:00\",\"breadcrumb\":{\"@id\":\"https:\/\/oudpapiermichel.be\/fr\/historique\/#breadcrumb\"},\"inLanguage\":\"fr-FR\",\"potentialAction\":[{\"@type\":\"ReadAction\",\"target\":[\"https:\/\/oudpapiermichel.be\/fr\/historique\/\"]}]},{\"@type\":\"BreadcrumbList\",\"@id\":\"https:\/\/oudpapiermichel.be\/fr\/historique\/#breadcrumb\",\"itemListElement\":[{\"@type\":\"ListItem\",\"position\":1,\"name\":\"Home\",\"item\":\"https:\/\/oudpapiermichel.be\/fr\/\"},{\"@type\":\"ListItem\",\"position\":2,\"name\":\"Historique\"}]},{\"@type\":\"WebSite\",\"@id\":\"https:\/\/oudpapiermichel.be\/#website\",\"url\":\"https:\/\/oudpapiermichel.be\/\",\"name\":\"Oud Papier Jozef Michel NV\",\"description\":\"Specialisten in oud papier\",\"potentialAction\":[{\"@type\":\"SearchAction\",\"target\":{\"@type\":\"EntryPoint\",\"urlTemplate\":\"https:\/\/oudpapiermichel.be\/?s={search_term_string}\"},\"query-input\":\"required name=search_term_string\"}],\"inLanguage\":\"fr-FR\"}]}<\/script>\n<!-- \/ Yoast SEO plugin. -->","yoast_head_json":{"title":"Historique - Oud Papier Jozef Michel NV","robots":{"index":"index","follow":"follow","max-snippet":"max-snippet:-1","max-image-preview":"max-image-preview:large","max-video-preview":"max-video-preview:-1"},"canonical":"https:\/\/oudpapiermichel.be\/fr\/historique\/","og_locale":"fr_FR","og_type":"article","og_title":"Historique - Oud Papier Jozef Michel NV","og_description":"65 ans de collecte du papierOud Papier Jozef Michel est un des plus anciens collecteurs de papier du pays. Apr\u00e8s 65 ans, la troisi\u00e8me g\u00e9n\u00e9ration des Michel est \u00e0 la barre, meilleure preuve, s\u2019il en est, que votre papier est en de bonnes mains.","og_url":"https:\/\/oudpapiermichel.be\/fr\/historique\/","og_site_name":"Oud Papier Jozef Michel NV","article_modified_time":"2017-11-03T11:04:43+00:00","og_image":[{"width":800,"height":431,"url":"https:\/\/oudpapiermichel.be\/wp-content\/uploads\/2016\/08\/camions1-e1482321846252.jpg","type":"image\/jpeg"}],"twitter_card":"summary_large_image","schema":{"@context":"https:\/\/schema.org","@graph":[{"@type":"WebPage","@id":"https:\/\/oudpapiermichel.be\/fr\/historique\/","url":"https:\/\/oudpapiermichel.be\/fr\/historique\/","name":"Historique - Oud Papier Jozef Michel NV","isPartOf":{"@id":"https:\/\/oudpapiermichel.be\/#website"},"datePublished":"2016-09-01T11:50:04+00:00","dateModified":"2017-11-03T11:04:43+00:00","breadcrumb":{"@id":"https:\/\/oudpapiermichel.be\/fr\/historique\/#breadcrumb"},"inLanguage":"fr-FR","potentialAction":[{"@type":"ReadAction","target":["https:\/\/oudpapiermichel.be\/fr\/historique\/"]}]},{"@type":"BreadcrumbList","@id":"https:\/\/oudpapiermichel.be\/fr\/historique\/#breadcrumb","itemListElement":[{"@type":"ListItem","position":1,"name":"Home","item":"https:\/\/oudpapiermichel.be\/fr\/"},{"@type":"ListItem","position":2,"name":"Historique"}]},{"@type":"WebSite","@id":"https:\/\/oudpapiermichel.be\/#website","url":"https:\/\/oudpapiermichel.be\/","name":"Oud Papier Jozef Michel NV","description":"Specialisten in oud papier","potentialAction":[{"@type":"SearchAction","target":{"@type":"EntryPoint","urlTemplate":"https:\/\/oudpapiermichel.be\/?s={search_term_string}"},"query-input":"required name=search_term_string"}],"inLanguage":"fr-FR"}]}},"_links":{"self":[{"href":"https:\/\/oudpapiermichel.be\/fr\/wp-json\/wp\/v2\/pages\/1242"}],"collection":[{"href":"https:\/\/oudpapiermichel.be\/fr\/wp-json\/wp\/v2\/pages"}],"about":[{"href":"https:\/\/oudpapiermichel.be\/fr\/wp-json\/wp\/v2\/types\/page"}],"author":[{"embeddable":true,"href":"https:\/\/oudpapiermichel.be\/fr\/wp-json\/wp\/v2\/users\/1"}],"replies":[{"embeddable":true,"href":"https:\/\/oudpapiermichel.be\/fr\/wp-json\/wp\/v2\/comments?post=1242"}],"version-history":[{"count":8,"href":"https:\/\/oudpapiermichel.be\/fr\/wp-json\/wp\/v2\/pages\/1242\/revisions"}],"predecessor-version":[{"id":1988,"href":"https:\/\/oudpapiermichel.be\/fr\/wp-json\/wp\/v2\/pages\/1242\/revisions\/1988"}],"wp:featuredmedia":[{"embeddable":true,"href":"https:\/\/oudpapiermichel.be\/fr\/wp-json\/wp\/v2\/media\/887"}],"wp:attachment":[{"href":"https:\/\/oudpapiermichel.be\/fr\/wp-json\/wp\/v2\/media?parent=1242"}],"curies":[{"name":"wp","href":"https:\/\/api.w.org\/{rel}","templated":true}]}}