{"id":1522,"date":"2016-12-30T12:13:23","date_gmt":"2016-12-30T10:13:23","guid":{"rendered":"https:\/\/oudpapiermichel.be\/?page_id=1522&#038;lang=fr"},"modified":"2018-09-10T15:50:11","modified_gmt":"2018-09-10T13:50:11","slug":"postes-vacants","status":"publish","type":"page","link":"https:\/\/oudpapiermichel.be\/fr\/postes-vacants\/","title":{"rendered":"Postes Vacants"},"content":{"rendered":"<h2>CHAUFFEURS DE CAMIONS \u2013 permis C (H\/F)<\/h2>\n<p>Vous disposez d\u2019un permis de conduire valable de cat\u00e9gorie C et vous \u00eates titulaire d\u2019une carte de conducteur.<br \/>\nVous aimez apprendre, \u00eates orient\u00e9 client et aimez le travail en \u00e9quipe.<br \/>\nNous offrons : une ambiance de travail agr\u00e9able et familiale, des heures flexibles en concertation, des courses nationales principalement, des formations internes et externes, un parc automobile r\u00e9cent, un travail \u00e0 dur\u00e9e ind\u00e9termin\u00e9e apr\u00e8s une p\u00e9riode d\u2019int\u00e9rim.<br \/>\nN\u2019h\u00e9sitez pas \u00e0 solliciter le poste, adressez-vous \u00e0 Ann.<\/p>\n<p>&nbsp;<\/p>\n<p>Courriel : <strong>christl@oudpapiermichel.be<\/strong><\/p>\n<p>T\u00e9l\u00e9phone : <strong>03\/680.98.56<\/strong><\/p>\n","protected":false},"excerpt":{"rendered":"<p>CHAUFFEURS DE CAMIONS \u2013 permis C (H\/F) Vous disposez d\u2019un permis de conduire valable de cat\u00e9gorie C et vous \u00eates titulaire d\u2019une carte de conducteur. Vous aimez apprendre, \u00eates orient\u00e9 client et aimez le travail en \u00e9quipe. Nous offrons : une ambiance de travail agr\u00e9able et familiale, des heures flexibles en concertation, des courses nationales &hellip;<\/p>\n","protected":false},"author":1,"featured_media":0,"parent":0,"menu_order":0,"comment_status":"closed","ping_status":"closed","template":"","meta":[],"acf":[],"yoast_head":"<!-- This site is optimized with the Yoast SEO plugin v20.3 - https:\/\/yoast.com\/wordpress\/plugins\/seo\/ -->\n<title>Postes Vacants - Oud Papier Jozef Michel NV<\/title>\n<meta name=\"robots\" content=\"index, follow, max-snippet:-1, max-image-preview:large, max-video-preview:-1\" \/>\n<link rel=\"canonical\" href=\"https:\/\/oudpapiermichel.be\/fr\/postes-vacants\/\" \/>\n<meta property=\"og:locale\" content=\"fr_FR\" \/>\n<meta property=\"og:type\" content=\"article\" \/>\n<meta property=\"og:title\" content=\"Postes Vacants - Oud Papier Jozef Michel NV\" \/>\n<meta property=\"og:description\" content=\"CHAUFFEURS DE CAMIONS \u2013 permis C (H\/F) Vous disposez d\u2019un permis de conduire valable de cat\u00e9gorie C et vous \u00eates titulaire d\u2019une carte de conducteur. Vous aimez apprendre, \u00eates orient\u00e9 client et aimez le travail en \u00e9quipe. Nous offrons : une ambiance de travail agr\u00e9able et familiale, des heures flexibles en concertation, des courses nationales &hellip;\" \/>\n<meta property=\"og:url\" content=\"https:\/\/oudpapiermichel.be\/fr\/postes-vacants\/\" \/>\n<meta property=\"og:site_name\" content=\"Oud Papier Jozef Michel NV\" \/>\n<meta property=\"article:modified_time\" content=\"2018-09-10T13:50:11+00:00\" \/>\n<meta name=\"twitter:card\" content=\"summary_large_image\" \/>\n<meta name=\"twitter:label1\" content=\"Dur\u00e9e de lecture estim\u00e9e\" \/>\n\t<meta name=\"twitter:data1\" content=\"1 minute\" \/>\n<script type=\"application\/ld+json\" class=\"yoast-schema-graph\">{\"@context\":\"https:\/\/schema.org\",\"@graph\":[{\"@type\":\"WebPage\",\"@id\":\"https:\/\/oudpapiermichel.be\/fr\/postes-vacants\/\",\"url\":\"https:\/\/oudpapiermichel.be\/fr\/postes-vacants\/\",\"name\":\"Postes Vacants - Oud Papier Jozef Michel NV\",\"isPartOf\":{\"@id\":\"https:\/\/oudpapiermichel.be\/#website\"},\"datePublished\":\"2016-12-30T10:13:23+00:00\",\"dateModified\":\"2018-09-10T13:50:11+00:00\",\"breadcrumb\":{\"@id\":\"https:\/\/oudpapiermichel.be\/fr\/postes-vacants\/#breadcrumb\"},\"inLanguage\":\"fr-FR\",\"potentialAction\":[{\"@type\":\"ReadAction\",\"target\":[\"https:\/\/oudpapiermichel.be\/fr\/postes-vacants\/\"]}]},{\"@type\":\"BreadcrumbList\",\"@id\":\"https:\/\/oudpapiermichel.be\/fr\/postes-vacants\/#breadcrumb\",\"itemListElement\":[{\"@type\":\"ListItem\",\"position\":1,\"name\":\"Home\",\"item\":\"https:\/\/oudpapiermichel.be\/fr\/\"},{\"@type\":\"ListItem\",\"position\":2,\"name\":\"Postes Vacants\"}]},{\"@type\":\"WebSite\",\"@id\":\"https:\/\/oudpapiermichel.be\/#website\",\"url\":\"https:\/\/oudpapiermichel.be\/\",\"name\":\"Oud Papier Jozef Michel NV\",\"description\":\"Specialisten in oud papier\",\"potentialAction\":[{\"@type\":\"SearchAction\",\"target\":{\"@type\":\"EntryPoint\",\"urlTemplate\":\"https:\/\/oudpapiermichel.be\/?s={search_term_string}\"},\"query-input\":\"required name=search_term_string\"}],\"inLanguage\":\"fr-FR\"}]}<\/script>\n<!-- \/ Yoast SEO plugin. -->","yoast_head_json":{"title":"Postes Vacants - Oud Papier Jozef Michel NV","robots":{"index":"index","follow":"follow","max-snippet":"max-snippet:-1","max-image-preview":"max-image-preview:large","max-video-preview":"max-video-preview:-1"},"canonical":"https:\/\/oudpapiermichel.be\/fr\/postes-vacants\/","og_locale":"fr_FR","og_type":"article","og_title":"Postes Vacants - Oud Papier Jozef Michel NV","og_description":"CHAUFFEURS DE CAMIONS \u2013 permis C (H\/F) Vous disposez d\u2019un permis de conduire valable de cat\u00e9gorie C et vous \u00eates titulaire d\u2019une carte de conducteur. Vous aimez apprendre, \u00eates orient\u00e9 client et aimez le travail en \u00e9quipe. Nous offrons : une ambiance de travail agr\u00e9able et familiale, des heures flexibles en concertation, des courses nationales &hellip;","og_url":"https:\/\/oudpapiermichel.be\/fr\/postes-vacants\/","og_site_name":"Oud Papier Jozef Michel NV","article_modified_time":"2018-09-10T13:50:11+00:00","twitter_card":"summary_large_image","twitter_misc":{"Dur\u00e9e de lecture estim\u00e9e":"1 minute"},"schema":{"@context":"https:\/\/schema.org","@graph":[{"@type":"WebPage","@id":"https:\/\/oudpapiermichel.be\/fr\/postes-vacants\/","url":"https:\/\/oudpapiermichel.be\/fr\/postes-vacants\/","name":"Postes Vacants - Oud Papier Jozef Michel NV","isPartOf":{"@id":"https:\/\/oudpapiermichel.be\/#website"},"datePublished":"2016-12-30T10:13:23+00:00","dateModified":"2018-09-10T13:50:11+00:00","breadcrumb":{"@id":"https:\/\/oudpapiermichel.be\/fr\/postes-vacants\/#breadcrumb"},"inLanguage":"fr-FR","potentialAction":[{"@type":"ReadAction","target":["https:\/\/oudpapiermichel.be\/fr\/postes-vacants\/"]}]},{"@type":"BreadcrumbList","@id":"https:\/\/oudpapiermichel.be\/fr\/postes-vacants\/#breadcrumb","itemListElement":[{"@type":"ListItem","position":1,"name":"Home","item":"https:\/\/oudpapiermichel.be\/fr\/"},{"@type":"ListItem","position":2,"name":"Postes Vacants"}]},{"@type":"WebSite","@id":"https:\/\/oudpapiermichel.be\/#website","url":"https:\/\/oudpapiermichel.be\/","name":"Oud Papier Jozef Michel NV","description":"Specialisten in oud papier","potentialAction":[{"@type":"SearchAction","target":{"@type":"EntryPoint","urlTemplate":"https:\/\/oudpapiermichel.be\/?s={search_term_string}"},"query-input":"required name=search_term_string"}],"inLanguage":"fr-FR"}]}},"_links":{"self":[{"href":"https:\/\/oudpapiermichel.be\/fr\/wp-json\/wp\/v2\/pages\/1522"}],"collection":[{"href":"https:\/\/oudpapiermichel.be\/fr\/wp-json\/wp\/v2\/pages"}],"about":[{"href":"https:\/\/oudpapiermichel.be\/fr\/wp-json\/wp\/v2\/types\/page"}],"author":[{"embeddable":true,"href":"https:\/\/oudpapiermichel.be\/fr\/wp-json\/wp\/v2\/users\/1"}],"replies":[{"embeddable":true,"href":"https:\/\/oudpapiermichel.be\/fr\/wp-json\/wp\/v2\/comments?post=1522"}],"version-history":[{"count":4,"href":"https:\/\/oudpapiermichel.be\/fr\/wp-json\/wp\/v2\/pages\/1522\/revisions"}],"predecessor-version":[{"id":2168,"href":"https:\/\/oudpapiermichel.be\/fr\/wp-json\/wp\/v2\/pages\/1522\/revisions\/2168"}],"wp:attachment":[{"href":"https:\/\/oudpapiermichel.be\/fr\/wp-json\/wp\/v2\/media?parent=1522"}],"curies":[{"name":"wp","href":"https:\/\/api.w.org\/{rel}","templated":true}]}}