{"id":2074,"date":"2017-11-10T16:39:31","date_gmt":"2017-11-10T14:39:31","guid":{"rendered":"https:\/\/oudpapiermichel.be\/?page_id=2074"},"modified":"2017-11-15T10:23:18","modified_gmt":"2017-11-15T08:23:18","slug":"entreprise","status":"publish","type":"page","link":"https:\/\/oudpapiermichel.be\/fr\/entreprise\/","title":{"rendered":"Entreprise"},"content":{"rendered":"<div id=\"pl-2074\"  class=\"panel-layout\" ><div id=\"pg-2074-0\"  class=\"panel-grid panel-no-style\" ><div id=\"pgc-2074-0-0\"  class=\"panel-grid-cell\" ><div id=\"panel-2074-0-0-0\" class=\"so-panel widget widget_sow-editor panel-first-child panel-last-child\" data-index=\"0\" ><div id=\"entreprise\" class=\"panel-widget-style panel-widget-style-for-2074-0-0-0\" ><div\n\t\t\t\n\t\t\tclass=\"so-widget-sow-editor so-widget-sow-editor-base\"\n\t\t\t\n\t\t>\n<div class=\"siteorigin-widget-tinymce textwidget\">\n\t<p>\u00a0<\/p>\n<h2>Oud Papier Jozef Michel recycle le papier depuis plus de cinquante ans d\u00e9j\u00e0. Notre entreprise familiale fait, depuis, figure d\u2019autorit\u00e9 en Belgique et dans le reste du monde. Une r\u00e9putation dont vous b\u00e9n\u00e9ficiez doublement, car nous vous garantissons tant des prix serr\u00e9s qu\u2019un service de haute qualit\u00e9.<\/h2>\n<p>\u00a0<\/p>\n<h2>Le meilleur prix pour votre papier<\/h2>\n<p>Nous recyclons chaque ann\u00e9e plus de 200 000 tonnes de vieux papiers. Cette quantit\u00e9 consid\u00e9rable fait de nous l\u2019un des fournisseurs favoris des usines de papier en Europe, en Asie et aux Etats-Unis. Elle nous donne aussi la libert\u00e9 et l\u2019ind\u00e9pendance n\u00e9cessaires pour toujours proposer les meilleures conditions pour votre vieux papier. M\u00eame en p\u00e9riode de surabondance. Vous b\u00e9n\u00e9ficiez ainsi toujours du meilleur \u00ab deal \u00bb pour votre papier.<\/p>\n<h2>Service de haute qualit\u00e9<\/h2>\n<p>Notre c\u0153ur de m\u00e9tier ? La collecte, l\u2019entreposage et le transport du papier. Nous avons, \u00e0 cet \u00e9gard, lourdement investi dans l\u2019infrastructure optimale de notre entreprise :<\/p>\n<ul>\n<li>vaste terrain d\u2019entreposage \u00e0 <strong>Anvers<\/strong> (6 hectares, dont la moiti\u00e9 couverte) ;<\/li>\n<li>deuxi\u00e8me terrain d\u2019entreposage \u00e0 <strong>Bruxelles<\/strong> (2 hectares, dont 8 000 m2 couverts) ;<\/li>\n<li>huit presses \u00e0 balle ultramodernes, ayant une capacit\u00e9 totale de presse de 1 000 tonnes par shift (dont un quart de capacit\u00e9 de r\u00e9serve) ;<\/li>\n<li>trois d\u00e9chiqueteurs pour pr\u00e9parer le papier ;<\/li>\n<li>dix-huit chariots \u00e9l\u00e9vateurs et bulldozers ;<\/li>\n<li>une flotte de camions \u00e9cologiques : nos 35 camions sont \u00e9quip\u00e9s de moteurs verts. Les acquisitions les plus r\u00e9centes sont \u00e9quip\u00e9es de moteurs Euro 5.<\/li>\n<\/ul>\n<p>Malgr\u00e9 une croissance annuelle de plus de 10 %, nous n\u2019utilisons actuellement qu\u2019\u00e0 peine trois quarts de nos capacit\u00e9s. Oud Papier Jozef Michel est donc par\u00e9 pour l\u2019avenir.<\/p>\n<\/div>\n<\/div><\/div><\/div><\/div><\/div><div id=\"pg-2074-1\"  class=\"panel-grid panel-no-style\" ><div id=\"pgc-2074-1-0\"  class=\"panel-grid-cell\" ><div id=\"panel-2074-1-0-0\" class=\"so-panel widget widget_sow-editor panel-first-child panel-last-child\" data-index=\"1\" ><div id=\"historique\" class=\"panel-widget-style panel-widget-style-for-2074-1-0-0\" ><div\n\t\t\t\n\t\t\tclass=\"so-widget-sow-editor so-widget-sow-editor-base\"\n\t\t\t\n\t\t>\n<div class=\"siteorigin-widget-tinymce textwidget\">\n\t<h1>65 ans de collecte du papier<\/h1>\n<p>Oud Papier Jozef Michel est un des plus anciens collecteurs de papier du pays. Apr\u00e8s 65 ans, la troisi\u00e8me g\u00e9n\u00e9ration des Michel est \u00e0 la barre, meilleure preuve, s\u2019il en est, que votre papier est en de bonnes mains.<\/p>\n<\/div>\n<\/div><\/div><\/div><\/div><\/div><div id=\"pg-2074-2\"  class=\"panel-grid panel-no-style\" ><div id=\"pgc-2074-2-0\"  class=\"panel-grid-cell\" ><div id=\"panel-2074-2-0-0\" class=\"so-panel widget widget_sow-image panel-first-child\" data-index=\"2\" ><div\n\t\t\t\n\t\t\tclass=\"so-widget-sow-image so-widget-sow-image-default-d6014b76747a-2074\"\n\t\t\t\n\t\t>\n\n<div class=\"sow-image-container\">\n\t\t<img src=\"https:\/\/oudpapiermichel.be\/wp-content\/uploads\/2016\/09\/magazijn80.jpg\" width=\"230\" height=\"137\" sizes=\"(max-width: 230px) 100vw, 230px\" title=\"Magasins ann\u00e9es 70 \" alt=\"\" loading=\"lazy\" \t\tclass=\"so-widget-image\"\/>\n\t<\/div>\n\n<h3 class=\"widget-title\"><span class=\"widget-title__inline\">Magasins ann\u00e9es 70 <\/span><\/h3><\/div><\/div><div id=\"panel-2074-2-0-1\" class=\"so-panel widget widget_sow-image\" data-index=\"3\" ><div\n\t\t\t\n\t\t\tclass=\"so-widget-sow-image so-widget-sow-image-default-d6014b76747a-2074\"\n\t\t\t\n\t\t>\n\n<div class=\"sow-image-container\">\n\t\t<img src=\"https:\/\/oudpapiermichel.be\/wp-content\/uploads\/2016\/09\/bedrijf80.jpg\" width=\"230\" height=\"137\" sizes=\"(max-width: 230px) 100vw, 230px\" title=\"Magasins ann\u00e9es 80 \" alt=\"Magazijnen jaren &#039;80 - vijftig jaar papier ophalen\" loading=\"lazy\" \t\tclass=\"so-widget-image\"\/>\n\t<\/div>\n\n<h3 class=\"widget-title\"><span class=\"widget-title__inline\">Magasins ann\u00e9es 80 <\/span><\/h3><\/div><\/div><div id=\"panel-2074-2-0-2\" class=\"so-panel widget widget_sow-image\" data-index=\"4\" ><div\n\t\t\t\n\t\t\tclass=\"so-widget-sow-image so-widget-sow-image-default-d6014b76747a-2074\"\n\t\t\t\n\t\t>\n\n<div class=\"sow-image-container\">\n\t\t<img src=\"https:\/\/oudpapiermichel.be\/wp-content\/uploads\/2016\/09\/bedrijf00.jpg\" width=\"230\" height=\"137\" sizes=\"(max-width: 230px) 100vw, 230px\" title=\"Magasins ann\u00e9es &#039;90 \" alt=\"Magazijn jaren &#039;90 - vijftig jaar papier ophalen\" loading=\"lazy\" \t\tclass=\"so-widget-image\"\/>\n\t<\/div>\n\n<h3 class=\"widget-title\"><span class=\"widget-title__inline\">Magasins ann\u00e9es '90 <\/span><\/h3><\/div><\/div><div id=\"panel-2074-2-0-3\" class=\"so-panel widget widget_sow-image panel-last-child\" data-index=\"5\" ><div\n\t\t\t\n\t\t\tclass=\"so-widget-sow-image so-widget-sow-image-default-d6014b76747a-2074\"\n\t\t\t\n\t\t>\n\n<div class=\"sow-image-container\">\n\t\t<img src=\"https:\/\/oudpapiermichel.be\/wp-content\/uploads\/2016\/09\/magazijn00.jpg\" width=\"230\" height=\"137\" sizes=\"(max-width: 230px) 100vw, 230px\" title=\"Magasins ann\u00e9es 2000 \" alt=\"Magazijnen jaren 2000 - vijftig jaar papier ophalen\" loading=\"lazy\" \t\tclass=\"so-widget-image\"\/>\n\t<\/div>\n\n<h3 class=\"widget-title\"><span class=\"widget-title__inline\">Magasins ann\u00e9es 2000 <\/span><\/h3><\/div><\/div><\/div><div id=\"pgc-2074-2-1\"  class=\"panel-grid-cell\" ><div id=\"panel-2074-2-1-0\" class=\"so-panel widget widget_sow-image panel-first-child\" data-index=\"6\" ><div\n\t\t\t\n\t\t\tclass=\"so-widget-sow-image so-widget-sow-image-default-d6014b76747a-2074\"\n\t\t\t\n\t\t>\n\n<div class=\"sow-image-container\">\n\t\t<img src=\"https:\/\/oudpapiermichel.be\/wp-content\/uploads\/2016\/09\/camion70.jpg\" width=\"230\" height=\"137\" sizes=\"(max-width: 230px) 100vw, 230px\" title=\"Camion ann\u00e9es 70s\" alt=\"\" loading=\"lazy\" \t\tclass=\"so-widget-image\"\/>\n\t<\/div>\n\n<h3 class=\"widget-title\"><span class=\"widget-title__inline\">Camion ann\u00e9es 70s<\/span><\/h3><\/div><\/div><div id=\"panel-2074-2-1-1\" class=\"so-panel widget widget_sow-image\" data-index=\"7\" ><div\n\t\t\t\n\t\t\tclass=\"so-widget-sow-image so-widget-sow-image-default-d6014b76747a-2074\"\n\t\t\t\n\t\t>\n\n<div class=\"sow-image-container\">\n\t\t<img src=\"https:\/\/oudpapiermichel.be\/wp-content\/uploads\/2016\/09\/nieuwecamion.jpg\" width=\"230\" height=\"137\" sizes=\"(max-width: 230px) 100vw, 230px\" title=\"Camions les plus r\u00e9cents \" alt=\"Nieuwste vrachtwagen - Oud Papier Jozef Michel\" loading=\"lazy\" \t\tclass=\"so-widget-image\"\/>\n\t<\/div>\n\n<h3 class=\"widget-title\"><span class=\"widget-title__inline\">Camions les plus r\u00e9cents <\/span><\/h3><\/div><\/div><div id=\"panel-2074-2-1-2\" class=\"so-panel widget widget_sow-image panel-last-child\" data-index=\"8\" ><div\n\t\t\t\n\t\t\tclass=\"so-widget-sow-image so-widget-sow-image-default-d6014b76747a-2074\"\n\t\t\t\n\t\t>\n\n<div class=\"sow-image-container\">\n\t\t<img src=\"https:\/\/oudpapiermichel.be\/wp-content\/uploads\/2016\/09\/523_vrachtwagen230small.jpg\" width=\"230\" height=\"154\" sizes=\"(max-width: 230px) 100vw, 230px\" title=\"Nouveau camion\" alt=\"\" loading=\"lazy\" \t\tclass=\"so-widget-image\"\/>\n\t<\/div>\n\n<h3 class=\"widget-title\"><span class=\"widget-title__inline\">Nouveau camion<\/span><\/h3><\/div><\/div><\/div><\/div><div id=\"pg-2074-3\"  class=\"panel-grid panel-no-style\" ><div id=\"pgc-2074-3-0\"  class=\"panel-grid-cell\" ><div id=\"panel-2074-3-0-0\" class=\"so-panel widget widget_sow-editor panel-first-child panel-last-child\" data-index=\"9\" ><div id=\"services\" class=\"panel-widget-style panel-widget-style-for-2074-3-0-0\" ><div\n\t\t\t\n\t\t\tclass=\"so-widget-sow-editor so-widget-sow-editor-base\"\n\t\t\t\n\t\t>\n<div class=\"siteorigin-widget-tinymce textwidget\">\n\t<h1>Un maillon indispensable dans la cha\u00eene du recyclage<\/h1>\n<h2>Ramassage r\u00e9gulier devant chez vous<\/h2>\n<p>Nous collectons vos vieux papiers, d\u00e8s qu\u2019ils quittent votre entreprise. Nous le faisons de la mani\u00e8re qui vous convient le mieux : un seul grand conteneur central ou une s\u00e9rie de petits conteneurs, tous les jours ou une fois par semaine\u2026 Comptez sur nous pour vous d\u00e9barrasser de vos montagnes de vieux papier. Nos parcs de camions et de conteneurs ultramodernes et notre organisation m\u00e9ticuleuse vous garantissent un service de qualit\u00e9.<\/p>\n<p>\u00a0<\/p>\n<h2>Transport, tri et recyclage en mati\u00e8re premi\u00e8re<\/h2>\n<p>Tout le papier collect\u00e9 est envoy\u00e9 \u00e0 Bruxelles ou \u00e0 Anvers pour y \u00eatre tri\u00e9, press\u00e9 et recycl\u00e9. Le produit final est, quant \u00e0 lui, destin\u00e9 \u00e0 nos clients aux quatre coins du monde. Votre entreprise contribue ainsi, elle aussi, \u00e0 pr\u00e9server notre environnement.<\/p>\n<\/div>\n<\/div><\/div><\/div><\/div><\/div><div id=\"pg-2074-4\"  class=\"panel-grid panel-no-style\" ><div id=\"pgc-2074-4-0\"  class=\"panel-grid-cell\" ><div id=\"panel-2074-4-0-0\" class=\"so-panel widget widget_pw_featured_page widget-featured-page panel-first-child panel-last-child\" data-index=\"10\" >\n\t<div class=\"page-box  page-box--block\">\n\t\t\t\t\t<a class=\"page-box__picture\" href=\"https:\/\/oudpapiermichel.be\/fr\/diensten\/ramassage\/\">\n\t\t\t\t<img src=\"https:\/\/oudpapiermichel.be\/wp-content\/uploads\/2016\/08\/containerspecial.jpg\" width=\"259\" height=\"137\" srcset=\"https:\/\/oudpapiermichel.be\/wp-content\/uploads\/2016\/08\/containerspecial.jpg 259w, https:\/\/oudpapiermichel.be\/wp-content\/uploads\/2016\/08\/containerspecial.jpg 259w\" sizes=\"(min-width: 992px) 360px, calc(100vw - 30px)\" class=\"wp-post-image\" alt=\"Ramassage\">\n\t\t\t\t\t\t\t<\/a>\n\t\t\t\t<div class=\"page-box__content\">\n\t\t\t<h4 class=\"page-box__title\"><a href=\"https:\/\/oudpapiermichel.be\/fr\/diensten\/ramassage\/\">Ramassage<\/a><\/h4>\n\t\t\t<p class=\"page-box__text\">Ramassage r\u00e9gulier devant chez vous\r\nNous collectons vos vieux papiers, d\u00e8s qu\u2019ils quittent votre entreprise. Nous le faisons de la mani\u00e8re &hellip;<\/p>\n\t\t\t\t\t<\/div>\n\t<\/div>\n\n<\/div><\/div><div id=\"pgc-2074-4-1\"  class=\"panel-grid-cell\" ><div id=\"panel-2074-4-1-0\" class=\"so-panel widget widget_pw_featured_page widget-featured-page panel-first-child panel-last-child\" data-index=\"11\" >\n\t<div class=\"page-box  page-box--block\">\n\t\t\t\t\t<a class=\"page-box__picture\" href=\"https:\/\/oudpapiermichel.be\/fr\/diensten\/transport\/\">\n\t\t\t\t<img src=\"https:\/\/oudpapiermichel.be\/wp-content\/uploads\/2016\/04\/trekker-oplegger-schuifgordijn-3-360x180.jpg\" width=\"360\" height=\"180\" srcset=\"https:\/\/oudpapiermichel.be\/wp-content\/uploads\/2016\/04\/trekker-oplegger-schuifgordijn-3-360x180.jpg 360w, https:\/\/oudpapiermichel.be\/wp-content\/uploads\/2016\/04\/trekker-oplegger-schuifgordijn-3.jpg 1600w\" sizes=\"(min-width: 992px) 360px, calc(100vw - 30px)\" class=\"wp-post-image\" alt=\"Transport\">\n\t\t\t\t\t\t\t<\/a>\n\t\t\t\t<div class=\"page-box__content\">\n\t\t\t<h4 class=\"page-box__title\"><a href=\"https:\/\/oudpapiermichel.be\/fr\/diensten\/transport\/\">Transport<\/a><\/h4>\n\t\t\t<p class=\"page-box__text\">Etappe 2 dans le proces:\r\nTransport\r\nNos parcs de camions et de conteneurs ultramodernes et notre organisation m\u00e9ticuleuse vous garantissent &hellip;<\/p>\n\t\t\t\t\t<\/div>\n\t<\/div>\n\n<\/div><\/div><div id=\"pgc-2074-4-2\"  class=\"panel-grid-cell\" ><div id=\"panel-2074-4-2-0\" class=\"so-panel widget widget_pw_featured_page widget-featured-page panel-first-child panel-last-child\" data-index=\"12\" >\n\t<div class=\"page-box  page-box--block\">\n\t\t\t\t\t<a class=\"page-box__picture\" href=\"https:\/\/oudpapiermichel.be\/fr\/diensten\/sortering\/\">\n\t\t\t\t<img src=\"https:\/\/oudpapiermichel.be\/wp-content\/uploads\/2016\/08\/container.jpg\" width=\"332\" height=\"142\" srcset=\"https:\/\/oudpapiermichel.be\/wp-content\/uploads\/2016\/08\/container.jpg 332w, https:\/\/oudpapiermichel.be\/wp-content\/uploads\/2016\/08\/container.jpg 332w\" sizes=\"(min-width: 992px) 360px, calc(100vw - 30px)\" class=\"wp-post-image\" alt=\"Triage\">\n\t\t\t\t\t\t\t<\/a>\n\t\t\t\t<div class=\"page-box__content\">\n\t\t\t<h4 class=\"page-box__title\"><a href=\"https:\/\/oudpapiermichel.be\/fr\/diensten\/sortering\/\">Triage<\/a><\/h4>\n\t\t\t<p class=\"page-box__text\">Etappe 3:\r\nTriage\r\nTout le papier collect\u00e9 est envoy\u00e9 \u00e0 Bruxelles ou \u00e0 Anvers pour y \u00eatre tri\u00e9.<\/p>\n\t\t\t\t\t<\/div>\n\t<\/div>\n\n<\/div><\/div><div id=\"pgc-2074-4-3\"  class=\"panel-grid-cell\" ><div id=\"panel-2074-4-3-0\" class=\"so-panel widget widget_pw_featured_page widget-featured-page panel-first-child panel-last-child\" data-index=\"13\" >\n\t<div class=\"page-box  page-box--block\">\n\t\t\t\t\t<a class=\"page-box__picture\" href=\"https:\/\/oudpapiermichel.be\/fr\/diensten\/verwerking\/\">\n\t\t\t\t<img src=\"https:\/\/oudpapiermichel.be\/wp-content\/uploads\/2016\/08\/karton-360x161.jpg\" width=\"360\" height=\"161\" srcset=\"https:\/\/oudpapiermichel.be\/wp-content\/uploads\/2016\/08\/karton-360x161.jpg 360w, https:\/\/oudpapiermichel.be\/wp-content\/uploads\/2016\/08\/karton.jpg 481w\" sizes=\"(min-width: 992px) 360px, calc(100vw - 30px)\" class=\"wp-post-image\" alt=\"Recyclage\">\n\t\t\t\t\t\t\t<\/a>\n\t\t\t\t<div class=\"page-box__content\">\n\t\t\t<h4 class=\"page-box__title\"><a href=\"https:\/\/oudpapiermichel.be\/fr\/diensten\/verwerking\/\">Recyclage<\/a><\/h4>\n\t\t\t<p class=\"page-box__text\">Etappe 4:\r\nTout le papier collect\u00e9 est envoy\u00e9 \u00e0 Bruxelles ou \u00e0 Anvers pour y \u00eatre tri\u00e9, press\u00e9 et recycl\u00e9. Le produit final est, quant &hellip;<\/p>\n\t\t\t\t\t<\/div>\n\t<\/div>\n\n<\/div><\/div><\/div><\/div>","protected":false},"excerpt":{"rendered":"<p>\u00a0 Oud Papier Jozef Michel recycle le papier depuis plus de cinquante ans d\u00e9j\u00e0. Notre entreprise familiale fait, depuis, figure d\u2019autorit\u00e9 en Belgique et dans le reste du monde. Une r\u00e9putation dont vous b\u00e9n\u00e9ficiez doublement, car nous vous garantissons tant des prix serr\u00e9s qu\u2019un service de haute qualit\u00e9. \u00a0 Le meilleur prix pour votre papier &hellip;<\/p>\n","protected":false},"author":1,"featured_media":0,"parent":0,"menu_order":0,"comment_status":"closed","ping_status":"closed","template":"","meta":[],"acf":[],"yoast_head":"<!-- This site is optimized with the Yoast SEO plugin v20.3 - https:\/\/yoast.com\/wordpress\/plugins\/seo\/ -->\n<title>Entreprise - Oud Papier Jozef Michel NV<\/title>\n<meta name=\"robots\" content=\"index, follow, max-snippet:-1, max-image-preview:large, max-video-preview:-1\" \/>\n<link rel=\"canonical\" href=\"https:\/\/oudpapiermichel.be\/fr\/entreprise\/\" \/>\n<meta property=\"og:locale\" content=\"fr_FR\" \/>\n<meta property=\"og:type\" content=\"article\" \/>\n<meta property=\"og:title\" content=\"Entreprise - Oud Papier Jozef Michel NV\" \/>\n<meta property=\"og:description\" content=\"\u00a0 Oud Papier Jozef Michel recycle le papier depuis plus de cinquante ans d\u00e9j\u00e0. Notre entreprise familiale fait, depuis, figure d\u2019autorit\u00e9 en Belgique et dans le reste du monde. Une r\u00e9putation dont vous b\u00e9n\u00e9ficiez doublement, car nous vous garantissons tant des prix serr\u00e9s qu\u2019un service de haute qualit\u00e9. \u00a0 Le meilleur prix pour votre papier &hellip;\" \/>\n<meta property=\"og:url\" content=\"https:\/\/oudpapiermichel.be\/fr\/entreprise\/\" \/>\n<meta property=\"og:site_name\" content=\"Oud Papier Jozef Michel NV\" \/>\n<meta property=\"article:modified_time\" content=\"2017-11-15T08:23:18+00:00\" \/>\n<meta property=\"og:image\" content=\"https:\/\/oudpapiermichel.be\/wp-content\/uploads\/2016\/09\/magazijn80.jpg\" \/>\n<meta name=\"twitter:card\" content=\"summary_large_image\" \/>\n<meta name=\"twitter:label1\" content=\"Dur\u00e9e de lecture estim\u00e9e\" \/>\n\t<meta name=\"twitter:data1\" content=\"3 minutes\" \/>\n<script type=\"application\/ld+json\" class=\"yoast-schema-graph\">{\"@context\":\"https:\/\/schema.org\",\"@graph\":[{\"@type\":\"WebPage\",\"@id\":\"https:\/\/oudpapiermichel.be\/fr\/entreprise\/\",\"url\":\"https:\/\/oudpapiermichel.be\/fr\/entreprise\/\",\"name\":\"Entreprise - Oud Papier Jozef Michel NV\",\"isPartOf\":{\"@id\":\"https:\/\/oudpapiermichel.be\/#website\"},\"datePublished\":\"2017-11-10T14:39:31+00:00\",\"dateModified\":\"2017-11-15T08:23:18+00:00\",\"breadcrumb\":{\"@id\":\"https:\/\/oudpapiermichel.be\/fr\/entreprise\/#breadcrumb\"},\"inLanguage\":\"fr-FR\",\"potentialAction\":[{\"@type\":\"ReadAction\",\"target\":[\"https:\/\/oudpapiermichel.be\/fr\/entreprise\/\"]}]},{\"@type\":\"BreadcrumbList\",\"@id\":\"https:\/\/oudpapiermichel.be\/fr\/entreprise\/#breadcrumb\",\"itemListElement\":[{\"@type\":\"ListItem\",\"position\":1,\"name\":\"Home\",\"item\":\"https:\/\/oudpapiermichel.be\/fr\/\"},{\"@type\":\"ListItem\",\"position\":2,\"name\":\"Entreprise\"}]},{\"@type\":\"WebSite\",\"@id\":\"https:\/\/oudpapiermichel.be\/#website\",\"url\":\"https:\/\/oudpapiermichel.be\/\",\"name\":\"Oud Papier Jozef Michel NV\",\"description\":\"Specialisten in oud papier\",\"potentialAction\":[{\"@type\":\"SearchAction\",\"target\":{\"@type\":\"EntryPoint\",\"urlTemplate\":\"https:\/\/oudpapiermichel.be\/?s={search_term_string}\"},\"query-input\":\"required name=search_term_string\"}],\"inLanguage\":\"fr-FR\"}]}<\/script>\n<!-- \/ Yoast SEO plugin. -->","yoast_head_json":{"title":"Entreprise - Oud Papier Jozef Michel NV","robots":{"index":"index","follow":"follow","max-snippet":"max-snippet:-1","max-image-preview":"max-image-preview:large","max-video-preview":"max-video-preview:-1"},"canonical":"https:\/\/oudpapiermichel.be\/fr\/entreprise\/","og_locale":"fr_FR","og_type":"article","og_title":"Entreprise - Oud Papier Jozef Michel NV","og_description":"\u00a0 Oud Papier Jozef Michel recycle le papier depuis plus de cinquante ans d\u00e9j\u00e0. Notre entreprise familiale fait, depuis, figure d\u2019autorit\u00e9 en Belgique et dans le reste du monde. Une r\u00e9putation dont vous b\u00e9n\u00e9ficiez doublement, car nous vous garantissons tant des prix serr\u00e9s qu\u2019un service de haute qualit\u00e9. \u00a0 Le meilleur prix pour votre papier &hellip;","og_url":"https:\/\/oudpapiermichel.be\/fr\/entreprise\/","og_site_name":"Oud Papier Jozef Michel NV","article_modified_time":"2017-11-15T08:23:18+00:00","og_image":[{"url":"https:\/\/oudpapiermichel.be\/wp-content\/uploads\/2016\/09\/magazijn80.jpg"}],"twitter_card":"summary_large_image","twitter_misc":{"Dur\u00e9e de lecture estim\u00e9e":"3 minutes"},"schema":{"@context":"https:\/\/schema.org","@graph":[{"@type":"WebPage","@id":"https:\/\/oudpapiermichel.be\/fr\/entreprise\/","url":"https:\/\/oudpapiermichel.be\/fr\/entreprise\/","name":"Entreprise - Oud Papier Jozef Michel NV","isPartOf":{"@id":"https:\/\/oudpapiermichel.be\/#website"},"datePublished":"2017-11-10T14:39:31+00:00","dateModified":"2017-11-15T08:23:18+00:00","breadcrumb":{"@id":"https:\/\/oudpapiermichel.be\/fr\/entreprise\/#breadcrumb"},"inLanguage":"fr-FR","potentialAction":[{"@type":"ReadAction","target":["https:\/\/oudpapiermichel.be\/fr\/entreprise\/"]}]},{"@type":"BreadcrumbList","@id":"https:\/\/oudpapiermichel.be\/fr\/entreprise\/#breadcrumb","itemListElement":[{"@type":"ListItem","position":1,"name":"Home","item":"https:\/\/oudpapiermichel.be\/fr\/"},{"@type":"ListItem","position":2,"name":"Entreprise"}]},{"@type":"WebSite","@id":"https:\/\/oudpapiermichel.be\/#website","url":"https:\/\/oudpapiermichel.be\/","name":"Oud Papier Jozef Michel NV","description":"Specialisten in oud papier","potentialAction":[{"@type":"SearchAction","target":{"@type":"EntryPoint","urlTemplate":"https:\/\/oudpapiermichel.be\/?s={search_term_string}"},"query-input":"required name=search_term_string"}],"inLanguage":"fr-FR"}]}},"_links":{"self":[{"href":"https:\/\/oudpapiermichel.be\/fr\/wp-json\/wp\/v2\/pages\/2074"}],"collection":[{"href":"https:\/\/oudpapiermichel.be\/fr\/wp-json\/wp\/v2\/pages"}],"about":[{"href":"https:\/\/oudpapiermichel.be\/fr\/wp-json\/wp\/v2\/types\/page"}],"author":[{"embeddable":true,"href":"https:\/\/oudpapiermichel.be\/fr\/wp-json\/wp\/v2\/users\/1"}],"replies":[{"embeddable":true,"href":"https:\/\/oudpapiermichel.be\/fr\/wp-json\/wp\/v2\/comments?post=2074"}],"version-history":[{"count":17,"href":"https:\/\/oudpapiermichel.be\/fr\/wp-json\/wp\/v2\/pages\/2074\/revisions"}],"predecessor-version":[{"id":2120,"href":"https:\/\/oudpapiermichel.be\/fr\/wp-json\/wp\/v2\/pages\/2074\/revisions\/2120"}],"wp:attachment":[{"href":"https:\/\/oudpapiermichel.be\/fr\/wp-json\/wp\/v2\/media?parent=2074"}],"curies":[{"name":"wp","href":"https:\/\/api.w.org\/{rel}","templated":true}]}}