{"id":931,"date":"2016-08-11T07:31:32","date_gmt":"2016-08-11T07:31:32","guid":{"rendered":"http:\/\/oudpapiermichel.be\/2016\/?page_id=931"},"modified":"2017-02-16T09:58:42","modified_gmt":"2017-02-16T07:58:42","slug":"wat-we-doen","status":"publish","type":"page","link":"https:\/\/oudpapiermichel.be\/fr\/wat-we-doen\/","title":{"rendered":"Que faisons-nous?"},"content":{"rendered":"<div id=\"pl-931\"  class=\"panel-layout\" ><div id=\"pg-931-0\"  class=\"panel-grid panel-no-style\" ><div id=\"pgc-931-0-0\"  class=\"panel-grid-cell\" ><div id=\"panel-931-0-0-0\" class=\"so-panel widget widget_sow-editor panel-first-child panel-last-child\" data-index=\"0\" ><div\n\t\t\t\n\t\t\tclass=\"so-widget-sow-editor so-widget-sow-editor-base\"\n\t\t\t\n\t\t>\n<div class=\"siteorigin-widget-tinymce textwidget\">\n\t<h1>Un maillon indispensable dans la cha\u00eene du recyclage<\/h1>\n<h2>Ramassage r\u00e9gulier devant chez vous<\/h2>\n<p>Nous collectons vos vieux papiers, d\u00e8s qu\u2019ils quittent votre entreprise. Nous le faisons de la mani\u00e8re qui vous convient le mieux : un seul grand conteneur central ou une s\u00e9rie de petits conteneurs, tous les jours ou une fois par semaine\u2026 Comptez sur nous pour vous d\u00e9barrasser de vos montagnes de vieux papier. Nos parcs de camions et de conteneurs ultramodernes et notre organisation m\u00e9ticuleuse vous garantissent un service de qualit\u00e9.<\/p>\n<p>\u00a0<\/p>\n<h2>Transport, tri et recyclage en mati\u00e8re premi\u00e8re<\/h2>\n<p>Tout le papier collect\u00e9 est envoy\u00e9 \u00e0 Bruxelles ou \u00e0 Anvers pour y \u00eatre tri\u00e9, press\u00e9 et recycl\u00e9. Le produit final est, quant \u00e0 lui, destin\u00e9 \u00e0 nos clients aux quatre coins du monde. Votre entreprise contribue ainsi, elle aussi, \u00e0 pr\u00e9server notre environnement.<\/p>\n<\/div>\n<\/div><\/div><\/div><\/div><div id=\"pg-931-1\"  class=\"panel-grid panel-no-style\" ><div id=\"pgc-931-1-0\"  class=\"panel-grid-cell\" ><div id=\"panel-931-1-0-0\" class=\"so-panel widget widget_pw_steps widget-steps panel-first-child\" data-index=\"1\" >\n\t\n\t<div class=\"steps\">\n\t\t\t\t\t<div class=\"step\">\n\t\t\t\t<div class=\"step__title\">\n\t\t\t\t\ttransport\t\t\t\t<\/div>\n\t\t\t\t<p class=\"step__content\">\n\t\t\t\t Transport de chez notre client \u00e0 1 de nos centres de traitement\t\t\t\t<\/p>\n\t\t\t\t<div class=\"step__number\">\n\t\t\t\t\t1\t\t\t\t<\/div>\n\t\t\t<\/div>\n\t\t\t\t\t<div class=\"step\">\n\t\t\t\t<div class=\"step__title\">\n\t\t\t\t\tConteneur\t\t\t\t<\/div>\n\t\t\t\t<p class=\"step__content\">\n\t\t\t\t La vidange d'un conteneur dans 1 des entrepots.\t\t\t\t<\/p>\n\t\t\t\t<div class=\"step__number\">\n\t\t\t\t\t2\t\t\t\t<\/div>\n\t\t\t<\/div>\n\t\t\t\t\t<div class=\"step\">\n\t\t\t\t<div class=\"step__title\">\n\t\t\t\t\tBande Transporteuse\t\t\t\t<\/div>\n\t\t\t\t<p class=\"step__content\">\n\t\t\t\t Le contenu d\u2019un conteneur est pouss\u00e9 sur une bande transporteuse.\t\t\t\t<\/p>\n\t\t\t\t<div class=\"step__number\">\n\t\t\t\t\t3\t\t\t\t<\/div>\n\t\t\t<\/div>\n\t\t\t<\/div>\n\n<\/div><div id=\"panel-931-1-0-1\" class=\"so-panel widget widget_pw_steps widget-steps panel-last-child\" data-index=\"2\" >\n\t\n\t<div class=\"steps\">\n\t\t\t\t\t<div class=\"step\">\n\t\t\t\t<div class=\"step__title\">\n\t\t\t\t\tPresse\t\t\t\t<\/div>\n\t\t\t\t<p class=\"step__content\">\n\t\t\t\t Une presse \u00e0 balles compacte le produit foisonn\u00e9 en balles.\t\t\t\t<\/p>\n\t\t\t\t<div class=\"step__number\">\n\t\t\t\t\t4\t\t\t\t<\/div>\n\t\t\t<\/div>\n\t\t\t\t\t<div class=\"step\">\n\t\t\t\t<div class=\"step__title\">\n\t\t\t\t\tPresse 2\t\t\t\t<\/div>\n\t\t\t\t<p class=\"step__content\">\n\t\t\t\t Notre produit final : balles de vieux papiers \/ carton \/ plastiques\t\t\t\t<\/p>\n\t\t\t\t<div class=\"step__number\">\n\t\t\t\t\t5\t\t\t\t<\/div>\n\t\t\t<\/div>\n\t\t\t<\/div>\n\n<\/div><\/div><\/div><\/div>","protected":false},"excerpt":{"rendered":"<p>Un maillon indispensable dans la cha\u00eene du recyclageRamassage r\u00e9gulier devant chez vousNous collectons vos vieux papiers, d\u00e8s qu\u2019ils quittent votre entreprise. Nous le faisons de la mani\u00e8re qui vous convient le mieux : un seul grand conteneur central ou une s\u00e9rie de petits conteneurs, tous les jours ou une fois par semaine\u2026 Comptez sur nous &hellip;<\/p>\n","protected":false},"author":1,"featured_media":892,"parent":0,"menu_order":0,"comment_status":"closed","ping_status":"closed","template":"","meta":[],"acf":[],"yoast_head":"<!-- This site is optimized with the Yoast SEO plugin v20.3 - https:\/\/yoast.com\/wordpress\/plugins\/seo\/ -->\n<title>Que faisons-nous? - Oud Papier Jozef Michel NV<\/title>\n<meta name=\"robots\" content=\"index, follow, max-snippet:-1, max-image-preview:large, max-video-preview:-1\" \/>\n<link rel=\"canonical\" href=\"https:\/\/oudpapiermichel.be\/fr\/wat-we-doen\/\" \/>\n<meta property=\"og:locale\" content=\"fr_FR\" \/>\n<meta property=\"og:type\" content=\"article\" \/>\n<meta property=\"og:title\" content=\"Que faisons-nous? - Oud Papier Jozef Michel NV\" \/>\n<meta property=\"og:description\" content=\"Un maillon indispensable dans la cha\u00eene du recyclageRamassage r\u00e9gulier devant chez vousNous collectons vos vieux papiers, d\u00e8s qu\u2019ils quittent votre entreprise. Nous le faisons de la mani\u00e8re qui vous convient le mieux : un seul grand conteneur central ou une s\u00e9rie de petits conteneurs, tous les jours ou une fois par semaine\u2026 Comptez sur nous &hellip;\" \/>\n<meta property=\"og:url\" content=\"https:\/\/oudpapiermichel.be\/fr\/wat-we-doen\/\" \/>\n<meta property=\"og:site_name\" content=\"Oud Papier Jozef Michel NV\" \/>\n<meta property=\"article:modified_time\" content=\"2017-02-16T07:58:42+00:00\" \/>\n<meta property=\"og:image\" content=\"https:\/\/oudpapiermichel.be\/wp-content\/uploads\/2016\/08\/papier-verwerking-1.jpg\" \/>\n\t<meta property=\"og:image:width\" content=\"2000\" \/>\n\t<meta property=\"og:image:height\" content=\"1047\" \/>\n\t<meta property=\"og:image:type\" content=\"image\/jpeg\" \/>\n<meta name=\"twitter:card\" content=\"summary_large_image\" \/>\n<meta name=\"twitter:label1\" content=\"Dur\u00e9e de lecture estim\u00e9e\" \/>\n\t<meta name=\"twitter:data1\" content=\"1 minute\" \/>\n<script type=\"application\/ld+json\" class=\"yoast-schema-graph\">{\"@context\":\"https:\/\/schema.org\",\"@graph\":[{\"@type\":\"WebPage\",\"@id\":\"https:\/\/oudpapiermichel.be\/fr\/wat-we-doen\/\",\"url\":\"https:\/\/oudpapiermichel.be\/fr\/wat-we-doen\/\",\"name\":\"Que faisons-nous? - Oud Papier Jozef Michel NV\",\"isPartOf\":{\"@id\":\"https:\/\/oudpapiermichel.be\/#website\"},\"datePublished\":\"2016-08-11T07:31:32+00:00\",\"dateModified\":\"2017-02-16T07:58:42+00:00\",\"breadcrumb\":{\"@id\":\"https:\/\/oudpapiermichel.be\/fr\/wat-we-doen\/#breadcrumb\"},\"inLanguage\":\"fr-FR\",\"potentialAction\":[{\"@type\":\"ReadAction\",\"target\":[\"https:\/\/oudpapiermichel.be\/fr\/wat-we-doen\/\"]}]},{\"@type\":\"BreadcrumbList\",\"@id\":\"https:\/\/oudpapiermichel.be\/fr\/wat-we-doen\/#breadcrumb\",\"itemListElement\":[{\"@type\":\"ListItem\",\"position\":1,\"name\":\"Home\",\"item\":\"https:\/\/oudpapiermichel.be\/fr\/\"},{\"@type\":\"ListItem\",\"position\":2,\"name\":\"Que faisons-nous?\"}]},{\"@type\":\"WebSite\",\"@id\":\"https:\/\/oudpapiermichel.be\/#website\",\"url\":\"https:\/\/oudpapiermichel.be\/\",\"name\":\"Oud Papier Jozef Michel NV\",\"description\":\"Specialisten in oud papier\",\"potentialAction\":[{\"@type\":\"SearchAction\",\"target\":{\"@type\":\"EntryPoint\",\"urlTemplate\":\"https:\/\/oudpapiermichel.be\/?s={search_term_string}\"},\"query-input\":\"required name=search_term_string\"}],\"inLanguage\":\"fr-FR\"}]}<\/script>\n<!-- \/ Yoast SEO plugin. -->","yoast_head_json":{"title":"Que faisons-nous? - Oud Papier Jozef Michel NV","robots":{"index":"index","follow":"follow","max-snippet":"max-snippet:-1","max-image-preview":"max-image-preview:large","max-video-preview":"max-video-preview:-1"},"canonical":"https:\/\/oudpapiermichel.be\/fr\/wat-we-doen\/","og_locale":"fr_FR","og_type":"article","og_title":"Que faisons-nous? - Oud Papier Jozef Michel NV","og_description":"Un maillon indispensable dans la cha\u00eene du recyclageRamassage r\u00e9gulier devant chez vousNous collectons vos vieux papiers, d\u00e8s qu\u2019ils quittent votre entreprise. Nous le faisons de la mani\u00e8re qui vous convient le mieux : un seul grand conteneur central ou une s\u00e9rie de petits conteneurs, tous les jours ou une fois par semaine\u2026 Comptez sur nous &hellip;","og_url":"https:\/\/oudpapiermichel.be\/fr\/wat-we-doen\/","og_site_name":"Oud Papier Jozef Michel NV","article_modified_time":"2017-02-16T07:58:42+00:00","og_image":[{"width":2000,"height":1047,"url":"https:\/\/oudpapiermichel.be\/wp-content\/uploads\/2016\/08\/papier-verwerking-1.jpg","type":"image\/jpeg"}],"twitter_card":"summary_large_image","twitter_misc":{"Dur\u00e9e de lecture estim\u00e9e":"1 minute"},"schema":{"@context":"https:\/\/schema.org","@graph":[{"@type":"WebPage","@id":"https:\/\/oudpapiermichel.be\/fr\/wat-we-doen\/","url":"https:\/\/oudpapiermichel.be\/fr\/wat-we-doen\/","name":"Que faisons-nous? - Oud Papier Jozef Michel NV","isPartOf":{"@id":"https:\/\/oudpapiermichel.be\/#website"},"datePublished":"2016-08-11T07:31:32+00:00","dateModified":"2017-02-16T07:58:42+00:00","breadcrumb":{"@id":"https:\/\/oudpapiermichel.be\/fr\/wat-we-doen\/#breadcrumb"},"inLanguage":"fr-FR","potentialAction":[{"@type":"ReadAction","target":["https:\/\/oudpapiermichel.be\/fr\/wat-we-doen\/"]}]},{"@type":"BreadcrumbList","@id":"https:\/\/oudpapiermichel.be\/fr\/wat-we-doen\/#breadcrumb","itemListElement":[{"@type":"ListItem","position":1,"name":"Home","item":"https:\/\/oudpapiermichel.be\/fr\/"},{"@type":"ListItem","position":2,"name":"Que faisons-nous?"}]},{"@type":"WebSite","@id":"https:\/\/oudpapiermichel.be\/#website","url":"https:\/\/oudpapiermichel.be\/","name":"Oud Papier Jozef Michel NV","description":"Specialisten in oud papier","potentialAction":[{"@type":"SearchAction","target":{"@type":"EntryPoint","urlTemplate":"https:\/\/oudpapiermichel.be\/?s={search_term_string}"},"query-input":"required name=search_term_string"}],"inLanguage":"fr-FR"}]}},"_links":{"self":[{"href":"https:\/\/oudpapiermichel.be\/fr\/wp-json\/wp\/v2\/pages\/931"}],"collection":[{"href":"https:\/\/oudpapiermichel.be\/fr\/wp-json\/wp\/v2\/pages"}],"about":[{"href":"https:\/\/oudpapiermichel.be\/fr\/wp-json\/wp\/v2\/types\/page"}],"author":[{"embeddable":true,"href":"https:\/\/oudpapiermichel.be\/fr\/wp-json\/wp\/v2\/users\/1"}],"replies":[{"embeddable":true,"href":"https:\/\/oudpapiermichel.be\/fr\/wp-json\/wp\/v2\/comments?post=931"}],"version-history":[{"count":16,"href":"https:\/\/oudpapiermichel.be\/fr\/wp-json\/wp\/v2\/pages\/931\/revisions"}],"predecessor-version":[{"id":1904,"href":"https:\/\/oudpapiermichel.be\/fr\/wp-json\/wp\/v2\/pages\/931\/revisions\/1904"}],"wp:featuredmedia":[{"embeddable":true,"href":"https:\/\/oudpapiermichel.be\/fr\/wp-json\/wp\/v2\/media\/892"}],"wp:attachment":[{"href":"https:\/\/oudpapiermichel.be\/fr\/wp-json\/wp\/v2\/media?parent=931"}],"curies":[{"name":"wp","href":"https:\/\/api.w.org\/{rel}","templated":true}]}}